{"id":1573,"date":"2018-12-17T22:20:35","date_gmt":"2018-12-17T21:20:35","guid":{"rendered":"http:\/\/B07855DB-359E-4D63-AD8C-98E4F49E0DD3"},"modified":"2019-12-10T11:49:43","modified_gmt":"2019-12-10T10:49:43","slug":"gdpr-clientes","status":"publish","type":"page","link":"https:\/\/gruposermicro.com\/en\/gdpr-clientes\/","title":{"rendered":"RGPD Clients"},"content":{"rendered":"<p><\/p>\n<h4>CONSENT IN FAVOR OF GRUPO SERMICRO AND ITS GROUP OF COMPANIES ON THE TRANSFER OF PERSONAL DATA:<\/h4>\n<p>For the purposes of the provisions of 25\/May\/2018 of the General Regulation on Data Protection (RGPD 2016\/679) and, depending on my need to contact the company SUMINISTROS, IMPORTACIONES Y MANTENIMIENTOS ELECTR\u00d3NICOS, S.A.U. (SERMICRO or SERMICRO GROUP):<\/p>\n<p>&nbsp;<\/p>\n<p><strong>&#8220;Clients&#8221;<\/strong>: in view of my possible commercial action with the company, in attention and with knowledge of the services that could be offered in the case of formalizing this professional relation, I authorize expressly to SERMICRO GROUP to the use and\/or cession to other companies members of its business group and to third parties the information contained in this form with reason of the benefit of services that are required.<\/p>\n<p>&nbsp;<\/p>\n<p>The cession of the data will be done in agreement and in the terms stipulated in General Regulation of Protection of Data of Personal Character and under the Policy of Privacy and Protection of Data of SERMICRO GROUP\u00a0\u00a0<a href=\"https:\/\/gruposermicro.com\/politica-de-privacidad-y-proteccion-de-datos\/\">https:\/\/gruposermicro.com\/politica-de-privacidad-y-proteccion-de-datos\/<\/a><\/p>\n<p>In no case will these data be used without my knowledge and authorization, keeping the appropriate security measures to ensure the confidentiality of them.<\/p>","protected":false},"excerpt":{"rendered":"<p>CONSENT IN FAVOR OF GRUPO SERMICRO AND ITS GROUP OF COMPANIES ON THE TRANSFER OF PERSONAL DATA: For the purposes of the provisions of 25\/May\/2018 of the General Regulation on Data Protection (RGPD 2016\/679) and, depending on my need to contact the company SUMINISTROS, IMPORTACIONES Y MANTENIMIENTOS ELECTR\u00d3NICOS, S.A.U. (SERMICRO or SERMICRO GROUP): &nbsp; &#8220;Clients&#8221;: [&hellip;]<\/p>\n","protected":false},"author":6,"featured_media":0,"parent":0,"menu_order":0,"comment_status":"closed","ping_status":"closed","template":"","meta":{"inline_featured_image":false,"footnotes":""},"categories":[],"class_list":["post-1573","page","type-page","status-publish","hentry"],"acf":[],"yoast_head":"<!-- This site is optimized with the Yoast SEO plugin v24.5 - https:\/\/yoast.com\/wordpress\/plugins\/seo\/ -->\n<title>RGPD Clients - Grupo Sermicro<\/title>\n<meta name=\"robots\" content=\"index, follow, max-snippet:-1, max-image-preview:large, max-video-preview:-1\" \/>\n<link rel=\"canonical\" href=\"https:\/\/gruposermicro.com\/pt\/gdpr-clientes\/\" \/>\n<meta property=\"og:locale\" content=\"en_US\" \/>\n<meta property=\"og:type\" content=\"article\" \/>\n<meta property=\"og:title\" content=\"[:es]RGPD Clientes[:en]RGPD Clients[:pt]RGPD Clientes[:] - Grupo Sermicro\" \/>\n<meta property=\"og:description\" content=\"CONSENT IN FAVOR OF GRUPO SERMICRO AND ITS GROUP OF COMPANIES ON THE TRANSFER OF PERSONAL DATA: For the purposes of the provisions of 25\/May\/2018 of the General Regulation on Data Protection (RGPD 2016\/679) and, depending on my need to contact the company SUMINISTROS, IMPORTACIONES Y MANTENIMIENTOS ELECTR\u00d3NICOS, S.A.U. (SERMICRO or SERMICRO GROUP): &nbsp; &#8220;Clients&#8221;: [&hellip;]\" \/>\n<meta property=\"og:url\" content=\"https:\/\/gruposermicro.com\/pt\/gdpr-clientes\/\" \/>\n<meta property=\"og:site_name\" content=\"Grupo Sermicro\" \/>\n<meta property=\"article:modified_time\" content=\"2019-12-10T10:49:43+00:00\" \/>\n<meta name=\"twitter:card\" content=\"summary_large_image\" \/>\n<meta name=\"twitter:label1\" content=\"Est. reading time\" \/>\n\t<meta name=\"twitter:data1\" content=\"3 minutes\" \/>\n<script type=\"application\/ld+json\" class=\"yoast-schema-graph\">{\"@context\":\"https:\/\/schema.org\",\"@graph\":[{\"@type\":\"WebPage\",\"@id\":\"https:\/\/gruposermicro.com\/pt\/gdpr-clientes\/\",\"url\":\"https:\/\/gruposermicro.com\/pt\/gdpr-clientes\/\",\"name\":\"[:es]RGPD Clientes[:en]RGPD Clients[:pt]RGPD Clientes[:] - Grupo Sermicro\",\"isPartOf\":{\"@id\":\"https:\/\/gruposermicro.com\/#website\"},\"datePublished\":\"2018-12-17T21:20:35+00:00\",\"dateModified\":\"2019-12-10T10:49:43+00:00\",\"breadcrumb\":{\"@id\":\"https:\/\/gruposermicro.com\/pt\/gdpr-clientes\/#breadcrumb\"},\"inLanguage\":\"en-US\",\"potentialAction\":[{\"@type\":\"ReadAction\",\"target\":[\"https:\/\/gruposermicro.com\/pt\/gdpr-clientes\/\"]}]},{\"@type\":\"BreadcrumbList\",\"@id\":\"https:\/\/gruposermicro.com\/pt\/gdpr-clientes\/#breadcrumb\",\"itemListElement\":[{\"@type\":\"ListItem\",\"position\":1,\"name\":\"Home\",\"item\":\"https:\/\/gruposermicro.com\/\"},{\"@type\":\"ListItem\",\"position\":2,\"name\":\"RGPD Clientes\"}]},{\"@type\":\"WebSite\",\"@id\":\"https:\/\/gruposermicro.com\/#website\",\"url\":\"https:\/\/gruposermicro.com\/\",\"name\":\"Grupo Sermicro\",\"description\":\"El Grupo Sermicro es una empresa integradora de referencia en Soluciones y Servicios en el \u00e1mbito de las Tecnolog\u00edas de la Informaci\u00f3n y las Comunicaciones (TIC)\",\"publisher\":{\"@id\":\"https:\/\/gruposermicro.com\/#organization\"},\"potentialAction\":[{\"@type\":\"SearchAction\",\"target\":{\"@type\":\"EntryPoint\",\"urlTemplate\":\"https:\/\/gruposermicro.com\/?s={search_term_string}\"},\"query-input\":{\"@type\":\"PropertyValueSpecification\",\"valueRequired\":true,\"valueName\":\"search_term_string\"}}],\"inLanguage\":\"en-US\"},{\"@type\":\"Organization\",\"@id\":\"https:\/\/gruposermicro.com\/#organization\",\"name\":\"Grupo Sermicro\",\"url\":\"https:\/\/gruposermicro.com\/\",\"logo\":{\"@type\":\"ImageObject\",\"inLanguage\":\"en-US\",\"@id\":\"https:\/\/gruposermicro.com\/#\/schema\/logo\/image\/\",\"url\":\"https:\/\/gruposermicro.com\/wp-content\/uploads\/2018\/05\/LogoGrupoSermicro.png\",\"contentUrl\":\"https:\/\/gruposermicro.com\/wp-content\/uploads\/2018\/05\/LogoGrupoSermicro.png\",\"width\":450,\"height\":154,\"caption\":\"Grupo Sermicro\"},\"image\":{\"@id\":\"https:\/\/gruposermicro.com\/#\/schema\/logo\/image\/\"},\"sameAs\":[\"https:\/\/www.linkedin.com\/company\/sermicro\/\"]}]}<\/script>\n<!-- \/ Yoast SEO plugin. -->","yoast_head_json":{"title":"[:es]RGPD Clientes[:en]RGPD Clients[:pt]RGPD Clientes[:] - Grupo Sermicro","robots":{"index":"index","follow":"follow","max-snippet":"max-snippet:-1","max-image-preview":"max-image-preview:large","max-video-preview":"max-video-preview:-1"},"canonical":"https:\/\/gruposermicro.com\/pt\/gdpr-clientes\/","og_locale":"en_US","og_type":"article","og_title":"[:es]RGPD Clientes[:en]RGPD Clients[:pt]RGPD Clientes[:] - Grupo Sermicro","og_description":"CONSENT IN FAVOR OF GRUPO SERMICRO AND ITS GROUP OF COMPANIES ON THE TRANSFER OF PERSONAL DATA: For the purposes of the provisions of 25\/May\/2018 of the General Regulation on Data Protection (RGPD 2016\/679) and, depending on my need to contact the company SUMINISTROS, IMPORTACIONES Y MANTENIMIENTOS ELECTR\u00d3NICOS, S.A.U. (SERMICRO or SERMICRO GROUP): &nbsp; &#8220;Clients&#8221;: [&hellip;]","og_url":"https:\/\/gruposermicro.com\/pt\/gdpr-clientes\/","og_site_name":"Grupo Sermicro","article_modified_time":"2019-12-10T10:49:43+00:00","twitter_card":"summary_large_image","twitter_misc":{"Est. reading time":"3 minutes"},"schema":{"@context":"https:\/\/schema.org","@graph":[{"@type":"WebPage","@id":"https:\/\/gruposermicro.com\/pt\/gdpr-clientes\/","url":"https:\/\/gruposermicro.com\/pt\/gdpr-clientes\/","name":"[:es]RGPD Clientes[:en]RGPD Clients[:pt]RGPD Clientes[:] - Grupo Sermicro","isPartOf":{"@id":"https:\/\/gruposermicro.com\/#website"},"datePublished":"2018-12-17T21:20:35+00:00","dateModified":"2019-12-10T10:49:43+00:00","breadcrumb":{"@id":"https:\/\/gruposermicro.com\/pt\/gdpr-clientes\/#breadcrumb"},"inLanguage":"en-US","potentialAction":[{"@type":"ReadAction","target":["https:\/\/gruposermicro.com\/pt\/gdpr-clientes\/"]}]},{"@type":"BreadcrumbList","@id":"https:\/\/gruposermicro.com\/pt\/gdpr-clientes\/#breadcrumb","itemListElement":[{"@type":"ListItem","position":1,"name":"Home","item":"https:\/\/gruposermicro.com\/"},{"@type":"ListItem","position":2,"name":"RGPD Clientes"}]},{"@type":"WebSite","@id":"https:\/\/gruposermicro.com\/#website","url":"https:\/\/gruposermicro.com\/","name":"Grupo Sermicro","description":"El Grupo Sermicro es una empresa integradora de referencia en Soluciones y Servicios en el \u00e1mbito de las Tecnolog\u00edas de la Informaci\u00f3n y las Comunicaciones (TIC)","publisher":{"@id":"https:\/\/gruposermicro.com\/#organization"},"potentialAction":[{"@type":"SearchAction","target":{"@type":"EntryPoint","urlTemplate":"https:\/\/gruposermicro.com\/?s={search_term_string}"},"query-input":{"@type":"PropertyValueSpecification","valueRequired":true,"valueName":"search_term_string"}}],"inLanguage":"en-US"},{"@type":"Organization","@id":"https:\/\/gruposermicro.com\/#organization","name":"Grupo Sermicro","url":"https:\/\/gruposermicro.com\/","logo":{"@type":"ImageObject","inLanguage":"en-US","@id":"https:\/\/gruposermicro.com\/#\/schema\/logo\/image\/","url":"https:\/\/gruposermicro.com\/wp-content\/uploads\/2018\/05\/LogoGrupoSermicro.png","contentUrl":"https:\/\/gruposermicro.com\/wp-content\/uploads\/2018\/05\/LogoGrupoSermicro.png","width":450,"height":154,"caption":"Grupo Sermicro"},"image":{"@id":"https:\/\/gruposermicro.com\/#\/schema\/logo\/image\/"},"sameAs":["https:\/\/www.linkedin.com\/company\/sermicro\/"]}]}},"_links":{"self":[{"href":"https:\/\/gruposermicro.com\/en\/wp-json\/wp\/v2\/pages\/1573","targetHints":{"allow":["GET"]}}],"collection":[{"href":"https:\/\/gruposermicro.com\/en\/wp-json\/wp\/v2\/pages"}],"about":[{"href":"https:\/\/gruposermicro.com\/en\/wp-json\/wp\/v2\/types\/page"}],"author":[{"embeddable":true,"href":"https:\/\/gruposermicro.com\/en\/wp-json\/wp\/v2\/users\/6"}],"replies":[{"embeddable":true,"href":"https:\/\/gruposermicro.com\/en\/wp-json\/wp\/v2\/comments?post=1573"}],"version-history":[{"count":5,"href":"https:\/\/gruposermicro.com\/en\/wp-json\/wp\/v2\/pages\/1573\/revisions"}],"predecessor-version":[{"id":2380,"href":"https:\/\/gruposermicro.com\/en\/wp-json\/wp\/v2\/pages\/1573\/revisions\/2380"}],"wp:attachment":[{"href":"https:\/\/gruposermicro.com\/en\/wp-json\/wp\/v2\/media?parent=1573"}],"wp:term":[{"taxonomy":"category","embeddable":true,"href":"https:\/\/gruposermicro.com\/en\/wp-json\/wp\/v2\/categories?post=1573"}],"curies":[{"name":"wp","href":"https:\/\/api.w.org\/{rel}","templated":true}]}}