{"id":2000,"date":"2019-05-23T16:57:28","date_gmt":"2019-05-23T14:57:28","guid":{"rendered":"https:\/\/B3ED98E6-CEFF-4453-9E33-4481410C32F6"},"modified":"2019-05-23T17:02:54","modified_gmt":"2019-05-23T15:02:54","slug":"gdpr-candidatos","status":"publish","type":"page","link":"https:\/\/gruposermicro.com\/en\/gdpr-candidatos\/","title":{"rendered":"RGPD Candidatos"},"content":{"rendered":"<h4>CONSENTIMIENTO A FAVOR DE GRUPO SERMICRO Y SU GRUPO DE EMPRESAS SOBRE LA CESI\u00d3N DE DATOS DE CAR\u00c1CTER PERSONAL:<\/h4>\n<p>A los efectos de lo establecido 25\/Mayo\/2018 de Reglamento General de Protecci\u00f3n de Datos (RGPD 2016\/679) y, en funci\u00f3n de mi necesidad de contacto con la empresa SUMINISTROS, IMPORTACIONES Y MANTENIMIENTOS ELECTR\u00d3NICOS, S.A.U. (SERMICRO o GRUPO SERMICRO):<\/p>\n<p>&nbsp;<\/p>\n<p><strong>\u201cCandidatos\u201d:<\/strong> de cara a mi posible incorporaci\u00f3n a la empresa, en atenci\u00f3n y con conocimiento de las funciones que pudieran serme asignadas en el caso de formalizarse dicha relaci\u00f3n laboral, autorizo expresamente a GRUPO SERMICRO a ceder a otras sociedades integrantes de su grupo empresarial y a terceros la informaci\u00f3n contenida en mi Curr\u00edculum Vitae con motivo de la participaci\u00f3n de GRUPO SERMICRO y otras sociedades integrantes de su grupo empresarial en concursos con organismos y administraciones p\u00fablicas y en ofertas de contratos de prestaci\u00f3n de servicios con empresas privadas.<\/p>\n<p>&nbsp;<\/p>\n<p>La cesi\u00f3n de los datos se har\u00e1 de acuerdo y en los t\u00e9rminos estipulados en Reglamento General de Protecci\u00f3n de Datos de Car\u00e1cter Personal y bajo la Pol\u00edtica de Privacidad y Protecci\u00f3n de Datos de GRUPO SERMICRO <a href=\"https:\/\/gruposermicro.com\/politica-de-privacidad-y-proteccion-de-datos\/\">https:\/\/gruposermicro.com\/politica-de-privacidad-y-proteccion-de-datos\/<\/a><\/p>\n<p>En ning\u00fan caso estos datos ser\u00e1n utilizados sin mi conocimiento y autorizaci\u00f3n, guard\u00e1ndose las debidas medidas de seguridad que garanticen la confidencialidad de los mismos.<\/p>\n","protected":false},"excerpt":{"rendered":"<p>CONSENTIMIENTO A FAVOR DE GRUPO SERMICRO Y SU GRUPO DE EMPRESAS SOBRE LA CESI\u00d3N DE DATOS DE CAR\u00c1CTER PERSONAL: A los efectos de lo establecido 25\/Mayo\/2018 de Reglamento General de Protecci\u00f3n de Datos (RGPD 2016\/679) y, en funci\u00f3n de mi necesidad de contacto con la empresa SUMINISTROS, IMPORTACIONES Y MANTENIMIENTOS ELECTR\u00d3NICOS, S.A.U. (SERMICRO o GRUPO [&hellip;]<\/p>\n","protected":false},"author":6,"featured_media":0,"parent":0,"menu_order":0,"comment_status":"closed","ping_status":"closed","template":"","meta":{"inline_featured_image":false,"footnotes":""},"categories":[],"class_list":["post-2000","page","type-page","status-publish","hentry"],"acf":[],"yoast_head":"<!-- This site is optimized with the Yoast SEO plugin v24.5 - https:\/\/yoast.com\/wordpress\/plugins\/seo\/ -->\n<title>RGPD Candidatos - Grupo Sermicro<\/title>\n<meta name=\"robots\" content=\"index, follow, max-snippet:-1, max-image-preview:large, max-video-preview:-1\" \/>\n<link rel=\"canonical\" href=\"https:\/\/gruposermicro.com\/pt\/gdpr-candidatos\/\" \/>\n<meta property=\"og:locale\" content=\"en_US\" \/>\n<meta property=\"og:type\" content=\"article\" \/>\n<meta property=\"og:title\" content=\"RGPD Candidatos - Grupo Sermicro\" \/>\n<meta property=\"og:description\" content=\"CONSENTIMIENTO A FAVOR DE GRUPO SERMICRO Y SU GRUPO DE EMPRESAS SOBRE LA CESI\u00d3N DE DATOS DE CAR\u00c1CTER PERSONAL: A los efectos de lo establecido 25\/Mayo\/2018 de Reglamento General de Protecci\u00f3n de Datos (RGPD 2016\/679) y, en funci\u00f3n de mi necesidad de contacto con la empresa SUMINISTROS, IMPORTACIONES Y MANTENIMIENTOS ELECTR\u00d3NICOS, S.A.U. (SERMICRO o GRUPO [&hellip;]\" \/>\n<meta property=\"og:url\" content=\"https:\/\/gruposermicro.com\/pt\/gdpr-candidatos\/\" \/>\n<meta property=\"og:site_name\" content=\"Grupo Sermicro\" \/>\n<meta property=\"article:modified_time\" content=\"2019-05-23T15:02:54+00:00\" \/>\n<meta name=\"twitter:card\" content=\"summary_large_image\" \/>\n<meta name=\"twitter:label1\" content=\"Est. reading time\" \/>\n\t<meta name=\"twitter:data1\" content=\"1 minute\" \/>\n<script type=\"application\/ld+json\" class=\"yoast-schema-graph\">{\"@context\":\"https:\/\/schema.org\",\"@graph\":[{\"@type\":\"WebPage\",\"@id\":\"https:\/\/gruposermicro.com\/pt\/gdpr-candidatos\/\",\"url\":\"https:\/\/gruposermicro.com\/pt\/gdpr-candidatos\/\",\"name\":\"RGPD Candidatos - Grupo Sermicro\",\"isPartOf\":{\"@id\":\"https:\/\/gruposermicro.com\/#website\"},\"datePublished\":\"2019-05-23T14:57:28+00:00\",\"dateModified\":\"2019-05-23T15:02:54+00:00\",\"breadcrumb\":{\"@id\":\"https:\/\/gruposermicro.com\/pt\/gdpr-candidatos\/#breadcrumb\"},\"inLanguage\":\"en-US\",\"potentialAction\":[{\"@type\":\"ReadAction\",\"target\":[\"https:\/\/gruposermicro.com\/pt\/gdpr-candidatos\/\"]}]},{\"@type\":\"BreadcrumbList\",\"@id\":\"https:\/\/gruposermicro.com\/pt\/gdpr-candidatos\/#breadcrumb\",\"itemListElement\":[{\"@type\":\"ListItem\",\"position\":1,\"name\":\"Home\",\"item\":\"https:\/\/gruposermicro.com\/\"},{\"@type\":\"ListItem\",\"position\":2,\"name\":\"RGPD Candidatos\"}]},{\"@type\":\"WebSite\",\"@id\":\"https:\/\/gruposermicro.com\/#website\",\"url\":\"https:\/\/gruposermicro.com\/\",\"name\":\"Grupo Sermicro\",\"description\":\"El Grupo Sermicro es una empresa integradora de referencia en Soluciones y Servicios en el \u00e1mbito de las Tecnolog\u00edas de la Informaci\u00f3n y las Comunicaciones (TIC)\",\"publisher\":{\"@id\":\"https:\/\/gruposermicro.com\/#organization\"},\"potentialAction\":[{\"@type\":\"SearchAction\",\"target\":{\"@type\":\"EntryPoint\",\"urlTemplate\":\"https:\/\/gruposermicro.com\/?s={search_term_string}\"},\"query-input\":{\"@type\":\"PropertyValueSpecification\",\"valueRequired\":true,\"valueName\":\"search_term_string\"}}],\"inLanguage\":\"en-US\"},{\"@type\":\"Organization\",\"@id\":\"https:\/\/gruposermicro.com\/#organization\",\"name\":\"Grupo Sermicro\",\"url\":\"https:\/\/gruposermicro.com\/\",\"logo\":{\"@type\":\"ImageObject\",\"inLanguage\":\"en-US\",\"@id\":\"https:\/\/gruposermicro.com\/#\/schema\/logo\/image\/\",\"url\":\"https:\/\/gruposermicro.com\/wp-content\/uploads\/2018\/05\/LogoGrupoSermicro.png\",\"contentUrl\":\"https:\/\/gruposermicro.com\/wp-content\/uploads\/2018\/05\/LogoGrupoSermicro.png\",\"width\":450,\"height\":154,\"caption\":\"Grupo Sermicro\"},\"image\":{\"@id\":\"https:\/\/gruposermicro.com\/#\/schema\/logo\/image\/\"},\"sameAs\":[\"https:\/\/www.linkedin.com\/company\/sermicro\/\"]}]}<\/script>\n<!-- \/ Yoast SEO plugin. -->","yoast_head_json":{"title":"RGPD Candidatos - Grupo Sermicro","robots":{"index":"index","follow":"follow","max-snippet":"max-snippet:-1","max-image-preview":"max-image-preview:large","max-video-preview":"max-video-preview:-1"},"canonical":"https:\/\/gruposermicro.com\/pt\/gdpr-candidatos\/","og_locale":"en_US","og_type":"article","og_title":"RGPD Candidatos - Grupo Sermicro","og_description":"CONSENTIMIENTO A FAVOR DE GRUPO SERMICRO Y SU GRUPO DE EMPRESAS SOBRE LA CESI\u00d3N DE DATOS DE CAR\u00c1CTER PERSONAL: A los efectos de lo establecido 25\/Mayo\/2018 de Reglamento General de Protecci\u00f3n de Datos (RGPD 2016\/679) y, en funci\u00f3n de mi necesidad de contacto con la empresa SUMINISTROS, IMPORTACIONES Y MANTENIMIENTOS ELECTR\u00d3NICOS, S.A.U. (SERMICRO o GRUPO [&hellip;]","og_url":"https:\/\/gruposermicro.com\/pt\/gdpr-candidatos\/","og_site_name":"Grupo Sermicro","article_modified_time":"2019-05-23T15:02:54+00:00","twitter_card":"summary_large_image","twitter_misc":{"Est. reading time":"1 minute"},"schema":{"@context":"https:\/\/schema.org","@graph":[{"@type":"WebPage","@id":"https:\/\/gruposermicro.com\/pt\/gdpr-candidatos\/","url":"https:\/\/gruposermicro.com\/pt\/gdpr-candidatos\/","name":"RGPD Candidatos - Grupo Sermicro","isPartOf":{"@id":"https:\/\/gruposermicro.com\/#website"},"datePublished":"2019-05-23T14:57:28+00:00","dateModified":"2019-05-23T15:02:54+00:00","breadcrumb":{"@id":"https:\/\/gruposermicro.com\/pt\/gdpr-candidatos\/#breadcrumb"},"inLanguage":"en-US","potentialAction":[{"@type":"ReadAction","target":["https:\/\/gruposermicro.com\/pt\/gdpr-candidatos\/"]}]},{"@type":"BreadcrumbList","@id":"https:\/\/gruposermicro.com\/pt\/gdpr-candidatos\/#breadcrumb","itemListElement":[{"@type":"ListItem","position":1,"name":"Home","item":"https:\/\/gruposermicro.com\/"},{"@type":"ListItem","position":2,"name":"RGPD Candidatos"}]},{"@type":"WebSite","@id":"https:\/\/gruposermicro.com\/#website","url":"https:\/\/gruposermicro.com\/","name":"Grupo Sermicro","description":"El Grupo Sermicro es una empresa integradora de referencia en Soluciones y Servicios en el \u00e1mbito de las Tecnolog\u00edas de la Informaci\u00f3n y las Comunicaciones (TIC)","publisher":{"@id":"https:\/\/gruposermicro.com\/#organization"},"potentialAction":[{"@type":"SearchAction","target":{"@type":"EntryPoint","urlTemplate":"https:\/\/gruposermicro.com\/?s={search_term_string}"},"query-input":{"@type":"PropertyValueSpecification","valueRequired":true,"valueName":"search_term_string"}}],"inLanguage":"en-US"},{"@type":"Organization","@id":"https:\/\/gruposermicro.com\/#organization","name":"Grupo Sermicro","url":"https:\/\/gruposermicro.com\/","logo":{"@type":"ImageObject","inLanguage":"en-US","@id":"https:\/\/gruposermicro.com\/#\/schema\/logo\/image\/","url":"https:\/\/gruposermicro.com\/wp-content\/uploads\/2018\/05\/LogoGrupoSermicro.png","contentUrl":"https:\/\/gruposermicro.com\/wp-content\/uploads\/2018\/05\/LogoGrupoSermicro.png","width":450,"height":154,"caption":"Grupo Sermicro"},"image":{"@id":"https:\/\/gruposermicro.com\/#\/schema\/logo\/image\/"},"sameAs":["https:\/\/www.linkedin.com\/company\/sermicro\/"]}]}},"_links":{"self":[{"href":"https:\/\/gruposermicro.com\/en\/wp-json\/wp\/v2\/pages\/2000","targetHints":{"allow":["GET"]}}],"collection":[{"href":"https:\/\/gruposermicro.com\/en\/wp-json\/wp\/v2\/pages"}],"about":[{"href":"https:\/\/gruposermicro.com\/en\/wp-json\/wp\/v2\/types\/page"}],"author":[{"embeddable":true,"href":"https:\/\/gruposermicro.com\/en\/wp-json\/wp\/v2\/users\/6"}],"replies":[{"embeddable":true,"href":"https:\/\/gruposermicro.com\/en\/wp-json\/wp\/v2\/comments?post=2000"}],"version-history":[{"count":3,"href":"https:\/\/gruposermicro.com\/en\/wp-json\/wp\/v2\/pages\/2000\/revisions"}],"predecessor-version":[{"id":2003,"href":"https:\/\/gruposermicro.com\/en\/wp-json\/wp\/v2\/pages\/2000\/revisions\/2003"}],"wp:attachment":[{"href":"https:\/\/gruposermicro.com\/en\/wp-json\/wp\/v2\/media?parent=2000"}],"wp:term":[{"taxonomy":"category","embeddable":true,"href":"https:\/\/gruposermicro.com\/en\/wp-json\/wp\/v2\/categories?post=2000"}],"curies":[{"name":"wp","href":"https:\/\/api.w.org\/{rel}","templated":true}]}}