{"id":4439,"date":"2025-12-10T14:29:03","date_gmt":"2025-12-10T13:29:03","guid":{"rendered":"https:\/\/A4743671-43F7-4C1A-BE3A-87A791E1C1B4"},"modified":"2025-12-10T14:46:47","modified_gmt":"2025-12-10T13:46:47","slug":"canal-denuncias","status":"publish","type":"page","link":"https:\/\/gruposermicro.com\/en\/canal-denuncias\/","title":{"rendered":"Whistleblowing Channel"},"content":{"rendered":"<p><\/p>\n<p>Anyone who is aware of or suspects any violation, illegal action, inappropriate behavior, etc., can use, in addition to reporting to the Corporate Compliance Officer, the following available channels:<\/p>\n<div><strong>Digital platform:<\/strong> <a href=\"https:\/\/cobrais.integrityline.com\" target=\"_blank\">https:\/\/cobrais.integrityline.com<\/a><\/div>\n<p><strong>Telephone line:<\/strong> +34 910 477 636 (Ext 9756)<\/p>\n<p>Postal mail addressed to the Corporate Compliance Officer, Calle Pradillo, 48-50; 28002, Madrid (Spain). <\/p>\n<p>These channels serve as a way to report any violation of legislation and\/or internal regulations that may arise during the organization&#8217;s activities, ensuring at all times the confidentiality of the matter and the absence of retaliation for submitting a report.<\/p>\n<div>For addressing any compliance-related questions or concerns, the following email is available: <a href=\"mailto:gestion.compliance@sermicro.com\">gestion.compliance@sermicro.com<\/a><\/div>\n<hr \/>\n<p><small>All individuals who, in good faith, submit their communications will be protected against any type of discrimination, retaliation, or penalty as a result of them. False or defamatory reports will be subject to disciplinary action in accordance with internal procedures, agreements, and applicable legal regulations. The confidentiality of the whistleblower&#8217;s identity will be guaranteed. The whistleblower&#8217;s identity will not be disclosed to third parties, nor to the reported person, nor to senior management, except when its disclosure is necessary to the relevant persons involved in any subsequent investigation or legal proceedings initiated as a consequence of the investigation carried out by the Regulatory Compliance Management System. In accordance with the applicable Personal Data Protection regulations, it is hereby informed that the data collected through this Ethics Channel will be processed by COBRA GESTI\u00d3N DE INFRAESTRUCTURAS, S.A.U. and its subsidiaries, for the purpose of handling the corresponding reports and inquiries, in accordance with the Corporate Compliance Program and internal regulations. The legal basis for this processing is the consent of the data subject when voluntarily submitting the information. The data will be retained for the duration of the investigation and until deletion is requested, and in any case, in compliance with the applicable statutory limitation periods. The information received may be transferred to the corresponding companies if necessary for the purpose of the investigation. You may consult the companies of the COBRA Group in any official information registry. Likewise, it is also informed that, in any case, the data subject may exercise their rights of access, rectification, erasure, portability, restriction, or objection at any time by contacting the email address dpd@grupocobra.com or by writing to the address Calle Cardenal Marcelo Sp\u00ednola, 10, 28016, Madrid (Spain).<\/small><\/p>","protected":false},"excerpt":{"rendered":"<p>Anyone who is aware of or suspects any violation, illegal action, inappropriate behavior, etc., can use, in addition to reporting to the Corporate Compliance Officer, the following available channels: Digital platform: https:\/\/cobrais.integrityline.com Telephone line: +34 910 477 636 (Ext 9756) Postal mail addressed to the Corporate Compliance Officer, Calle Pradillo, 48-50; 28002, Madrid (Spain). These [&hellip;]<\/p>\n","protected":false},"author":6,"featured_media":0,"parent":0,"menu_order":0,"comment_status":"closed","ping_status":"closed","template":"","meta":{"inline_featured_image":false,"footnotes":""},"categories":[],"class_list":["post-4439","page","type-page","status-publish","hentry"],"acf":[],"yoast_head":"<!-- This site is optimized with the Yoast SEO plugin v24.5 - https:\/\/yoast.com\/wordpress\/plugins\/seo\/ -->\n<title>Whistleblowing Channel - Grupo Sermicro<\/title>\n<meta name=\"robots\" content=\"index, follow, max-snippet:-1, max-image-preview:large, max-video-preview:-1\" \/>\n<link rel=\"canonical\" href=\"https:\/\/gruposermicro.com\/canal-denuncias\/\" \/>\n<meta property=\"og:locale\" content=\"en_US\" \/>\n<meta property=\"og:type\" content=\"article\" \/>\n<meta property=\"og:title\" content=\"[:es]Canal Denuncias[:en]Whistleblowing Channel[:pt]Canal de Den\u00fancias[:] - Grupo Sermicro\" \/>\n<meta property=\"og:description\" content=\"Anyone who is aware of or suspects any violation, illegal action, inappropriate behavior, etc., can use, in addition to reporting to the Corporate Compliance Officer, the following available channels: Digital platform: https:\/\/cobrais.integrityline.com Telephone line: +34 910 477 636 (Ext 9756) Postal mail addressed to the Corporate Compliance Officer, Calle Pradillo, 48-50; 28002, Madrid (Spain). These [&hellip;]\" \/>\n<meta property=\"og:url\" content=\"https:\/\/gruposermicro.com\/canal-denuncias\/\" \/>\n<meta property=\"og:site_name\" content=\"Grupo Sermicro\" \/>\n<meta property=\"article:modified_time\" content=\"2025-12-10T13:46:47+00:00\" \/>\n<meta name=\"twitter:card\" content=\"summary_large_image\" \/>\n<meta name=\"twitter:label1\" content=\"Est. reading time\" \/>\n\t<meta name=\"twitter:data1\" content=\"7 minutes\" \/>\n<script type=\"application\/ld+json\" class=\"yoast-schema-graph\">{\"@context\":\"https:\/\/schema.org\",\"@graph\":[{\"@type\":\"WebPage\",\"@id\":\"https:\/\/gruposermicro.com\/canal-denuncias\/\",\"url\":\"https:\/\/gruposermicro.com\/canal-denuncias\/\",\"name\":\"[:es]Canal Denuncias[:en]Whistleblowing Channel[:pt]Canal de Den\u00fancias[:] - Grupo Sermicro\",\"isPartOf\":{\"@id\":\"https:\/\/gruposermicro.com\/#website\"},\"datePublished\":\"2025-12-10T13:29:03+00:00\",\"dateModified\":\"2025-12-10T13:46:47+00:00\",\"breadcrumb\":{\"@id\":\"https:\/\/gruposermicro.com\/canal-denuncias\/#breadcrumb\"},\"inLanguage\":\"en-US\",\"potentialAction\":[{\"@type\":\"ReadAction\",\"target\":[\"https:\/\/gruposermicro.com\/canal-denuncias\/\"]}]},{\"@type\":\"BreadcrumbList\",\"@id\":\"https:\/\/gruposermicro.com\/canal-denuncias\/#breadcrumb\",\"itemListElement\":[{\"@type\":\"ListItem\",\"position\":1,\"name\":\"Home\",\"item\":\"https:\/\/gruposermicro.com\/\"},{\"@type\":\"ListItem\",\"position\":2,\"name\":\"Canal Denuncias\"}]},{\"@type\":\"WebSite\",\"@id\":\"https:\/\/gruposermicro.com\/#website\",\"url\":\"https:\/\/gruposermicro.com\/\",\"name\":\"Grupo Sermicro\",\"description\":\"El Grupo Sermicro es una empresa integradora de referencia en Soluciones y Servicios en el \u00e1mbito de las Tecnolog\u00edas de la Informaci\u00f3n y las Comunicaciones (TIC)\",\"publisher\":{\"@id\":\"https:\/\/gruposermicro.com\/#organization\"},\"potentialAction\":[{\"@type\":\"SearchAction\",\"target\":{\"@type\":\"EntryPoint\",\"urlTemplate\":\"https:\/\/gruposermicro.com\/?s={search_term_string}\"},\"query-input\":{\"@type\":\"PropertyValueSpecification\",\"valueRequired\":true,\"valueName\":\"search_term_string\"}}],\"inLanguage\":\"en-US\"},{\"@type\":\"Organization\",\"@id\":\"https:\/\/gruposermicro.com\/#organization\",\"name\":\"Grupo Sermicro\",\"url\":\"https:\/\/gruposermicro.com\/\",\"logo\":{\"@type\":\"ImageObject\",\"inLanguage\":\"en-US\",\"@id\":\"https:\/\/gruposermicro.com\/#\/schema\/logo\/image\/\",\"url\":\"https:\/\/gruposermicro.com\/wp-content\/uploads\/2018\/05\/LogoGrupoSermicro.png\",\"contentUrl\":\"https:\/\/gruposermicro.com\/wp-content\/uploads\/2018\/05\/LogoGrupoSermicro.png\",\"width\":450,\"height\":154,\"caption\":\"Grupo Sermicro\"},\"image\":{\"@id\":\"https:\/\/gruposermicro.com\/#\/schema\/logo\/image\/\"},\"sameAs\":[\"https:\/\/www.linkedin.com\/company\/sermicro\/\"]}]}<\/script>\n<!-- \/ Yoast SEO plugin. -->","yoast_head_json":{"title":"[:es]Canal Denuncias[:en]Whistleblowing Channel[:pt]Canal de Den\u00fancias[:] - Grupo Sermicro","robots":{"index":"index","follow":"follow","max-snippet":"max-snippet:-1","max-image-preview":"max-image-preview:large","max-video-preview":"max-video-preview:-1"},"canonical":"https:\/\/gruposermicro.com\/canal-denuncias\/","og_locale":"en_US","og_type":"article","og_title":"[:es]Canal Denuncias[:en]Whistleblowing Channel[:pt]Canal de Den\u00fancias[:] - Grupo Sermicro","og_description":"Anyone who is aware of or suspects any violation, illegal action, inappropriate behavior, etc., can use, in addition to reporting to the Corporate Compliance Officer, the following available channels: Digital platform: https:\/\/cobrais.integrityline.com Telephone line: +34 910 477 636 (Ext 9756) Postal mail addressed to the Corporate Compliance Officer, Calle Pradillo, 48-50; 28002, Madrid (Spain). These [&hellip;]","og_url":"https:\/\/gruposermicro.com\/canal-denuncias\/","og_site_name":"Grupo Sermicro","article_modified_time":"2025-12-10T13:46:47+00:00","twitter_card":"summary_large_image","twitter_misc":{"Est. reading time":"7 minutes"},"schema":{"@context":"https:\/\/schema.org","@graph":[{"@type":"WebPage","@id":"https:\/\/gruposermicro.com\/canal-denuncias\/","url":"https:\/\/gruposermicro.com\/canal-denuncias\/","name":"[:es]Canal Denuncias[:en]Whistleblowing Channel[:pt]Canal de Den\u00fancias[:] - Grupo Sermicro","isPartOf":{"@id":"https:\/\/gruposermicro.com\/#website"},"datePublished":"2025-12-10T13:29:03+00:00","dateModified":"2025-12-10T13:46:47+00:00","breadcrumb":{"@id":"https:\/\/gruposermicro.com\/canal-denuncias\/#breadcrumb"},"inLanguage":"en-US","potentialAction":[{"@type":"ReadAction","target":["https:\/\/gruposermicro.com\/canal-denuncias\/"]}]},{"@type":"BreadcrumbList","@id":"https:\/\/gruposermicro.com\/canal-denuncias\/#breadcrumb","itemListElement":[{"@type":"ListItem","position":1,"name":"Home","item":"https:\/\/gruposermicro.com\/"},{"@type":"ListItem","position":2,"name":"Canal Denuncias"}]},{"@type":"WebSite","@id":"https:\/\/gruposermicro.com\/#website","url":"https:\/\/gruposermicro.com\/","name":"Grupo Sermicro","description":"El Grupo Sermicro es una empresa integradora de referencia en Soluciones y Servicios en el \u00e1mbito de las Tecnolog\u00edas de la Informaci\u00f3n y las Comunicaciones (TIC)","publisher":{"@id":"https:\/\/gruposermicro.com\/#organization"},"potentialAction":[{"@type":"SearchAction","target":{"@type":"EntryPoint","urlTemplate":"https:\/\/gruposermicro.com\/?s={search_term_string}"},"query-input":{"@type":"PropertyValueSpecification","valueRequired":true,"valueName":"search_term_string"}}],"inLanguage":"en-US"},{"@type":"Organization","@id":"https:\/\/gruposermicro.com\/#organization","name":"Grupo Sermicro","url":"https:\/\/gruposermicro.com\/","logo":{"@type":"ImageObject","inLanguage":"en-US","@id":"https:\/\/gruposermicro.com\/#\/schema\/logo\/image\/","url":"https:\/\/gruposermicro.com\/wp-content\/uploads\/2018\/05\/LogoGrupoSermicro.png","contentUrl":"https:\/\/gruposermicro.com\/wp-content\/uploads\/2018\/05\/LogoGrupoSermicro.png","width":450,"height":154,"caption":"Grupo Sermicro"},"image":{"@id":"https:\/\/gruposermicro.com\/#\/schema\/logo\/image\/"},"sameAs":["https:\/\/www.linkedin.com\/company\/sermicro\/"]}]}},"_links":{"self":[{"href":"https:\/\/gruposermicro.com\/en\/wp-json\/wp\/v2\/pages\/4439","targetHints":{"allow":["GET"]}}],"collection":[{"href":"https:\/\/gruposermicro.com\/en\/wp-json\/wp\/v2\/pages"}],"about":[{"href":"https:\/\/gruposermicro.com\/en\/wp-json\/wp\/v2\/types\/page"}],"author":[{"embeddable":true,"href":"https:\/\/gruposermicro.com\/en\/wp-json\/wp\/v2\/users\/6"}],"replies":[{"embeddable":true,"href":"https:\/\/gruposermicro.com\/en\/wp-json\/wp\/v2\/comments?post=4439"}],"version-history":[{"count":3,"href":"https:\/\/gruposermicro.com\/en\/wp-json\/wp\/v2\/pages\/4439\/revisions"}],"predecessor-version":[{"id":4446,"href":"https:\/\/gruposermicro.com\/en\/wp-json\/wp\/v2\/pages\/4439\/revisions\/4446"}],"wp:attachment":[{"href":"https:\/\/gruposermicro.com\/en\/wp-json\/wp\/v2\/media?parent=4439"}],"wp:term":[{"taxonomy":"category","embeddable":true,"href":"https:\/\/gruposermicro.com\/en\/wp-json\/wp\/v2\/categories?post=4439"}],"curies":[{"name":"wp","href":"https:\/\/api.w.org\/{rel}","templated":true}]}}