{"id":656,"date":"2018-10-04T12:50:07","date_gmt":"2018-10-04T10:50:07","guid":{"rendered":"http:\/\/824E6163-829A-4315-B254-F0CE7518D7C1"},"modified":"2025-12-17T10:15:43","modified_gmt":"2025-12-17T09:15:43","slug":"responsabilidad-social-corporativa","status":"publish","type":"page","link":"https:\/\/gruposermicro.com\/en\/responsabilidad-social-corporativa\/","title":{"rendered":"Corporate Social Responsibility"},"content":{"rendered":"<p>At <b>Grupo Sermicro<\/b>, we understand <b>Corporate Social Responsibility (CSR)<\/b> as a fundamental pillar of our way of working. As part of the <b>ImesAPI Group<\/b> and integrated into the corporate ecosystem of the <b>VINCI Group<\/b>, we share and apply its principles of sustainability, ethics and long-term value creation.<\/p>\n<ul>\n<li><b>Commitment to people and the social environment<\/b><\/li>\n<\/ul>\n<p>Our goal is to have a positive impact on the communities in which we operate. We are committed to <b>quality employment<\/b>, <b>diversity<\/b>, <b>equal opportunities<\/b> and a <b>safe, respectful and ethical working environment<\/b>, contributing to the social and economic development of our environment.<\/p>\n<ul>\n<li><b>Commitment to the environment<\/b><\/li>\n<\/ul>\n<p>We integrate environmental sustainability into our activities and technological projects. We work to minimise our environmental impact, promote the efficient use of resources and contribute to the fight against climate change, in line with the VINCI Group&#8217;s commitments to sustainability.<\/p>\n<ul>\n<li><b>Commitment to value creation<\/b><\/li>\n<\/ul>\n<p>We believe in creating value that goes beyond economic results. Our business model seeks to generate sustainable benefits for <b>customers, employees, suppliers and society<\/b>, maintaining a responsible and long-term vision.<\/p>\n<ul>\n<li><b>Commitment to integrity and compliance<\/b><\/li>\n<\/ul>\n<p>We operate to the highest standards of <b>regulatory compliance, ethics and transparency<\/b>. These principles guide our relationships with customers, suppliers and partners, and are an essential part of our corporate culture.<\/p>\n<ul>\n<li><b>Commitment to innovation and technological development<\/b><\/li>\n<\/ul>\n<p>Technological innovation is key to our growth. We promote efficient, secure and sustainable ICT solutions, relying on <b>R&amp;D&amp;I<\/b> and continuous improvement to respond to the current and future needs of our customers.<\/p>\n<p>&nbsp;<\/p>\n<p>At Grupo Sermicro, CSR is not just a corporate commitment, but a responsibility shared by all.<\/p>\n<p><em>\u00a0<\/em><\/p>","protected":false},"excerpt":{"rendered":"<p>At Grupo Sermicro, we understand Corporate Social Responsibility (CSR) as a fundamental pillar of our way of working. As part of the ImesAPI Group and integrated into the corporate ecosystem of the VINCI Group, we share and apply its principles of sustainability, ethics and long-term value creation. Commitment to people and the social environment Our [&hellip;]<\/p>\n","protected":false},"author":6,"featured_media":0,"parent":0,"menu_order":0,"comment_status":"closed","ping_status":"closed","template":"","meta":{"inline_featured_image":false,"footnotes":""},"categories":[],"class_list":["post-656","page","type-page","status-publish","hentry"],"acf":[],"yoast_head":"<!-- This site is optimized with the Yoast SEO plugin v24.5 - https:\/\/yoast.com\/wordpress\/plugins\/seo\/ -->\n<title>Corporate Social Responsibility - Grupo Sermicro<\/title>\n<meta name=\"robots\" content=\"index, follow, max-snippet:-1, max-image-preview:large, max-video-preview:-1\" \/>\n<link rel=\"canonical\" href=\"https:\/\/gruposermicro.com\/responsabilidad-social-corporativa\/\" \/>\n<meta property=\"og:locale\" content=\"en_US\" \/>\n<meta property=\"og:type\" content=\"article\" \/>\n<meta property=\"og:title\" content=\"[:es]Responsabilidad Social Corporativa[:en]Corporate Social Responsibility[:pt]Responsabilidade Social Corporativa[:] - Grupo Sermicro\" \/>\n<meta property=\"og:description\" content=\"At Grupo Sermicro, we understand Corporate Social Responsibility (CSR) as a fundamental pillar of our way of working. As part of the ImesAPI Group and integrated into the corporate ecosystem of the VINCI Group, we share and apply its principles of sustainability, ethics and long-term value creation. Commitment to people and the social environment Our [&hellip;]\" \/>\n<meta property=\"og:url\" content=\"https:\/\/gruposermicro.com\/responsabilidad-social-corporativa\/\" \/>\n<meta property=\"og:site_name\" content=\"Grupo Sermicro\" \/>\n<meta property=\"article:modified_time\" content=\"2025-12-17T09:15:43+00:00\" \/>\n<meta name=\"twitter:card\" content=\"summary_large_image\" \/>\n<meta name=\"twitter:label1\" content=\"Est. reading time\" \/>\n\t<meta name=\"twitter:data1\" content=\"4 minutes\" \/>\n<script type=\"application\/ld+json\" class=\"yoast-schema-graph\">{\"@context\":\"https:\/\/schema.org\",\"@graph\":[{\"@type\":\"WebPage\",\"@id\":\"https:\/\/gruposermicro.com\/responsabilidad-social-corporativa\/\",\"url\":\"https:\/\/gruposermicro.com\/responsabilidad-social-corporativa\/\",\"name\":\"[:es]Responsabilidad Social Corporativa[:en]Corporate Social Responsibility[:pt]Responsabilidade Social Corporativa[:] - Grupo Sermicro\",\"isPartOf\":{\"@id\":\"https:\/\/gruposermicro.com\/#website\"},\"datePublished\":\"2018-10-04T10:50:07+00:00\",\"dateModified\":\"2025-12-17T09:15:43+00:00\",\"breadcrumb\":{\"@id\":\"https:\/\/gruposermicro.com\/responsabilidad-social-corporativa\/#breadcrumb\"},\"inLanguage\":\"en-US\",\"potentialAction\":[{\"@type\":\"ReadAction\",\"target\":[\"https:\/\/gruposermicro.com\/responsabilidad-social-corporativa\/\"]}]},{\"@type\":\"BreadcrumbList\",\"@id\":\"https:\/\/gruposermicro.com\/responsabilidad-social-corporativa\/#breadcrumb\",\"itemListElement\":[{\"@type\":\"ListItem\",\"position\":1,\"name\":\"Home\",\"item\":\"https:\/\/gruposermicro.com\/\"},{\"@type\":\"ListItem\",\"position\":2,\"name\":\"Responsabilidad Social Corporativa\"}]},{\"@type\":\"WebSite\",\"@id\":\"https:\/\/gruposermicro.com\/#website\",\"url\":\"https:\/\/gruposermicro.com\/\",\"name\":\"Grupo Sermicro\",\"description\":\"El Grupo Sermicro es una empresa integradora de referencia en Soluciones y Servicios en el \u00e1mbito de las Tecnolog\u00edas de la Informaci\u00f3n y las Comunicaciones (TIC)\",\"publisher\":{\"@id\":\"https:\/\/gruposermicro.com\/#organization\"},\"potentialAction\":[{\"@type\":\"SearchAction\",\"target\":{\"@type\":\"EntryPoint\",\"urlTemplate\":\"https:\/\/gruposermicro.com\/?s={search_term_string}\"},\"query-input\":{\"@type\":\"PropertyValueSpecification\",\"valueRequired\":true,\"valueName\":\"search_term_string\"}}],\"inLanguage\":\"en-US\"},{\"@type\":\"Organization\",\"@id\":\"https:\/\/gruposermicro.com\/#organization\",\"name\":\"Grupo Sermicro\",\"url\":\"https:\/\/gruposermicro.com\/\",\"logo\":{\"@type\":\"ImageObject\",\"inLanguage\":\"en-US\",\"@id\":\"https:\/\/gruposermicro.com\/#\/schema\/logo\/image\/\",\"url\":\"https:\/\/gruposermicro.com\/wp-content\/uploads\/2018\/05\/LogoGrupoSermicro.png\",\"contentUrl\":\"https:\/\/gruposermicro.com\/wp-content\/uploads\/2018\/05\/LogoGrupoSermicro.png\",\"width\":450,\"height\":154,\"caption\":\"Grupo Sermicro\"},\"image\":{\"@id\":\"https:\/\/gruposermicro.com\/#\/schema\/logo\/image\/\"},\"sameAs\":[\"https:\/\/www.linkedin.com\/company\/sermicro\/\"]}]}<\/script>\n<!-- \/ Yoast SEO plugin. -->","yoast_head_json":{"title":"[:es]Responsabilidad Social Corporativa[:en]Corporate Social Responsibility[:pt]Responsabilidade Social Corporativa[:] - Grupo Sermicro","robots":{"index":"index","follow":"follow","max-snippet":"max-snippet:-1","max-image-preview":"max-image-preview:large","max-video-preview":"max-video-preview:-1"},"canonical":"https:\/\/gruposermicro.com\/responsabilidad-social-corporativa\/","og_locale":"en_US","og_type":"article","og_title":"[:es]Responsabilidad Social Corporativa[:en]Corporate Social Responsibility[:pt]Responsabilidade Social Corporativa[:] - Grupo Sermicro","og_description":"At Grupo Sermicro, we understand Corporate Social Responsibility (CSR) as a fundamental pillar of our way of working. As part of the ImesAPI Group and integrated into the corporate ecosystem of the VINCI Group, we share and apply its principles of sustainability, ethics and long-term value creation. Commitment to people and the social environment Our [&hellip;]","og_url":"https:\/\/gruposermicro.com\/responsabilidad-social-corporativa\/","og_site_name":"Grupo Sermicro","article_modified_time":"2025-12-17T09:15:43+00:00","twitter_card":"summary_large_image","twitter_misc":{"Est. reading time":"4 minutes"},"schema":{"@context":"https:\/\/schema.org","@graph":[{"@type":"WebPage","@id":"https:\/\/gruposermicro.com\/responsabilidad-social-corporativa\/","url":"https:\/\/gruposermicro.com\/responsabilidad-social-corporativa\/","name":"[:es]Responsabilidad Social Corporativa[:en]Corporate Social Responsibility[:pt]Responsabilidade Social Corporativa[:] - Grupo Sermicro","isPartOf":{"@id":"https:\/\/gruposermicro.com\/#website"},"datePublished":"2018-10-04T10:50:07+00:00","dateModified":"2025-12-17T09:15:43+00:00","breadcrumb":{"@id":"https:\/\/gruposermicro.com\/responsabilidad-social-corporativa\/#breadcrumb"},"inLanguage":"en-US","potentialAction":[{"@type":"ReadAction","target":["https:\/\/gruposermicro.com\/responsabilidad-social-corporativa\/"]}]},{"@type":"BreadcrumbList","@id":"https:\/\/gruposermicro.com\/responsabilidad-social-corporativa\/#breadcrumb","itemListElement":[{"@type":"ListItem","position":1,"name":"Home","item":"https:\/\/gruposermicro.com\/"},{"@type":"ListItem","position":2,"name":"Responsabilidad Social Corporativa"}]},{"@type":"WebSite","@id":"https:\/\/gruposermicro.com\/#website","url":"https:\/\/gruposermicro.com\/","name":"Grupo Sermicro","description":"El Grupo Sermicro es una empresa integradora de referencia en Soluciones y Servicios en el \u00e1mbito de las Tecnolog\u00edas de la Informaci\u00f3n y las Comunicaciones (TIC)","publisher":{"@id":"https:\/\/gruposermicro.com\/#organization"},"potentialAction":[{"@type":"SearchAction","target":{"@type":"EntryPoint","urlTemplate":"https:\/\/gruposermicro.com\/?s={search_term_string}"},"query-input":{"@type":"PropertyValueSpecification","valueRequired":true,"valueName":"search_term_string"}}],"inLanguage":"en-US"},{"@type":"Organization","@id":"https:\/\/gruposermicro.com\/#organization","name":"Grupo Sermicro","url":"https:\/\/gruposermicro.com\/","logo":{"@type":"ImageObject","inLanguage":"en-US","@id":"https:\/\/gruposermicro.com\/#\/schema\/logo\/image\/","url":"https:\/\/gruposermicro.com\/wp-content\/uploads\/2018\/05\/LogoGrupoSermicro.png","contentUrl":"https:\/\/gruposermicro.com\/wp-content\/uploads\/2018\/05\/LogoGrupoSermicro.png","width":450,"height":154,"caption":"Grupo Sermicro"},"image":{"@id":"https:\/\/gruposermicro.com\/#\/schema\/logo\/image\/"},"sameAs":["https:\/\/www.linkedin.com\/company\/sermicro\/"]}]}},"_links":{"self":[{"href":"https:\/\/gruposermicro.com\/en\/wp-json\/wp\/v2\/pages\/656","targetHints":{"allow":["GET"]}}],"collection":[{"href":"https:\/\/gruposermicro.com\/en\/wp-json\/wp\/v2\/pages"}],"about":[{"href":"https:\/\/gruposermicro.com\/en\/wp-json\/wp\/v2\/types\/page"}],"author":[{"embeddable":true,"href":"https:\/\/gruposermicro.com\/en\/wp-json\/wp\/v2\/users\/6"}],"replies":[{"embeddable":true,"href":"https:\/\/gruposermicro.com\/en\/wp-json\/wp\/v2\/comments?post=656"}],"version-history":[{"count":22,"href":"https:\/\/gruposermicro.com\/en\/wp-json\/wp\/v2\/pages\/656\/revisions"}],"predecessor-version":[{"id":4461,"href":"https:\/\/gruposermicro.com\/en\/wp-json\/wp\/v2\/pages\/656\/revisions\/4461"}],"wp:attachment":[{"href":"https:\/\/gruposermicro.com\/en\/wp-json\/wp\/v2\/media?parent=656"}],"wp:term":[{"taxonomy":"category","embeddable":true,"href":"https:\/\/gruposermicro.com\/en\/wp-json\/wp\/v2\/categories?post=656"}],"curies":[{"name":"wp","href":"https:\/\/api.w.org\/{rel}","templated":true}]}}