{"id":1573,"date":"2018-12-17T22:20:35","date_gmt":"2018-12-17T21:20:35","guid":{"rendered":"http:\/\/B07855DB-359E-4D63-AD8C-98E4F49E0DD3"},"modified":"2019-12-10T11:49:43","modified_gmt":"2019-12-10T10:49:43","slug":"gdpr-clientes","status":"publish","type":"page","link":"https:\/\/gruposermicro.com\/pt\/gdpr-clientes\/","title":{"rendered":"RGPD Clientes"},"content":{"rendered":"<p><\/p>\n<h4>CONSENTIMENTO EM FAVOR DO GRUPO SERMICRO E SEU GRUPO DE EMPRESAS SOBRE A TRANSFER\u00caNCIA DE DADOS<\/h4>\n<p>Para efeitos do disposto no Regulamento Geral de Protec\u00e7\u00e3o de Dados (RGPD 2016\/679) de 25 de Maio\/2018 e, dependendo da minha necessidade, contactar a empresa SUMINISTROS, IMPORTACIONES Y MANTENIMIENTOS ELECTR\u00d3NICOS, S.A.U. (SERMICRO ou GRUPO SERMICRO):<\/p>\n<p>&nbsp;<\/p>\n<p><strong>&#8220;Clientes&#8221;<\/strong>: em vista de minha poss\u00edvel a\u00e7\u00e3o comercial com a empresa, em aten\u00e7\u00e3o e com conhecimento dos servi\u00e7os que poderiam ser oferecidos no caso de formalizar esta rela\u00e7\u00e3o profissional, autorizo expressamente ao GRUPO SERMICRO o uso e\/ou cess\u00e3o a outras empresas membros de seu grupo empresarial e a terceiros das informa\u00e7\u00f5es contidas neste formul\u00e1rio em raz\u00e3o do benef\u00edcio dos servi\u00e7os que se requerem.<\/p>\n<p>&nbsp;<\/p>\n<p>A cess\u00e3o dos dados ser\u00e1 feita de acordo e nos termos estipulados no Regulamento Geral de Prote\u00e7\u00e3o de Dados de Car\u00e1ter Pessoal e na Pol\u00edtica de Privacidade e Prote\u00e7\u00e3o de Dados do GRUPO SERMICRO.\u00a0<a href=\"https:\/\/gruposermicro.com\/politica-de-privacidad-y-proteccion-de-datos\/\">https:\/\/gruposermicro.com\/politica-de-privacidad-y-proteccion-de-datos\/<\/a><\/p>\n<p>Em nenhum caso estes dados ser\u00e3o utilizados sem o meu conhecimento e autoriza\u00e7\u00e3o, mantendo as medidas de seguran\u00e7a adequadas para garantir a confidencialidade dos mesmos.<\/p>","protected":false},"excerpt":{"rendered":"<p>CONSENTIMENTO EM FAVOR DO GRUPO SERMICRO E SEU GRUPO DE EMPRESAS SOBRE A TRANSFER\u00caNCIA DE DADOS Para efeitos do disposto no Regulamento Geral de Protec\u00e7\u00e3o de Dados (RGPD 2016\/679) de 25 de Maio\/2018 e, dependendo da minha necessidade, contactar a empresa SUMINISTROS, IMPORTACIONES Y MANTENIMIENTOS ELECTR\u00d3NICOS, S.A.U. (SERMICRO ou GRUPO SERMICRO): &nbsp; &#8220;Clientes&#8221;: em vista [&hellip;]<\/p>\n","protected":false},"author":6,"featured_media":0,"parent":0,"menu_order":0,"comment_status":"closed","ping_status":"closed","template":"","meta":{"inline_featured_image":false,"footnotes":""},"categories":[],"class_list":["post-1573","page","type-page","status-publish","hentry"],"acf":[],"yoast_head":"<!-- This site is optimized with the Yoast SEO plugin v24.5 - https:\/\/yoast.com\/wordpress\/plugins\/seo\/ -->\n<title>RGPD Clientes - Grupo Sermicro<\/title>\n<meta name=\"robots\" content=\"index, follow, max-snippet:-1, max-image-preview:large, max-video-preview:-1\" \/>\n<link rel=\"canonical\" href=\"https:\/\/gruposermicro.com\/pt\/gdpr-clientes\/\" \/>\n<meta property=\"og:locale\" content=\"pt_PT\" \/>\n<meta property=\"og:type\" content=\"article\" \/>\n<meta property=\"og:title\" content=\"[:es]RGPD Clientes[:en]RGPD Clients[:pt]RGPD Clientes[:] - Grupo Sermicro\" \/>\n<meta property=\"og:description\" content=\"CONSENTIMENTO EM FAVOR DO GRUPO SERMICRO E SEU GRUPO DE EMPRESAS SOBRE A TRANSFER\u00caNCIA DE DADOS Para efeitos do disposto no Regulamento Geral de Protec\u00e7\u00e3o de Dados (RGPD 2016\/679) de 25 de Maio\/2018 e, dependendo da minha necessidade, contactar a empresa SUMINISTROS, IMPORTACIONES Y MANTENIMIENTOS ELECTR\u00d3NICOS, S.A.U. (SERMICRO ou GRUPO SERMICRO): &nbsp; &#8220;Clientes&#8221;: em vista [&hellip;]\" \/>\n<meta property=\"og:url\" content=\"https:\/\/gruposermicro.com\/pt\/gdpr-clientes\/\" \/>\n<meta property=\"og:site_name\" content=\"Grupo Sermicro\" \/>\n<meta property=\"article:modified_time\" content=\"2019-12-10T10:49:43+00:00\" \/>\n<meta name=\"twitter:card\" content=\"summary_large_image\" \/>\n<meta name=\"twitter:label1\" content=\"Tempo estimado de leitura\" \/>\n\t<meta name=\"twitter:data1\" content=\"3 minutos\" \/>\n<script type=\"application\/ld+json\" class=\"yoast-schema-graph\">{\"@context\":\"https:\/\/schema.org\",\"@graph\":[{\"@type\":\"WebPage\",\"@id\":\"https:\/\/gruposermicro.com\/pt\/gdpr-clientes\/\",\"url\":\"https:\/\/gruposermicro.com\/pt\/gdpr-clientes\/\",\"name\":\"[:es]RGPD Clientes[:en]RGPD Clients[:pt]RGPD Clientes[:] - Grupo Sermicro\",\"isPartOf\":{\"@id\":\"https:\/\/gruposermicro.com\/#website\"},\"datePublished\":\"2018-12-17T21:20:35+00:00\",\"dateModified\":\"2019-12-10T10:49:43+00:00\",\"breadcrumb\":{\"@id\":\"https:\/\/gruposermicro.com\/pt\/gdpr-clientes\/#breadcrumb\"},\"inLanguage\":\"pt-PT\",\"potentialAction\":[{\"@type\":\"ReadAction\",\"target\":[\"https:\/\/gruposermicro.com\/pt\/gdpr-clientes\/\"]}]},{\"@type\":\"BreadcrumbList\",\"@id\":\"https:\/\/gruposermicro.com\/pt\/gdpr-clientes\/#breadcrumb\",\"itemListElement\":[{\"@type\":\"ListItem\",\"position\":1,\"name\":\"Home\",\"item\":\"https:\/\/gruposermicro.com\/\"},{\"@type\":\"ListItem\",\"position\":2,\"name\":\"RGPD Clientes\"}]},{\"@type\":\"WebSite\",\"@id\":\"https:\/\/gruposermicro.com\/#website\",\"url\":\"https:\/\/gruposermicro.com\/\",\"name\":\"Grupo Sermicro\",\"description\":\"El Grupo Sermicro es una empresa integradora de referencia en Soluciones y Servicios en el \u00e1mbito de las Tecnolog\u00edas de la Informaci\u00f3n y las Comunicaciones (TIC)\",\"publisher\":{\"@id\":\"https:\/\/gruposermicro.com\/#organization\"},\"potentialAction\":[{\"@type\":\"SearchAction\",\"target\":{\"@type\":\"EntryPoint\",\"urlTemplate\":\"https:\/\/gruposermicro.com\/?s={search_term_string}\"},\"query-input\":{\"@type\":\"PropertyValueSpecification\",\"valueRequired\":true,\"valueName\":\"search_term_string\"}}],\"inLanguage\":\"pt-PT\"},{\"@type\":\"Organization\",\"@id\":\"https:\/\/gruposermicro.com\/#organization\",\"name\":\"Grupo Sermicro\",\"url\":\"https:\/\/gruposermicro.com\/\",\"logo\":{\"@type\":\"ImageObject\",\"inLanguage\":\"pt-PT\",\"@id\":\"https:\/\/gruposermicro.com\/#\/schema\/logo\/image\/\",\"url\":\"https:\/\/gruposermicro.com\/wp-content\/uploads\/2018\/05\/LogoGrupoSermicro.png\",\"contentUrl\":\"https:\/\/gruposermicro.com\/wp-content\/uploads\/2018\/05\/LogoGrupoSermicro.png\",\"width\":450,\"height\":154,\"caption\":\"Grupo Sermicro\"},\"image\":{\"@id\":\"https:\/\/gruposermicro.com\/#\/schema\/logo\/image\/\"},\"sameAs\":[\"https:\/\/www.linkedin.com\/company\/sermicro\/\"]}]}<\/script>\n<!-- \/ Yoast SEO plugin. -->","yoast_head_json":{"title":"[:es]RGPD Clientes[:en]RGPD Clients[:pt]RGPD Clientes[:] - Grupo Sermicro","robots":{"index":"index","follow":"follow","max-snippet":"max-snippet:-1","max-image-preview":"max-image-preview:large","max-video-preview":"max-video-preview:-1"},"canonical":"https:\/\/gruposermicro.com\/pt\/gdpr-clientes\/","og_locale":"pt_PT","og_type":"article","og_title":"[:es]RGPD Clientes[:en]RGPD Clients[:pt]RGPD Clientes[:] - Grupo Sermicro","og_description":"CONSENTIMENTO EM FAVOR DO GRUPO SERMICRO E SEU GRUPO DE EMPRESAS SOBRE A TRANSFER\u00caNCIA DE DADOS Para efeitos do disposto no Regulamento Geral de Protec\u00e7\u00e3o de Dados (RGPD 2016\/679) de 25 de Maio\/2018 e, dependendo da minha necessidade, contactar a empresa SUMINISTROS, IMPORTACIONES Y MANTENIMIENTOS ELECTR\u00d3NICOS, S.A.U. (SERMICRO ou GRUPO SERMICRO): &nbsp; &#8220;Clientes&#8221;: em vista [&hellip;]","og_url":"https:\/\/gruposermicro.com\/pt\/gdpr-clientes\/","og_site_name":"Grupo Sermicro","article_modified_time":"2019-12-10T10:49:43+00:00","twitter_card":"summary_large_image","twitter_misc":{"Tempo estimado de leitura":"3 minutos"},"schema":{"@context":"https:\/\/schema.org","@graph":[{"@type":"WebPage","@id":"https:\/\/gruposermicro.com\/pt\/gdpr-clientes\/","url":"https:\/\/gruposermicro.com\/pt\/gdpr-clientes\/","name":"[:es]RGPD Clientes[:en]RGPD Clients[:pt]RGPD Clientes[:] - Grupo Sermicro","isPartOf":{"@id":"https:\/\/gruposermicro.com\/#website"},"datePublished":"2018-12-17T21:20:35+00:00","dateModified":"2019-12-10T10:49:43+00:00","breadcrumb":{"@id":"https:\/\/gruposermicro.com\/pt\/gdpr-clientes\/#breadcrumb"},"inLanguage":"pt-PT","potentialAction":[{"@type":"ReadAction","target":["https:\/\/gruposermicro.com\/pt\/gdpr-clientes\/"]}]},{"@type":"BreadcrumbList","@id":"https:\/\/gruposermicro.com\/pt\/gdpr-clientes\/#breadcrumb","itemListElement":[{"@type":"ListItem","position":1,"name":"Home","item":"https:\/\/gruposermicro.com\/"},{"@type":"ListItem","position":2,"name":"RGPD Clientes"}]},{"@type":"WebSite","@id":"https:\/\/gruposermicro.com\/#website","url":"https:\/\/gruposermicro.com\/","name":"Grupo Sermicro","description":"El Grupo Sermicro es una empresa integradora de referencia en Soluciones y Servicios en el \u00e1mbito de las Tecnolog\u00edas de la Informaci\u00f3n y las Comunicaciones (TIC)","publisher":{"@id":"https:\/\/gruposermicro.com\/#organization"},"potentialAction":[{"@type":"SearchAction","target":{"@type":"EntryPoint","urlTemplate":"https:\/\/gruposermicro.com\/?s={search_term_string}"},"query-input":{"@type":"PropertyValueSpecification","valueRequired":true,"valueName":"search_term_string"}}],"inLanguage":"pt-PT"},{"@type":"Organization","@id":"https:\/\/gruposermicro.com\/#organization","name":"Grupo Sermicro","url":"https:\/\/gruposermicro.com\/","logo":{"@type":"ImageObject","inLanguage":"pt-PT","@id":"https:\/\/gruposermicro.com\/#\/schema\/logo\/image\/","url":"https:\/\/gruposermicro.com\/wp-content\/uploads\/2018\/05\/LogoGrupoSermicro.png","contentUrl":"https:\/\/gruposermicro.com\/wp-content\/uploads\/2018\/05\/LogoGrupoSermicro.png","width":450,"height":154,"caption":"Grupo Sermicro"},"image":{"@id":"https:\/\/gruposermicro.com\/#\/schema\/logo\/image\/"},"sameAs":["https:\/\/www.linkedin.com\/company\/sermicro\/"]}]}},"_links":{"self":[{"href":"https:\/\/gruposermicro.com\/pt\/wp-json\/wp\/v2\/pages\/1573","targetHints":{"allow":["GET"]}}],"collection":[{"href":"https:\/\/gruposermicro.com\/pt\/wp-json\/wp\/v2\/pages"}],"about":[{"href":"https:\/\/gruposermicro.com\/pt\/wp-json\/wp\/v2\/types\/page"}],"author":[{"embeddable":true,"href":"https:\/\/gruposermicro.com\/pt\/wp-json\/wp\/v2\/users\/6"}],"replies":[{"embeddable":true,"href":"https:\/\/gruposermicro.com\/pt\/wp-json\/wp\/v2\/comments?post=1573"}],"version-history":[{"count":5,"href":"https:\/\/gruposermicro.com\/pt\/wp-json\/wp\/v2\/pages\/1573\/revisions"}],"predecessor-version":[{"id":2380,"href":"https:\/\/gruposermicro.com\/pt\/wp-json\/wp\/v2\/pages\/1573\/revisions\/2380"}],"wp:attachment":[{"href":"https:\/\/gruposermicro.com\/pt\/wp-json\/wp\/v2\/media?parent=1573"}],"wp:term":[{"taxonomy":"category","embeddable":true,"href":"https:\/\/gruposermicro.com\/pt\/wp-json\/wp\/v2\/categories?post=1573"}],"curies":[{"name":"wp","href":"https:\/\/api.w.org\/{rel}","templated":true}]}}