{"id":3537,"date":"2021-10-19T15:02:56","date_gmt":"2021-10-19T13:02:56","guid":{"rendered":"https:\/\/B3937D80-F9F4-43B0-9A38-173A6362DEB7"},"modified":"2025-04-03T14:52:57","modified_gmt":"2025-04-03T12:52:57","slug":"politicas-de-sistemas-de-gestion","status":"publish","type":"page","link":"https:\/\/gruposermicro.com\/pt\/politicas-de-sistemas-de-gestion\/","title":{"rendered":"Pol\u00edticas de sistemas de gesti\u00f3n"},"content":{"rendered":"<p><a href=\"https:\/\/gruposermicro.com\/wp-content\/uploads\/2025\/04\/SDD-Politica-Sistema-de-Gestion-Integrado_Grupo-Sermicro.pdf\" class=\"pdfemb-viewer\" style=\"\" data-width=\"max\" data-height=\"max\" data-toolbar=\"bottom\" data-toolbar-fixed=\"off\">Pol\u00edticas de sistemas de gest\u00e3o<\/a><\/p>","protected":false},"excerpt":{"rendered":"","protected":false},"author":6,"featured_media":0,"parent":0,"menu_order":0,"comment_status":"closed","ping_status":"closed","template":"","meta":{"inline_featured_image":false,"footnotes":""},"categories":[],"class_list":["post-3537","page","type-page","status-publish","hentry"],"acf":[],"yoast_head":"<!-- This site is optimized with the Yoast SEO plugin v24.5 - https:\/\/yoast.com\/wordpress\/plugins\/seo\/ -->\n<title>Pol\u00edticas de sistemas de gesti\u00f3n - Grupo Sermicro<\/title>\n<meta name=\"robots\" content=\"index, follow, max-snippet:-1, max-image-preview:large, max-video-preview:-1\" \/>\n<link rel=\"canonical\" href=\"https:\/\/gruposermicro.com\/politicas-de-sistemas-de-gestion\/\" \/>\n<meta property=\"og:locale\" content=\"pt_PT\" \/>\n<meta property=\"og:type\" content=\"article\" \/>\n<meta property=\"og:title\" content=\"Pol\u00edticas de sistemas de gesti\u00f3n - Grupo Sermicro\" \/>\n<meta property=\"og:url\" content=\"https:\/\/gruposermicro.com\/politicas-de-sistemas-de-gestion\/\" \/>\n<meta property=\"og:site_name\" content=\"Grupo Sermicro\" \/>\n<meta property=\"article:modified_time\" content=\"2025-04-03T12:52:57+00:00\" \/>\n<meta name=\"twitter:card\" content=\"summary_large_image\" \/>\n<script type=\"application\/ld+json\" class=\"yoast-schema-graph\">{\"@context\":\"https:\/\/schema.org\",\"@graph\":[{\"@type\":\"WebPage\",\"@id\":\"https:\/\/gruposermicro.com\/politicas-de-sistemas-de-gestion\/\",\"url\":\"https:\/\/gruposermicro.com\/politicas-de-sistemas-de-gestion\/\",\"name\":\"Pol\u00edticas de sistemas de gesti\u00f3n - Grupo Sermicro\",\"isPartOf\":{\"@id\":\"https:\/\/gruposermicro.com\/#website\"},\"datePublished\":\"2021-10-19T13:02:56+00:00\",\"dateModified\":\"2025-04-03T12:52:57+00:00\",\"breadcrumb\":{\"@id\":\"https:\/\/gruposermicro.com\/politicas-de-sistemas-de-gestion\/#breadcrumb\"},\"inLanguage\":\"pt-PT\",\"potentialAction\":[{\"@type\":\"ReadAction\",\"target\":[\"https:\/\/gruposermicro.com\/politicas-de-sistemas-de-gestion\/\"]}]},{\"@type\":\"BreadcrumbList\",\"@id\":\"https:\/\/gruposermicro.com\/politicas-de-sistemas-de-gestion\/#breadcrumb\",\"itemListElement\":[{\"@type\":\"ListItem\",\"position\":1,\"name\":\"Home\",\"item\":\"https:\/\/gruposermicro.com\/\"},{\"@type\":\"ListItem\",\"position\":2,\"name\":\"Pol\u00edticas de sistemas de gesti\u00f3n\"}]},{\"@type\":\"WebSite\",\"@id\":\"https:\/\/gruposermicro.com\/#website\",\"url\":\"https:\/\/gruposermicro.com\/\",\"name\":\"Grupo Sermicro\",\"description\":\"El Grupo Sermicro es una empresa integradora de referencia en Soluciones y Servicios en el \u00e1mbito de las Tecnolog\u00edas de la Informaci\u00f3n y las Comunicaciones (TIC)\",\"publisher\":{\"@id\":\"https:\/\/gruposermicro.com\/#organization\"},\"potentialAction\":[{\"@type\":\"SearchAction\",\"target\":{\"@type\":\"EntryPoint\",\"urlTemplate\":\"https:\/\/gruposermicro.com\/?s={search_term_string}\"},\"query-input\":{\"@type\":\"PropertyValueSpecification\",\"valueRequired\":true,\"valueName\":\"search_term_string\"}}],\"inLanguage\":\"pt-PT\"},{\"@type\":\"Organization\",\"@id\":\"https:\/\/gruposermicro.com\/#organization\",\"name\":\"Grupo Sermicro\",\"url\":\"https:\/\/gruposermicro.com\/\",\"logo\":{\"@type\":\"ImageObject\",\"inLanguage\":\"pt-PT\",\"@id\":\"https:\/\/gruposermicro.com\/#\/schema\/logo\/image\/\",\"url\":\"https:\/\/gruposermicro.com\/wp-content\/uploads\/2018\/05\/LogoGrupoSermicro.png\",\"contentUrl\":\"https:\/\/gruposermicro.com\/wp-content\/uploads\/2018\/05\/LogoGrupoSermicro.png\",\"width\":450,\"height\":154,\"caption\":\"Grupo Sermicro\"},\"image\":{\"@id\":\"https:\/\/gruposermicro.com\/#\/schema\/logo\/image\/\"},\"sameAs\":[\"https:\/\/www.linkedin.com\/company\/sermicro\/\"]}]}<\/script>\n<!-- \/ Yoast SEO plugin. -->","yoast_head_json":{"title":"Pol\u00edticas de sistemas de gesti\u00f3n - Grupo Sermicro","robots":{"index":"index","follow":"follow","max-snippet":"max-snippet:-1","max-image-preview":"max-image-preview:large","max-video-preview":"max-video-preview:-1"},"canonical":"https:\/\/gruposermicro.com\/politicas-de-sistemas-de-gestion\/","og_locale":"pt_PT","og_type":"article","og_title":"Pol\u00edticas de sistemas de gesti\u00f3n - Grupo Sermicro","og_url":"https:\/\/gruposermicro.com\/politicas-de-sistemas-de-gestion\/","og_site_name":"Grupo Sermicro","article_modified_time":"2025-04-03T12:52:57+00:00","twitter_card":"summary_large_image","schema":{"@context":"https:\/\/schema.org","@graph":[{"@type":"WebPage","@id":"https:\/\/gruposermicro.com\/politicas-de-sistemas-de-gestion\/","url":"https:\/\/gruposermicro.com\/politicas-de-sistemas-de-gestion\/","name":"Pol\u00edticas de sistemas de gesti\u00f3n - Grupo Sermicro","isPartOf":{"@id":"https:\/\/gruposermicro.com\/#website"},"datePublished":"2021-10-19T13:02:56+00:00","dateModified":"2025-04-03T12:52:57+00:00","breadcrumb":{"@id":"https:\/\/gruposermicro.com\/politicas-de-sistemas-de-gestion\/#breadcrumb"},"inLanguage":"pt-PT","potentialAction":[{"@type":"ReadAction","target":["https:\/\/gruposermicro.com\/politicas-de-sistemas-de-gestion\/"]}]},{"@type":"BreadcrumbList","@id":"https:\/\/gruposermicro.com\/politicas-de-sistemas-de-gestion\/#breadcrumb","itemListElement":[{"@type":"ListItem","position":1,"name":"Home","item":"https:\/\/gruposermicro.com\/"},{"@type":"ListItem","position":2,"name":"Pol\u00edticas de sistemas de gesti\u00f3n"}]},{"@type":"WebSite","@id":"https:\/\/gruposermicro.com\/#website","url":"https:\/\/gruposermicro.com\/","name":"Grupo Sermicro","description":"El Grupo Sermicro es una empresa integradora de referencia en Soluciones y Servicios en el \u00e1mbito de las Tecnolog\u00edas de la Informaci\u00f3n y las Comunicaciones (TIC)","publisher":{"@id":"https:\/\/gruposermicro.com\/#organization"},"potentialAction":[{"@type":"SearchAction","target":{"@type":"EntryPoint","urlTemplate":"https:\/\/gruposermicro.com\/?s={search_term_string}"},"query-input":{"@type":"PropertyValueSpecification","valueRequired":true,"valueName":"search_term_string"}}],"inLanguage":"pt-PT"},{"@type":"Organization","@id":"https:\/\/gruposermicro.com\/#organization","name":"Grupo Sermicro","url":"https:\/\/gruposermicro.com\/","logo":{"@type":"ImageObject","inLanguage":"pt-PT","@id":"https:\/\/gruposermicro.com\/#\/schema\/logo\/image\/","url":"https:\/\/gruposermicro.com\/wp-content\/uploads\/2018\/05\/LogoGrupoSermicro.png","contentUrl":"https:\/\/gruposermicro.com\/wp-content\/uploads\/2018\/05\/LogoGrupoSermicro.png","width":450,"height":154,"caption":"Grupo Sermicro"},"image":{"@id":"https:\/\/gruposermicro.com\/#\/schema\/logo\/image\/"},"sameAs":["https:\/\/www.linkedin.com\/company\/sermicro\/"]}]}},"_links":{"self":[{"href":"https:\/\/gruposermicro.com\/pt\/wp-json\/wp\/v2\/pages\/3537","targetHints":{"allow":["GET"]}}],"collection":[{"href":"https:\/\/gruposermicro.com\/pt\/wp-json\/wp\/v2\/pages"}],"about":[{"href":"https:\/\/gruposermicro.com\/pt\/wp-json\/wp\/v2\/types\/page"}],"author":[{"embeddable":true,"href":"https:\/\/gruposermicro.com\/pt\/wp-json\/wp\/v2\/users\/6"}],"replies":[{"embeddable":true,"href":"https:\/\/gruposermicro.com\/pt\/wp-json\/wp\/v2\/comments?post=3537"}],"version-history":[{"count":12,"href":"https:\/\/gruposermicro.com\/pt\/wp-json\/wp\/v2\/pages\/3537\/revisions"}],"predecessor-version":[{"id":4383,"href":"https:\/\/gruposermicro.com\/pt\/wp-json\/wp\/v2\/pages\/3537\/revisions\/4383"}],"wp:attachment":[{"href":"https:\/\/gruposermicro.com\/pt\/wp-json\/wp\/v2\/media?parent=3537"}],"wp:term":[{"taxonomy":"category","embeddable":true,"href":"https:\/\/gruposermicro.com\/pt\/wp-json\/wp\/v2\/categories?post=3537"}],"curies":[{"name":"wp","href":"https:\/\/api.w.org\/{rel}","templated":true}]}}