{"id":3837,"date":"2022-04-20T11:47:29","date_gmt":"2022-04-20T09:47:29","guid":{"rendered":"https:\/\/E8C2E9B5-3AF2-4E46-956B-304D32166A39"},"modified":"2022-04-22T10:01:56","modified_gmt":"2022-04-22T08:01:56","slug":"almacenamiento-inmutable","status":"publish","type":"page","link":"https:\/\/gruposermicro.com\/pt\/almacenamiento-inmutable\/","title":{"rendered":"Almacenamiento inmutable"},"content":{"rendered":"<p class=\"qtranxs-available-languages-message qtranxs-available-languages-message-pt\">Desculpe, este conte\u00fado s\u00f3 est\u00e1 dispon\u00edvel em <a href=\"https:\/\/gruposermicro.com\/es\/wp-json\/wp\/v2\/pages\/3837\" class=\"qtranxs-available-language-link qtranxs-available-language-link-es\" title=\"ES\">ES<\/a>.<\/p>","protected":false},"excerpt":{"rendered":"<p>Desculpe, este conte\u00fado s\u00f3 est\u00e1 dispon\u00edvel em ES.<\/p>\n","protected":false},"author":6,"featured_media":0,"parent":0,"menu_order":0,"comment_status":"closed","ping_status":"closed","template":"","meta":{"inline_featured_image":false,"footnotes":""},"class_list":["post-3837","page","type-page","status-publish","hentry"],"acf":[],"yoast_head":"<!-- This site is optimized with the Yoast SEO plugin v24.5 - https:\/\/yoast.com\/wordpress\/plugins\/seo\/ -->\n<title><\/title>\n<meta name=\"robots\" content=\"index, follow, max-snippet:-1, max-image-preview:large, max-video-preview:-1\" \/>\n<link rel=\"canonical\" href=\"https:\/\/gruposermicro.com\/almacenamiento-inmutable\/\" \/>\n<meta property=\"og:locale\" content=\"pt_PT\" \/>\n<meta property=\"og:type\" content=\"article\" \/>\n<meta property=\"og:title\" content=\"[:es]Almacenamiento inmutable[:] - Grupo Sermicro\" \/>\n<meta property=\"og:description\" content=\"Desculpe, este conte\u00fado s\u00f3 est\u00e1 dispon\u00edvel em ES.\" \/>\n<meta property=\"og:url\" content=\"https:\/\/gruposermicro.com\/almacenamiento-inmutable\/\" \/>\n<meta property=\"og:site_name\" content=\"Grupo Sermicro\" \/>\n<meta property=\"article:modified_time\" content=\"2022-04-22T08:01:56+00:00\" \/>\n<meta property=\"og:image\" content=\"https:\/\/gruposermicro.com\/wp-content\/uploads\/2022\/04\/Arcserve_logo.png\" \/>\n<meta name=\"twitter:card\" content=\"summary_large_image\" \/>\n<meta name=\"twitter:label1\" content=\"Tempo estimado de leitura\" \/>\n\t<meta name=\"twitter:data1\" content=\"1 minuto\" \/>\n<script type=\"application\/ld+json\" class=\"yoast-schema-graph\">{\"@context\":\"https:\/\/schema.org\",\"@graph\":[{\"@type\":\"WebPage\",\"@id\":\"https:\/\/gruposermicro.com\/almacenamiento-inmutable\/\",\"url\":\"https:\/\/gruposermicro.com\/almacenamiento-inmutable\/\",\"name\":\"[:es]Almacenamiento inmutable[:] - Grupo Sermicro\",\"isPartOf\":{\"@id\":\"https:\/\/gruposermicro.com\/#website\"},\"primaryImageOfPage\":{\"@id\":\"https:\/\/gruposermicro.com\/almacenamiento-inmutable\/#primaryimage\"},\"image\":{\"@id\":\"https:\/\/gruposermicro.com\/almacenamiento-inmutable\/#primaryimage\"},\"thumbnailUrl\":\"https:\/\/gruposermicro.com\/wp-content\/uploads\/2022\/04\/Arcserve_logo.png\",\"datePublished\":\"2022-04-20T09:47:29+00:00\",\"dateModified\":\"2022-04-22T08:01:56+00:00\",\"breadcrumb\":{\"@id\":\"https:\/\/gruposermicro.com\/almacenamiento-inmutable\/#breadcrumb\"},\"inLanguage\":\"pt-PT\",\"potentialAction\":[{\"@type\":\"ReadAction\",\"target\":[\"https:\/\/gruposermicro.com\/almacenamiento-inmutable\/\"]}]},{\"@type\":\"ImageObject\",\"inLanguage\":\"pt-PT\",\"@id\":\"https:\/\/gruposermicro.com\/almacenamiento-inmutable\/#primaryimage\",\"url\":\"https:\/\/gruposermicro.com\/wp-content\/uploads\/2022\/04\/Arcserve_logo.png\",\"contentUrl\":\"https:\/\/gruposermicro.com\/wp-content\/uploads\/2022\/04\/Arcserve_logo.png\"},{\"@type\":\"BreadcrumbList\",\"@id\":\"https:\/\/gruposermicro.com\/almacenamiento-inmutable\/#breadcrumb\",\"itemListElement\":[{\"@type\":\"ListItem\",\"position\":1,\"name\":\"Home\",\"item\":\"https:\/\/gruposermicro.com\/\"},{\"@type\":\"ListItem\",\"position\":2,\"name\":\"Almacenamiento inmutable\"}]},{\"@type\":\"WebSite\",\"@id\":\"https:\/\/gruposermicro.com\/#website\",\"url\":\"https:\/\/gruposermicro.com\/\",\"name\":\"Grupo Sermicro\",\"description\":\"El Grupo Sermicro es una empresa integradora de referencia en Soluciones y Servicios en el \u00e1mbito de las Tecnolog\u00edas de la Informaci\u00f3n y las Comunicaciones (TIC)\",\"publisher\":{\"@id\":\"https:\/\/gruposermicro.com\/#organization\"},\"potentialAction\":[{\"@type\":\"SearchAction\",\"target\":{\"@type\":\"EntryPoint\",\"urlTemplate\":\"https:\/\/gruposermicro.com\/?s={search_term_string}\"},\"query-input\":{\"@type\":\"PropertyValueSpecification\",\"valueRequired\":true,\"valueName\":\"search_term_string\"}}],\"inLanguage\":\"pt-PT\"},{\"@type\":\"Organization\",\"@id\":\"https:\/\/gruposermicro.com\/#organization\",\"name\":\"Grupo Sermicro\",\"url\":\"https:\/\/gruposermicro.com\/\",\"logo\":{\"@type\":\"ImageObject\",\"inLanguage\":\"pt-PT\",\"@id\":\"https:\/\/gruposermicro.com\/#\/schema\/logo\/image\/\",\"url\":\"https:\/\/gruposermicro.com\/wp-content\/uploads\/2018\/05\/LogoGrupoSermicro.png\",\"contentUrl\":\"https:\/\/gruposermicro.com\/wp-content\/uploads\/2018\/05\/LogoGrupoSermicro.png\",\"width\":450,\"height\":154,\"caption\":\"Grupo Sermicro\"},\"image\":{\"@id\":\"https:\/\/gruposermicro.com\/#\/schema\/logo\/image\/\"},\"sameAs\":[\"https:\/\/www.linkedin.com\/company\/sermicro\/\"]}]}<\/script>\n<!-- \/ Yoast SEO plugin. -->","yoast_head_json":{"title":"[:es]Almacenamiento inmutable[:] - Grupo Sermicro","robots":{"index":"index","follow":"follow","max-snippet":"max-snippet:-1","max-image-preview":"max-image-preview:large","max-video-preview":"max-video-preview:-1"},"canonical":"https:\/\/gruposermicro.com\/almacenamiento-inmutable\/","og_locale":"pt_PT","og_type":"article","og_title":"[:es]Almacenamiento inmutable[:] - Grupo Sermicro","og_description":"Desculpe, este conte\u00fado s\u00f3 est\u00e1 dispon\u00edvel em ES.","og_url":"https:\/\/gruposermicro.com\/almacenamiento-inmutable\/","og_site_name":"Grupo Sermicro","article_modified_time":"2022-04-22T08:01:56+00:00","og_image":[{"url":"https:\/\/gruposermicro.com\/wp-content\/uploads\/2022\/04\/Arcserve_logo.png","type":"","width":"","height":""}],"twitter_card":"summary_large_image","twitter_misc":{"Tempo estimado de leitura":"1 minuto"},"schema":{"@context":"https:\/\/schema.org","@graph":[{"@type":"WebPage","@id":"https:\/\/gruposermicro.com\/almacenamiento-inmutable\/","url":"https:\/\/gruposermicro.com\/almacenamiento-inmutable\/","name":"[:es]Almacenamiento inmutable[:] - Grupo Sermicro","isPartOf":{"@id":"https:\/\/gruposermicro.com\/#website"},"primaryImageOfPage":{"@id":"https:\/\/gruposermicro.com\/almacenamiento-inmutable\/#primaryimage"},"image":{"@id":"https:\/\/gruposermicro.com\/almacenamiento-inmutable\/#primaryimage"},"thumbnailUrl":"https:\/\/gruposermicro.com\/wp-content\/uploads\/2022\/04\/Arcserve_logo.png","datePublished":"2022-04-20T09:47:29+00:00","dateModified":"2022-04-22T08:01:56+00:00","breadcrumb":{"@id":"https:\/\/gruposermicro.com\/almacenamiento-inmutable\/#breadcrumb"},"inLanguage":"pt-PT","potentialAction":[{"@type":"ReadAction","target":["https:\/\/gruposermicro.com\/almacenamiento-inmutable\/"]}]},{"@type":"ImageObject","inLanguage":"pt-PT","@id":"https:\/\/gruposermicro.com\/almacenamiento-inmutable\/#primaryimage","url":"https:\/\/gruposermicro.com\/wp-content\/uploads\/2022\/04\/Arcserve_logo.png","contentUrl":"https:\/\/gruposermicro.com\/wp-content\/uploads\/2022\/04\/Arcserve_logo.png"},{"@type":"BreadcrumbList","@id":"https:\/\/gruposermicro.com\/almacenamiento-inmutable\/#breadcrumb","itemListElement":[{"@type":"ListItem","position":1,"name":"Home","item":"https:\/\/gruposermicro.com\/"},{"@type":"ListItem","position":2,"name":"Almacenamiento inmutable"}]},{"@type":"WebSite","@id":"https:\/\/gruposermicro.com\/#website","url":"https:\/\/gruposermicro.com\/","name":"Grupo Sermicro","description":"El Grupo Sermicro es una empresa integradora de referencia en Soluciones y Servicios en el \u00e1mbito de las Tecnolog\u00edas de la Informaci\u00f3n y las Comunicaciones (TIC)","publisher":{"@id":"https:\/\/gruposermicro.com\/#organization"},"potentialAction":[{"@type":"SearchAction","target":{"@type":"EntryPoint","urlTemplate":"https:\/\/gruposermicro.com\/?s={search_term_string}"},"query-input":{"@type":"PropertyValueSpecification","valueRequired":true,"valueName":"search_term_string"}}],"inLanguage":"pt-PT"},{"@type":"Organization","@id":"https:\/\/gruposermicro.com\/#organization","name":"Grupo Sermicro","url":"https:\/\/gruposermicro.com\/","logo":{"@type":"ImageObject","inLanguage":"pt-PT","@id":"https:\/\/gruposermicro.com\/#\/schema\/logo\/image\/","url":"https:\/\/gruposermicro.com\/wp-content\/uploads\/2018\/05\/LogoGrupoSermicro.png","contentUrl":"https:\/\/gruposermicro.com\/wp-content\/uploads\/2018\/05\/LogoGrupoSermicro.png","width":450,"height":154,"caption":"Grupo Sermicro"},"image":{"@id":"https:\/\/gruposermicro.com\/#\/schema\/logo\/image\/"},"sameAs":["https:\/\/www.linkedin.com\/company\/sermicro\/"]}]}},"_links":{"self":[{"href":"https:\/\/gruposermicro.com\/pt\/wp-json\/wp\/v2\/pages\/3837","targetHints":{"allow":["GET"]}}],"collection":[{"href":"https:\/\/gruposermicro.com\/pt\/wp-json\/wp\/v2\/pages"}],"about":[{"href":"https:\/\/gruposermicro.com\/pt\/wp-json\/wp\/v2\/types\/page"}],"author":[{"embeddable":true,"href":"https:\/\/gruposermicro.com\/pt\/wp-json\/wp\/v2\/users\/6"}],"replies":[{"embeddable":true,"href":"https:\/\/gruposermicro.com\/pt\/wp-json\/wp\/v2\/comments?post=3837"}],"version-history":[{"count":0,"href":"https:\/\/gruposermicro.com\/pt\/wp-json\/wp\/v2\/pages\/3837\/revisions"}],"wp:attachment":[{"href":"https:\/\/gruposermicro.com\/pt\/wp-json\/wp\/v2\/media?parent=3837"}],"curies":[{"name":"wp","href":"https:\/\/api.w.org\/{rel}","templated":true}]}}