{"id":3974,"date":"2022-12-13T13:13:54","date_gmt":"2022-12-13T12:13:54","guid":{"rendered":"https:\/\/75832A04-FC84-4C7C-9540-9CBE4EA196DC"},"modified":"2022-12-13T13:44:06","modified_gmt":"2022-12-13T12:44:06","slug":"normativa-de-vinci-medidas-fundamentales-e-ineludibles-salud-y-seguridad-en-el-trabajo","status":"publish","type":"page","link":"https:\/\/gruposermicro.com\/pt\/normativa-de-vinci-medidas-fundamentales-e-ineludibles-salud-y-seguridad-en-el-trabajo\/","title":{"rendered":"Normas VINCI: Medidas fundamentais e inevit\u00e1veis \u200b\u200bSa\u00fade e Seguran\u00e7a no Trabalho"},"content":{"rendered":"<a href=\"https:\/\/gruposermicro.com\/wp-content\/uploads\/2022\/12\/7-VINCI-Medidas-de-Salud-y-Seguridad-en-el-Trabajo.pdf\" class=\"pdfemb-viewer\" style=\"\" data-width=\"max\" data-height=\"max\" data-toolbar=\"bottom\" data-toolbar-fixed=\"off\">7-VINCI-Medidas-de-Salud-y-Seguridad-en-el-Trabajo<\/a>\n","protected":false},"excerpt":{"rendered":"","protected":false},"author":6,"featured_media":0,"parent":0,"menu_order":0,"comment_status":"closed","ping_status":"closed","template":"","meta":{"inline_featured_image":false,"footnotes":""},"categories":[],"class_list":["post-3974","page","type-page","status-publish","hentry"],"acf":[],"yoast_head":"<!-- This site is optimized with the Yoast SEO plugin v24.5 - https:\/\/yoast.com\/wordpress\/plugins\/seo\/ -->\n<title>Normas VINCI: Medidas fundamentais e inevit\u00e1veis \u200b\u200bSa\u00fade e Seguran\u00e7a no Trabalho - Grupo Sermicro<\/title>\n<meta name=\"robots\" content=\"index, follow, max-snippet:-1, max-image-preview:large, max-video-preview:-1\" \/>\n<link rel=\"canonical\" href=\"https:\/\/gruposermicro.com\/normativa-de-vinci-medidas-fundamentales-e-ineludibles-salud-y-seguridad-en-el-trabajo\/\" \/>\n<meta property=\"og:locale\" content=\"pt_PT\" \/>\n<meta property=\"og:type\" content=\"article\" \/>\n<meta property=\"og:title\" content=\"[:es]Normativa de VINCI : Medidas fundamentales e ineludibles Salud y Seguridad en el Trabajo[:en]VINCI regulations: Fundamental and unavoidable measures Health and Safety at Work[:pt]Normas VINCI: Medidas fundamentais e inevit\u00e1veis \u200b\u200bSa\u00fade e Seguran\u00e7a no Trabalho[:] - Grupo Sermicro\" \/>\n<meta property=\"og:url\" content=\"https:\/\/gruposermicro.com\/normativa-de-vinci-medidas-fundamentales-e-ineludibles-salud-y-seguridad-en-el-trabajo\/\" \/>\n<meta property=\"og:site_name\" content=\"Grupo Sermicro\" \/>\n<meta property=\"article:modified_time\" content=\"2022-12-13T12:44:06+00:00\" \/>\n<meta name=\"twitter:card\" content=\"summary_large_image\" \/>\n<script type=\"application\/ld+json\" class=\"yoast-schema-graph\">{\"@context\":\"https:\/\/schema.org\",\"@graph\":[{\"@type\":\"WebPage\",\"@id\":\"https:\/\/gruposermicro.com\/normativa-de-vinci-medidas-fundamentales-e-ineludibles-salud-y-seguridad-en-el-trabajo\/\",\"url\":\"https:\/\/gruposermicro.com\/normativa-de-vinci-medidas-fundamentales-e-ineludibles-salud-y-seguridad-en-el-trabajo\/\",\"name\":\"[:es]Normativa de VINCI : Medidas fundamentales e ineludibles Salud y Seguridad en el Trabajo[:en]VINCI regulations: Fundamental and unavoidable measures Health and Safety at Work[:pt]Normas VINCI: Medidas fundamentais e inevit\u00e1veis \u200b\u200bSa\u00fade e Seguran\u00e7a no Trabalho[:] - Grupo Sermicro\",\"isPartOf\":{\"@id\":\"https:\/\/gruposermicro.com\/#website\"},\"datePublished\":\"2022-12-13T12:13:54+00:00\",\"dateModified\":\"2022-12-13T12:44:06+00:00\",\"breadcrumb\":{\"@id\":\"https:\/\/gruposermicro.com\/normativa-de-vinci-medidas-fundamentales-e-ineludibles-salud-y-seguridad-en-el-trabajo\/#breadcrumb\"},\"inLanguage\":\"pt-PT\",\"potentialAction\":[{\"@type\":\"ReadAction\",\"target\":[\"https:\/\/gruposermicro.com\/normativa-de-vinci-medidas-fundamentales-e-ineludibles-salud-y-seguridad-en-el-trabajo\/\"]}]},{\"@type\":\"BreadcrumbList\",\"@id\":\"https:\/\/gruposermicro.com\/normativa-de-vinci-medidas-fundamentales-e-ineludibles-salud-y-seguridad-en-el-trabajo\/#breadcrumb\",\"itemListElement\":[{\"@type\":\"ListItem\",\"position\":1,\"name\":\"Home\",\"item\":\"https:\/\/gruposermicro.com\/\"},{\"@type\":\"ListItem\",\"position\":2,\"name\":\"Normativa de VINCI : Medidas fundamentales e ineludibles Salud y Seguridad en el Trabajo\"}]},{\"@type\":\"WebSite\",\"@id\":\"https:\/\/gruposermicro.com\/#website\",\"url\":\"https:\/\/gruposermicro.com\/\",\"name\":\"Grupo Sermicro\",\"description\":\"El Grupo Sermicro es una empresa integradora de referencia en Soluciones y Servicios en el \u00e1mbito de las Tecnolog\u00edas de la Informaci\u00f3n y las Comunicaciones (TIC)\",\"publisher\":{\"@id\":\"https:\/\/gruposermicro.com\/#organization\"},\"potentialAction\":[{\"@type\":\"SearchAction\",\"target\":{\"@type\":\"EntryPoint\",\"urlTemplate\":\"https:\/\/gruposermicro.com\/?s={search_term_string}\"},\"query-input\":{\"@type\":\"PropertyValueSpecification\",\"valueRequired\":true,\"valueName\":\"search_term_string\"}}],\"inLanguage\":\"pt-PT\"},{\"@type\":\"Organization\",\"@id\":\"https:\/\/gruposermicro.com\/#organization\",\"name\":\"Grupo Sermicro\",\"url\":\"https:\/\/gruposermicro.com\/\",\"logo\":{\"@type\":\"ImageObject\",\"inLanguage\":\"pt-PT\",\"@id\":\"https:\/\/gruposermicro.com\/#\/schema\/logo\/image\/\",\"url\":\"https:\/\/gruposermicro.com\/wp-content\/uploads\/2018\/05\/LogoGrupoSermicro.png\",\"contentUrl\":\"https:\/\/gruposermicro.com\/wp-content\/uploads\/2018\/05\/LogoGrupoSermicro.png\",\"width\":450,\"height\":154,\"caption\":\"Grupo Sermicro\"},\"image\":{\"@id\":\"https:\/\/gruposermicro.com\/#\/schema\/logo\/image\/\"},\"sameAs\":[\"https:\/\/www.linkedin.com\/company\/sermicro\/\"]}]}<\/script>\n<!-- \/ Yoast SEO plugin. -->","yoast_head_json":{"title":"[:es]Normativa de VINCI : Medidas fundamentales e ineludibles Salud y Seguridad en el Trabajo[:en]VINCI regulations: Fundamental and unavoidable measures Health and Safety at Work[:pt]Normas VINCI: Medidas fundamentais e inevit\u00e1veis \u200b\u200bSa\u00fade e Seguran\u00e7a no Trabalho[:] - Grupo Sermicro","robots":{"index":"index","follow":"follow","max-snippet":"max-snippet:-1","max-image-preview":"max-image-preview:large","max-video-preview":"max-video-preview:-1"},"canonical":"https:\/\/gruposermicro.com\/normativa-de-vinci-medidas-fundamentales-e-ineludibles-salud-y-seguridad-en-el-trabajo\/","og_locale":"pt_PT","og_type":"article","og_title":"[:es]Normativa de VINCI : Medidas fundamentales e ineludibles Salud y Seguridad en el Trabajo[:en]VINCI regulations: Fundamental and unavoidable measures Health and Safety at Work[:pt]Normas VINCI: Medidas fundamentais e inevit\u00e1veis \u200b\u200bSa\u00fade e Seguran\u00e7a no Trabalho[:] - Grupo Sermicro","og_url":"https:\/\/gruposermicro.com\/normativa-de-vinci-medidas-fundamentales-e-ineludibles-salud-y-seguridad-en-el-trabajo\/","og_site_name":"Grupo Sermicro","article_modified_time":"2022-12-13T12:44:06+00:00","twitter_card":"summary_large_image","schema":{"@context":"https:\/\/schema.org","@graph":[{"@type":"WebPage","@id":"https:\/\/gruposermicro.com\/normativa-de-vinci-medidas-fundamentales-e-ineludibles-salud-y-seguridad-en-el-trabajo\/","url":"https:\/\/gruposermicro.com\/normativa-de-vinci-medidas-fundamentales-e-ineludibles-salud-y-seguridad-en-el-trabajo\/","name":"[:es]Normativa de VINCI : Medidas fundamentales e ineludibles Salud y Seguridad en el Trabajo[:en]VINCI regulations: Fundamental and unavoidable measures Health and Safety at Work[:pt]Normas VINCI: Medidas fundamentais e inevit\u00e1veis \u200b\u200bSa\u00fade e Seguran\u00e7a no Trabalho[:] - Grupo Sermicro","isPartOf":{"@id":"https:\/\/gruposermicro.com\/#website"},"datePublished":"2022-12-13T12:13:54+00:00","dateModified":"2022-12-13T12:44:06+00:00","breadcrumb":{"@id":"https:\/\/gruposermicro.com\/normativa-de-vinci-medidas-fundamentales-e-ineludibles-salud-y-seguridad-en-el-trabajo\/#breadcrumb"},"inLanguage":"pt-PT","potentialAction":[{"@type":"ReadAction","target":["https:\/\/gruposermicro.com\/normativa-de-vinci-medidas-fundamentales-e-ineludibles-salud-y-seguridad-en-el-trabajo\/"]}]},{"@type":"BreadcrumbList","@id":"https:\/\/gruposermicro.com\/normativa-de-vinci-medidas-fundamentales-e-ineludibles-salud-y-seguridad-en-el-trabajo\/#breadcrumb","itemListElement":[{"@type":"ListItem","position":1,"name":"Home","item":"https:\/\/gruposermicro.com\/"},{"@type":"ListItem","position":2,"name":"Normativa de VINCI : Medidas fundamentales e ineludibles Salud y Seguridad en el Trabajo"}]},{"@type":"WebSite","@id":"https:\/\/gruposermicro.com\/#website","url":"https:\/\/gruposermicro.com\/","name":"Grupo Sermicro","description":"El Grupo Sermicro es una empresa integradora de referencia en Soluciones y Servicios en el \u00e1mbito de las Tecnolog\u00edas de la Informaci\u00f3n y las Comunicaciones (TIC)","publisher":{"@id":"https:\/\/gruposermicro.com\/#organization"},"potentialAction":[{"@type":"SearchAction","target":{"@type":"EntryPoint","urlTemplate":"https:\/\/gruposermicro.com\/?s={search_term_string}"},"query-input":{"@type":"PropertyValueSpecification","valueRequired":true,"valueName":"search_term_string"}}],"inLanguage":"pt-PT"},{"@type":"Organization","@id":"https:\/\/gruposermicro.com\/#organization","name":"Grupo Sermicro","url":"https:\/\/gruposermicro.com\/","logo":{"@type":"ImageObject","inLanguage":"pt-PT","@id":"https:\/\/gruposermicro.com\/#\/schema\/logo\/image\/","url":"https:\/\/gruposermicro.com\/wp-content\/uploads\/2018\/05\/LogoGrupoSermicro.png","contentUrl":"https:\/\/gruposermicro.com\/wp-content\/uploads\/2018\/05\/LogoGrupoSermicro.png","width":450,"height":154,"caption":"Grupo Sermicro"},"image":{"@id":"https:\/\/gruposermicro.com\/#\/schema\/logo\/image\/"},"sameAs":["https:\/\/www.linkedin.com\/company\/sermicro\/"]}]}},"_links":{"self":[{"href":"https:\/\/gruposermicro.com\/pt\/wp-json\/wp\/v2\/pages\/3974","targetHints":{"allow":["GET"]}}],"collection":[{"href":"https:\/\/gruposermicro.com\/pt\/wp-json\/wp\/v2\/pages"}],"about":[{"href":"https:\/\/gruposermicro.com\/pt\/wp-json\/wp\/v2\/types\/page"}],"author":[{"embeddable":true,"href":"https:\/\/gruposermicro.com\/pt\/wp-json\/wp\/v2\/users\/6"}],"replies":[{"embeddable":true,"href":"https:\/\/gruposermicro.com\/pt\/wp-json\/wp\/v2\/comments?post=3974"}],"version-history":[{"count":2,"href":"https:\/\/gruposermicro.com\/pt\/wp-json\/wp\/v2\/pages\/3974\/revisions"}],"predecessor-version":[{"id":3998,"href":"https:\/\/gruposermicro.com\/pt\/wp-json\/wp\/v2\/pages\/3974\/revisions\/3998"}],"wp:attachment":[{"href":"https:\/\/gruposermicro.com\/pt\/wp-json\/wp\/v2\/media?parent=3974"}],"wp:term":[{"taxonomy":"category","embeddable":true,"href":"https:\/\/gruposermicro.com\/pt\/wp-json\/wp\/v2\/categories?post=3974"}],"curies":[{"name":"wp","href":"https:\/\/api.w.org\/{rel}","templated":true}]}}