{"id":3976,"date":"2022-12-13T13:15:16","date_gmt":"2022-12-13T12:15:16","guid":{"rendered":"https:\/\/8B4937BE-1525-4F6A-A302-D99131242E84"},"modified":"2024-07-16T12:44:31","modified_gmt":"2024-07-16T10:44:31","slug":"cobra-sce-protocolo-codigo-de-conducta-para-socios-de-negocio","status":"publish","type":"page","link":"https:\/\/gruposermicro.com\/pt\/cobra-sce-protocolo-codigo-de-conducta-para-socios-de-negocio\/","title":{"rendered":"COBRA SCE :  Protocolo C\u00f3digo de Conduta para Parceiros Comerciais"},"content":{"rendered":"<a href=\"https:\/\/gruposermicro.com\/wp-content\/uploads\/2024\/07\/COBRA-SCE-Codigo-de-Conducta-para-Socios-de-Negocio.pdf\" class=\"pdfemb-viewer\" style=\"\" data-width=\"max\" data-height=\"max\" data-toolbar=\"bottom\" data-toolbar-fixed=\"off\">COBRA-SCE-Codigo-de-Conducta-para-Socios-de-Negocio<\/a>\n","protected":false},"excerpt":{"rendered":"","protected":false},"author":6,"featured_media":0,"parent":0,"menu_order":0,"comment_status":"closed","ping_status":"closed","template":"","meta":{"inline_featured_image":false,"footnotes":""},"categories":[],"class_list":["post-3976","page","type-page","status-publish","hentry"],"acf":[],"yoast_head":"<!-- This site is optimized with the Yoast SEO plugin v24.5 - https:\/\/yoast.com\/wordpress\/plugins\/seo\/ -->\n<title>COBRA SCE : Protocolo C\u00f3digo de Conduta para Parceiros Comerciais - Grupo Sermicro<\/title>\n<meta name=\"robots\" content=\"index, follow, max-snippet:-1, max-image-preview:large, max-video-preview:-1\" \/>\n<link rel=\"canonical\" href=\"https:\/\/gruposermicro.com\/cobra-sce-protocolo-codigo-de-conducta-para-socios-de-negocio\/\" \/>\n<meta property=\"og:locale\" content=\"pt_PT\" \/>\n<meta property=\"og:type\" content=\"article\" \/>\n<meta property=\"og:title\" content=\"[:es]COBRA SCE : Protocolo C\u00f3digo de Conducta para Socios de Negocio[:en]COBRA SCE : Protocol Code of Conduct for Business Partners[:pt]COBRA SCE : Protocolo C\u00f3digo de Conduta para Parceiros Comerciais[:] - Grupo Sermicro\" \/>\n<meta property=\"og:url\" content=\"https:\/\/gruposermicro.com\/cobra-sce-protocolo-codigo-de-conducta-para-socios-de-negocio\/\" \/>\n<meta property=\"og:site_name\" content=\"Grupo Sermicro\" \/>\n<meta property=\"article:modified_time\" content=\"2024-07-16T10:44:31+00:00\" \/>\n<meta name=\"twitter:card\" content=\"summary_large_image\" \/>\n<script type=\"application\/ld+json\" class=\"yoast-schema-graph\">{\"@context\":\"https:\/\/schema.org\",\"@graph\":[{\"@type\":\"WebPage\",\"@id\":\"https:\/\/gruposermicro.com\/cobra-sce-protocolo-codigo-de-conducta-para-socios-de-negocio\/\",\"url\":\"https:\/\/gruposermicro.com\/cobra-sce-protocolo-codigo-de-conducta-para-socios-de-negocio\/\",\"name\":\"[:es]COBRA SCE : Protocolo C\u00f3digo de Conducta para Socios de Negocio[:en]COBRA SCE : Protocol Code of Conduct for Business Partners[:pt]COBRA SCE : Protocolo C\u00f3digo de Conduta para Parceiros Comerciais[:] - Grupo Sermicro\",\"isPartOf\":{\"@id\":\"https:\/\/gruposermicro.com\/#website\"},\"datePublished\":\"2022-12-13T12:15:16+00:00\",\"dateModified\":\"2024-07-16T10:44:31+00:00\",\"breadcrumb\":{\"@id\":\"https:\/\/gruposermicro.com\/cobra-sce-protocolo-codigo-de-conducta-para-socios-de-negocio\/#breadcrumb\"},\"inLanguage\":\"pt-PT\",\"potentialAction\":[{\"@type\":\"ReadAction\",\"target\":[\"https:\/\/gruposermicro.com\/cobra-sce-protocolo-codigo-de-conducta-para-socios-de-negocio\/\"]}]},{\"@type\":\"BreadcrumbList\",\"@id\":\"https:\/\/gruposermicro.com\/cobra-sce-protocolo-codigo-de-conducta-para-socios-de-negocio\/#breadcrumb\",\"itemListElement\":[{\"@type\":\"ListItem\",\"position\":1,\"name\":\"Home\",\"item\":\"https:\/\/gruposermicro.com\/\"},{\"@type\":\"ListItem\",\"position\":2,\"name\":\"COBRA SCE : Protocolo C\u00f3digo de Conducta para Socios de Negocio\"}]},{\"@type\":\"WebSite\",\"@id\":\"https:\/\/gruposermicro.com\/#website\",\"url\":\"https:\/\/gruposermicro.com\/\",\"name\":\"Grupo Sermicro\",\"description\":\"El Grupo Sermicro es una empresa integradora de referencia en Soluciones y Servicios en el \u00e1mbito de las Tecnolog\u00edas de la Informaci\u00f3n y las Comunicaciones (TIC)\",\"publisher\":{\"@id\":\"https:\/\/gruposermicro.com\/#organization\"},\"potentialAction\":[{\"@type\":\"SearchAction\",\"target\":{\"@type\":\"EntryPoint\",\"urlTemplate\":\"https:\/\/gruposermicro.com\/?s={search_term_string}\"},\"query-input\":{\"@type\":\"PropertyValueSpecification\",\"valueRequired\":true,\"valueName\":\"search_term_string\"}}],\"inLanguage\":\"pt-PT\"},{\"@type\":\"Organization\",\"@id\":\"https:\/\/gruposermicro.com\/#organization\",\"name\":\"Grupo Sermicro\",\"url\":\"https:\/\/gruposermicro.com\/\",\"logo\":{\"@type\":\"ImageObject\",\"inLanguage\":\"pt-PT\",\"@id\":\"https:\/\/gruposermicro.com\/#\/schema\/logo\/image\/\",\"url\":\"https:\/\/gruposermicro.com\/wp-content\/uploads\/2018\/05\/LogoGrupoSermicro.png\",\"contentUrl\":\"https:\/\/gruposermicro.com\/wp-content\/uploads\/2018\/05\/LogoGrupoSermicro.png\",\"width\":450,\"height\":154,\"caption\":\"Grupo Sermicro\"},\"image\":{\"@id\":\"https:\/\/gruposermicro.com\/#\/schema\/logo\/image\/\"},\"sameAs\":[\"https:\/\/www.linkedin.com\/company\/sermicro\/\"]}]}<\/script>\n<!-- \/ Yoast SEO plugin. -->","yoast_head_json":{"title":"[:es]COBRA SCE : Protocolo C\u00f3digo de Conducta para Socios de Negocio[:en]COBRA SCE : Protocol Code of Conduct for Business Partners[:pt]COBRA SCE : Protocolo C\u00f3digo de Conduta para Parceiros Comerciais[:] - Grupo Sermicro","robots":{"index":"index","follow":"follow","max-snippet":"max-snippet:-1","max-image-preview":"max-image-preview:large","max-video-preview":"max-video-preview:-1"},"canonical":"https:\/\/gruposermicro.com\/cobra-sce-protocolo-codigo-de-conducta-para-socios-de-negocio\/","og_locale":"pt_PT","og_type":"article","og_title":"[:es]COBRA SCE : Protocolo C\u00f3digo de Conducta para Socios de Negocio[:en]COBRA SCE : Protocol Code of Conduct for Business Partners[:pt]COBRA SCE : Protocolo C\u00f3digo de Conduta para Parceiros Comerciais[:] - Grupo Sermicro","og_url":"https:\/\/gruposermicro.com\/cobra-sce-protocolo-codigo-de-conducta-para-socios-de-negocio\/","og_site_name":"Grupo Sermicro","article_modified_time":"2024-07-16T10:44:31+00:00","twitter_card":"summary_large_image","schema":{"@context":"https:\/\/schema.org","@graph":[{"@type":"WebPage","@id":"https:\/\/gruposermicro.com\/cobra-sce-protocolo-codigo-de-conducta-para-socios-de-negocio\/","url":"https:\/\/gruposermicro.com\/cobra-sce-protocolo-codigo-de-conducta-para-socios-de-negocio\/","name":"[:es]COBRA SCE : Protocolo C\u00f3digo de Conducta para Socios de Negocio[:en]COBRA SCE : Protocol Code of Conduct for Business Partners[:pt]COBRA SCE : Protocolo C\u00f3digo de Conduta para Parceiros Comerciais[:] - Grupo Sermicro","isPartOf":{"@id":"https:\/\/gruposermicro.com\/#website"},"datePublished":"2022-12-13T12:15:16+00:00","dateModified":"2024-07-16T10:44:31+00:00","breadcrumb":{"@id":"https:\/\/gruposermicro.com\/cobra-sce-protocolo-codigo-de-conducta-para-socios-de-negocio\/#breadcrumb"},"inLanguage":"pt-PT","potentialAction":[{"@type":"ReadAction","target":["https:\/\/gruposermicro.com\/cobra-sce-protocolo-codigo-de-conducta-para-socios-de-negocio\/"]}]},{"@type":"BreadcrumbList","@id":"https:\/\/gruposermicro.com\/cobra-sce-protocolo-codigo-de-conducta-para-socios-de-negocio\/#breadcrumb","itemListElement":[{"@type":"ListItem","position":1,"name":"Home","item":"https:\/\/gruposermicro.com\/"},{"@type":"ListItem","position":2,"name":"COBRA SCE : Protocolo C\u00f3digo de Conducta para Socios de Negocio"}]},{"@type":"WebSite","@id":"https:\/\/gruposermicro.com\/#website","url":"https:\/\/gruposermicro.com\/","name":"Grupo Sermicro","description":"El Grupo Sermicro es una empresa integradora de referencia en Soluciones y Servicios en el \u00e1mbito de las Tecnolog\u00edas de la Informaci\u00f3n y las Comunicaciones (TIC)","publisher":{"@id":"https:\/\/gruposermicro.com\/#organization"},"potentialAction":[{"@type":"SearchAction","target":{"@type":"EntryPoint","urlTemplate":"https:\/\/gruposermicro.com\/?s={search_term_string}"},"query-input":{"@type":"PropertyValueSpecification","valueRequired":true,"valueName":"search_term_string"}}],"inLanguage":"pt-PT"},{"@type":"Organization","@id":"https:\/\/gruposermicro.com\/#organization","name":"Grupo Sermicro","url":"https:\/\/gruposermicro.com\/","logo":{"@type":"ImageObject","inLanguage":"pt-PT","@id":"https:\/\/gruposermicro.com\/#\/schema\/logo\/image\/","url":"https:\/\/gruposermicro.com\/wp-content\/uploads\/2018\/05\/LogoGrupoSermicro.png","contentUrl":"https:\/\/gruposermicro.com\/wp-content\/uploads\/2018\/05\/LogoGrupoSermicro.png","width":450,"height":154,"caption":"Grupo Sermicro"},"image":{"@id":"https:\/\/gruposermicro.com\/#\/schema\/logo\/image\/"},"sameAs":["https:\/\/www.linkedin.com\/company\/sermicro\/"]}]}},"_links":{"self":[{"href":"https:\/\/gruposermicro.com\/pt\/wp-json\/wp\/v2\/pages\/3976","targetHints":{"allow":["GET"]}}],"collection":[{"href":"https:\/\/gruposermicro.com\/pt\/wp-json\/wp\/v2\/pages"}],"about":[{"href":"https:\/\/gruposermicro.com\/pt\/wp-json\/wp\/v2\/types\/page"}],"author":[{"embeddable":true,"href":"https:\/\/gruposermicro.com\/pt\/wp-json\/wp\/v2\/users\/6"}],"replies":[{"embeddable":true,"href":"https:\/\/gruposermicro.com\/pt\/wp-json\/wp\/v2\/comments?post=3976"}],"version-history":[{"count":5,"href":"https:\/\/gruposermicro.com\/pt\/wp-json\/wp\/v2\/pages\/3976\/revisions"}],"predecessor-version":[{"id":4319,"href":"https:\/\/gruposermicro.com\/pt\/wp-json\/wp\/v2\/pages\/3976\/revisions\/4319"}],"wp:attachment":[{"href":"https:\/\/gruposermicro.com\/pt\/wp-json\/wp\/v2\/media?parent=3976"}],"wp:term":[{"taxonomy":"category","embeddable":true,"href":"https:\/\/gruposermicro.com\/pt\/wp-json\/wp\/v2\/categories?post=3976"}],"curies":[{"name":"wp","href":"https:\/\/api.w.org\/{rel}","templated":true}]}}