{"id":4112,"date":"2023-06-14T07:59:06","date_gmt":"2023-06-14T05:59:06","guid":{"rendered":"https:\/\/B0AA7ACB-05A2-4C14-8C96-3A0A7303EFE2"},"modified":"2023-06-26T13:02:26","modified_gmt":"2023-06-26T11:02:26","slug":"landing-evento-aws","status":"publish","type":"page","link":"https:\/\/gruposermicro.com\/pt\/landing-evento-aws\/","title":{"rendered":"Reg\u00edstrate Evento AWS-Grupo Sermicro"},"content":{"rendered":"<p class=\"qtranxs-available-languages-message qtranxs-available-languages-message-pt\">Desculpe, este conte\u00fado s\u00f3 est\u00e1 dispon\u00edvel em <a href=\"https:\/\/gruposermicro.com\/es\/wp-json\/wp\/v2\/pages\/4112\" class=\"qtranxs-available-language-link qtranxs-available-language-link-es\" title=\"ES\">ES<\/a>.<\/p>","protected":false},"excerpt":{"rendered":"<p>Desculpe, este conte\u00fado s\u00f3 est\u00e1 dispon\u00edvel em ES.<\/p>\n","protected":false},"author":6,"featured_media":0,"parent":0,"menu_order":0,"comment_status":"closed","ping_status":"closed","template":"","meta":{"inline_featured_image":false,"footnotes":""},"class_list":["post-4112","page","type-page","status-publish","hentry"],"acf":[],"yoast_head":"<!-- This site is optimized with the Yoast SEO plugin v24.5 - https:\/\/yoast.com\/wordpress\/plugins\/seo\/ -->\n<title><\/title>\n<meta name=\"description\" content=\"Disaster Recovery &amp; Automation as a Service. Dirigido a medianas y grandes empresas. Reg\u00edstrate, plazas limitadas\" \/>\n<meta name=\"robots\" content=\"index, follow, max-snippet:-1, max-image-preview:large, max-video-preview:-1\" \/>\n<link rel=\"canonical\" href=\"https:\/\/gruposermicro.com\/landing-evento-aws\/\" \/>\n<meta property=\"og:locale\" content=\"pt_PT\" \/>\n<meta property=\"og:type\" content=\"article\" \/>\n<meta property=\"og:title\" content=\"Reg\u00edstrate Evento AWS-Grupo Sermicro\" \/>\n<meta property=\"og:description\" content=\"Disaster Recovery &amp; Automation as a Service. Dirigido a medianas y grandes empresas. Reg\u00edstrate, plazas limitadas\" \/>\n<meta property=\"og:url\" content=\"https:\/\/gruposermicro.com\/landing-evento-aws\/\" \/>\n<meta property=\"og:site_name\" content=\"Grupo Sermicro\" \/>\n<meta property=\"article:modified_time\" content=\"2023-06-26T11:02:26+00:00\" \/>\n<meta property=\"og:image\" content=\"https:\/\/gruposermicro.com\/wp-content\/uploads\/2023\/06\/landing-evento-aws-3-julio.jpg\" \/>\n<meta name=\"twitter:card\" content=\"summary_large_image\" \/>\n<script type=\"application\/ld+json\" class=\"yoast-schema-graph\">{\"@context\":\"https:\/\/schema.org\",\"@graph\":[{\"@type\":\"WebPage\",\"@id\":\"https:\/\/gruposermicro.com\/landing-evento-aws\/\",\"url\":\"https:\/\/gruposermicro.com\/landing-evento-aws\/\",\"name\":\"[:es]Reg\u00edstrate Evento AWS-Grupo Sermicro[:en]Reg\u00edstrate Evento AWS-Grupo Sermicro[:] - Grupo Sermicro\",\"isPartOf\":{\"@id\":\"https:\/\/gruposermicro.com\/#website\"},\"primaryImageOfPage\":{\"@id\":\"https:\/\/gruposermicro.com\/landing-evento-aws\/#primaryimage\"},\"image\":{\"@id\":\"https:\/\/gruposermicro.com\/landing-evento-aws\/#primaryimage\"},\"thumbnailUrl\":\"https:\/\/gruposermicro.com\/wp-content\/uploads\/2023\/06\/landing-evento-aws-3-julio.jpg\",\"datePublished\":\"2023-06-14T05:59:06+00:00\",\"dateModified\":\"2023-06-26T11:02:26+00:00\",\"description\":\"Disaster Recovery & Automation as a Service. Dirigido a medianas y grandes empresas. Reg\u00edstrate, plazas limitadas\",\"breadcrumb\":{\"@id\":\"https:\/\/gruposermicro.com\/landing-evento-aws\/#breadcrumb\"},\"inLanguage\":\"pt-PT\",\"potentialAction\":[{\"@type\":\"ReadAction\",\"target\":[\"https:\/\/gruposermicro.com\/landing-evento-aws\/\"]}]},{\"@type\":\"ImageObject\",\"inLanguage\":\"pt-PT\",\"@id\":\"https:\/\/gruposermicro.com\/landing-evento-aws\/#primaryimage\",\"url\":\"https:\/\/gruposermicro.com\/wp-content\/uploads\/2023\/06\/landing-evento-aws-3-julio.jpg\",\"contentUrl\":\"https:\/\/gruposermicro.com\/wp-content\/uploads\/2023\/06\/landing-evento-aws-3-julio.jpg\"},{\"@type\":\"BreadcrumbList\",\"@id\":\"https:\/\/gruposermicro.com\/landing-evento-aws\/#breadcrumb\",\"itemListElement\":[{\"@type\":\"ListItem\",\"position\":1,\"name\":\"Home\",\"item\":\"https:\/\/gruposermicro.com\/\"},{\"@type\":\"ListItem\",\"position\":2,\"name\":\"Reg\u00edstrate Evento AWS-Grupo Sermicro\"}]},{\"@type\":\"WebSite\",\"@id\":\"https:\/\/gruposermicro.com\/#website\",\"url\":\"https:\/\/gruposermicro.com\/\",\"name\":\"Grupo Sermicro\",\"description\":\"El Grupo Sermicro es una empresa integradora de referencia en Soluciones y Servicios en el \u00e1mbito de las Tecnolog\u00edas de la Informaci\u00f3n y las Comunicaciones (TIC)\",\"publisher\":{\"@id\":\"https:\/\/gruposermicro.com\/#organization\"},\"potentialAction\":[{\"@type\":\"SearchAction\",\"target\":{\"@type\":\"EntryPoint\",\"urlTemplate\":\"https:\/\/gruposermicro.com\/?s={search_term_string}\"},\"query-input\":{\"@type\":\"PropertyValueSpecification\",\"valueRequired\":true,\"valueName\":\"search_term_string\"}}],\"inLanguage\":\"pt-PT\"},{\"@type\":\"Organization\",\"@id\":\"https:\/\/gruposermicro.com\/#organization\",\"name\":\"Grupo Sermicro\",\"url\":\"https:\/\/gruposermicro.com\/\",\"logo\":{\"@type\":\"ImageObject\",\"inLanguage\":\"pt-PT\",\"@id\":\"https:\/\/gruposermicro.com\/#\/schema\/logo\/image\/\",\"url\":\"https:\/\/gruposermicro.com\/wp-content\/uploads\/2018\/05\/LogoGrupoSermicro.png\",\"contentUrl\":\"https:\/\/gruposermicro.com\/wp-content\/uploads\/2018\/05\/LogoGrupoSermicro.png\",\"width\":450,\"height\":154,\"caption\":\"Grupo Sermicro\"},\"image\":{\"@id\":\"https:\/\/gruposermicro.com\/#\/schema\/logo\/image\/\"},\"sameAs\":[\"https:\/\/www.linkedin.com\/company\/sermicro\/\"]}]}<\/script>\n<!-- \/ Yoast SEO plugin. -->","yoast_head_json":{"title":"[:es]Reg\u00edstrate Evento AWS-Grupo Sermicro[:en]Reg\u00edstrate Evento AWS-Grupo Sermicro[:] - Grupo Sermicro","description":"Disaster Recovery & Automation as a Service. Dirigido a medianas y grandes empresas. Reg\u00edstrate, plazas limitadas","robots":{"index":"index","follow":"follow","max-snippet":"max-snippet:-1","max-image-preview":"max-image-preview:large","max-video-preview":"max-video-preview:-1"},"canonical":"https:\/\/gruposermicro.com\/landing-evento-aws\/","og_locale":"pt_PT","og_type":"article","og_title":"Reg\u00edstrate Evento AWS-Grupo Sermicro","og_description":"Disaster Recovery & Automation as a Service. Dirigido a medianas y grandes empresas. Reg\u00edstrate, plazas limitadas","og_url":"https:\/\/gruposermicro.com\/landing-evento-aws\/","og_site_name":"Grupo Sermicro","article_modified_time":"2023-06-26T11:02:26+00:00","og_image":[{"url":"https:\/\/gruposermicro.com\/wp-content\/uploads\/2023\/06\/landing-evento-aws-3-julio.jpg","type":"","width":"","height":""}],"twitter_card":"summary_large_image","schema":{"@context":"https:\/\/schema.org","@graph":[{"@type":"WebPage","@id":"https:\/\/gruposermicro.com\/landing-evento-aws\/","url":"https:\/\/gruposermicro.com\/landing-evento-aws\/","name":"[:es]Reg\u00edstrate Evento AWS-Grupo Sermicro[:en]Reg\u00edstrate Evento AWS-Grupo Sermicro[:] - Grupo Sermicro","isPartOf":{"@id":"https:\/\/gruposermicro.com\/#website"},"primaryImageOfPage":{"@id":"https:\/\/gruposermicro.com\/landing-evento-aws\/#primaryimage"},"image":{"@id":"https:\/\/gruposermicro.com\/landing-evento-aws\/#primaryimage"},"thumbnailUrl":"https:\/\/gruposermicro.com\/wp-content\/uploads\/2023\/06\/landing-evento-aws-3-julio.jpg","datePublished":"2023-06-14T05:59:06+00:00","dateModified":"2023-06-26T11:02:26+00:00","description":"Disaster Recovery & Automation as a Service. Dirigido a medianas y grandes empresas. Reg\u00edstrate, plazas limitadas","breadcrumb":{"@id":"https:\/\/gruposermicro.com\/landing-evento-aws\/#breadcrumb"},"inLanguage":"pt-PT","potentialAction":[{"@type":"ReadAction","target":["https:\/\/gruposermicro.com\/landing-evento-aws\/"]}]},{"@type":"ImageObject","inLanguage":"pt-PT","@id":"https:\/\/gruposermicro.com\/landing-evento-aws\/#primaryimage","url":"https:\/\/gruposermicro.com\/wp-content\/uploads\/2023\/06\/landing-evento-aws-3-julio.jpg","contentUrl":"https:\/\/gruposermicro.com\/wp-content\/uploads\/2023\/06\/landing-evento-aws-3-julio.jpg"},{"@type":"BreadcrumbList","@id":"https:\/\/gruposermicro.com\/landing-evento-aws\/#breadcrumb","itemListElement":[{"@type":"ListItem","position":1,"name":"Home","item":"https:\/\/gruposermicro.com\/"},{"@type":"ListItem","position":2,"name":"Reg\u00edstrate Evento AWS-Grupo Sermicro"}]},{"@type":"WebSite","@id":"https:\/\/gruposermicro.com\/#website","url":"https:\/\/gruposermicro.com\/","name":"Grupo Sermicro","description":"El Grupo Sermicro es una empresa integradora de referencia en Soluciones y Servicios en el \u00e1mbito de las Tecnolog\u00edas de la Informaci\u00f3n y las Comunicaciones (TIC)","publisher":{"@id":"https:\/\/gruposermicro.com\/#organization"},"potentialAction":[{"@type":"SearchAction","target":{"@type":"EntryPoint","urlTemplate":"https:\/\/gruposermicro.com\/?s={search_term_string}"},"query-input":{"@type":"PropertyValueSpecification","valueRequired":true,"valueName":"search_term_string"}}],"inLanguage":"pt-PT"},{"@type":"Organization","@id":"https:\/\/gruposermicro.com\/#organization","name":"Grupo Sermicro","url":"https:\/\/gruposermicro.com\/","logo":{"@type":"ImageObject","inLanguage":"pt-PT","@id":"https:\/\/gruposermicro.com\/#\/schema\/logo\/image\/","url":"https:\/\/gruposermicro.com\/wp-content\/uploads\/2018\/05\/LogoGrupoSermicro.png","contentUrl":"https:\/\/gruposermicro.com\/wp-content\/uploads\/2018\/05\/LogoGrupoSermicro.png","width":450,"height":154,"caption":"Grupo Sermicro"},"image":{"@id":"https:\/\/gruposermicro.com\/#\/schema\/logo\/image\/"},"sameAs":["https:\/\/www.linkedin.com\/company\/sermicro\/"]}]}},"_links":{"self":[{"href":"https:\/\/gruposermicro.com\/pt\/wp-json\/wp\/v2\/pages\/4112","targetHints":{"allow":["GET"]}}],"collection":[{"href":"https:\/\/gruposermicro.com\/pt\/wp-json\/wp\/v2\/pages"}],"about":[{"href":"https:\/\/gruposermicro.com\/pt\/wp-json\/wp\/v2\/types\/page"}],"author":[{"embeddable":true,"href":"https:\/\/gruposermicro.com\/pt\/wp-json\/wp\/v2\/users\/6"}],"replies":[{"embeddable":true,"href":"https:\/\/gruposermicro.com\/pt\/wp-json\/wp\/v2\/comments?post=4112"}],"version-history":[{"count":0,"href":"https:\/\/gruposermicro.com\/pt\/wp-json\/wp\/v2\/pages\/4112\/revisions"}],"wp:attachment":[{"href":"https:\/\/gruposermicro.com\/pt\/wp-json\/wp\/v2\/media?parent=4112"}],"curies":[{"name":"wp","href":"https:\/\/api.w.org\/{rel}","templated":true}]}}