{"id":4144,"date":"2023-06-15T10:17:52","date_gmt":"2023-06-15T08:17:52","guid":{"rendered":"https:\/\/4CA3D81D-492D-42FD-94E9-3B29B41D8CDD"},"modified":"2023-08-09T10:20:30","modified_gmt":"2023-08-09T08:20:30","slug":"solucion-tecnica-control-de-horario","status":"publish","type":"page","link":"https:\/\/gruposermicro.com\/pt\/solucion-tecnica-control-de-horario\/","title":{"rendered":"Control del horario en la gesti\u00f3n de Recursos Humanos"},"content":{"rendered":"<p class=\"qtranxs-available-languages-message qtranxs-available-languages-message-pt\">Desculpe, este conte\u00fado s\u00f3 est\u00e1 dispon\u00edvel em <a href=\"https:\/\/gruposermicro.com\/es\/wp-json\/wp\/v2\/pages\/4144\" class=\"qtranxs-available-language-link qtranxs-available-language-link-es\" title=\"ES\">ES<\/a>.<\/p>","protected":false},"excerpt":{"rendered":"<p>Desculpe, este conte\u00fado s\u00f3 est\u00e1 dispon\u00edvel em ES.<\/p>\n","protected":false},"author":6,"featured_media":4191,"parent":0,"menu_order":0,"comment_status":"closed","ping_status":"closed","template":"","meta":{"inline_featured_image":false,"footnotes":""},"class_list":["post-4144","page","type-page","status-publish","has-post-thumbnail","hentry"],"acf":[],"yoast_head":"<!-- This site is optimized with the Yoast SEO plugin v24.5 - https:\/\/yoast.com\/wordpress\/plugins\/seo\/ -->\n<title><\/title>\n<meta name=\"description\" content=\"Facilita la digitalizaci\u00f3n y asegura la continuidad de tu negocio con nuestros servicios de gesti\u00f3n e integraci\u00f3n.\" \/>\n<meta name=\"robots\" content=\"index, follow, max-snippet:-1, max-image-preview:large, max-video-preview:-1\" \/>\n<link rel=\"canonical\" href=\"https:\/\/gruposermicro.com\/solucion-tecnica-control-de-horario\/\" \/>\n<meta property=\"og:locale\" content=\"pt_PT\" \/>\n<meta property=\"og:type\" content=\"article\" \/>\n<meta property=\"og:title\" content=\"Control del horario en la gesti\u00f3n de Recursos Humanos\" \/>\n<meta property=\"og:description\" content=\"Facilita la digitalizaci\u00f3n y asegura la continuidad de tu negocio con nuestros servicios de gesti\u00f3n e integraci\u00f3n.\" \/>\n<meta property=\"og:url\" content=\"https:\/\/gruposermicro.com\/solucion-tecnica-control-de-horario\/\" \/>\n<meta property=\"og:site_name\" content=\"Grupo Sermicro\" \/>\n<meta property=\"article:modified_time\" content=\"2023-08-09T08:20:30+00:00\" \/>\n<meta property=\"og:image\" content=\"http:\/\/gruposermicro.com\/wp-content\/uploads\/2023\/08\/Dinsa-18.jpg\" \/>\n\t<meta property=\"og:image:width\" content=\"1280\" \/>\n\t<meta property=\"og:image:height\" content=\"720\" \/>\n\t<meta property=\"og:image:type\" content=\"image\/jpeg\" \/>\n<meta name=\"twitter:card\" content=\"summary_large_image\" \/>\n<meta name=\"twitter:label1\" content=\"Tempo estimado de leitura\" \/>\n\t<meta name=\"twitter:data1\" content=\"1 minuto\" \/>\n<script type=\"application\/ld+json\" class=\"yoast-schema-graph\">{\"@context\":\"https:\/\/schema.org\",\"@graph\":[{\"@type\":\"WebPage\",\"@id\":\"https:\/\/gruposermicro.com\/solucion-tecnica-control-de-horario\/\",\"url\":\"https:\/\/gruposermicro.com\/solucion-tecnica-control-de-horario\/\",\"name\":\"[:es]Control del horario en la gesti\u00f3n de Recursos Humanos[:] - Grupo Sermicro\",\"isPartOf\":{\"@id\":\"https:\/\/gruposermicro.com\/#website\"},\"primaryImageOfPage\":{\"@id\":\"https:\/\/gruposermicro.com\/solucion-tecnica-control-de-horario\/#primaryimage\"},\"image\":{\"@id\":\"https:\/\/gruposermicro.com\/solucion-tecnica-control-de-horario\/#primaryimage\"},\"thumbnailUrl\":\"https:\/\/gruposermicro.com\/wp-content\/uploads\/2023\/08\/Dinsa-18.jpg\",\"datePublished\":\"2023-06-15T08:17:52+00:00\",\"dateModified\":\"2023-08-09T08:20:30+00:00\",\"description\":\"Facilita la digitalizaci\u00f3n y asegura la continuidad de tu negocio con nuestros servicios de gesti\u00f3n e integraci\u00f3n.\",\"breadcrumb\":{\"@id\":\"https:\/\/gruposermicro.com\/solucion-tecnica-control-de-horario\/#breadcrumb\"},\"inLanguage\":\"pt-PT\",\"potentialAction\":[{\"@type\":\"ReadAction\",\"target\":[\"https:\/\/gruposermicro.com\/solucion-tecnica-control-de-horario\/\"]}]},{\"@type\":\"ImageObject\",\"inLanguage\":\"pt-PT\",\"@id\":\"https:\/\/gruposermicro.com\/solucion-tecnica-control-de-horario\/#primaryimage\",\"url\":\"https:\/\/gruposermicro.com\/wp-content\/uploads\/2023\/08\/Dinsa-18.jpg\",\"contentUrl\":\"https:\/\/gruposermicro.com\/wp-content\/uploads\/2023\/08\/Dinsa-18.jpg\",\"width\":1280,\"height\":720},{\"@type\":\"BreadcrumbList\",\"@id\":\"https:\/\/gruposermicro.com\/solucion-tecnica-control-de-horario\/#breadcrumb\",\"itemListElement\":[{\"@type\":\"ListItem\",\"position\":1,\"name\":\"Home\",\"item\":\"https:\/\/gruposermicro.com\/\"},{\"@type\":\"ListItem\",\"position\":2,\"name\":\"Control del horario en la gesti\u00f3n de Recursos Humanos\"}]},{\"@type\":\"WebSite\",\"@id\":\"https:\/\/gruposermicro.com\/#website\",\"url\":\"https:\/\/gruposermicro.com\/\",\"name\":\"Grupo Sermicro\",\"description\":\"El Grupo Sermicro es una empresa integradora de referencia en Soluciones y Servicios en el \u00e1mbito de las Tecnolog\u00edas de la Informaci\u00f3n y las Comunicaciones (TIC)\",\"publisher\":{\"@id\":\"https:\/\/gruposermicro.com\/#organization\"},\"potentialAction\":[{\"@type\":\"SearchAction\",\"target\":{\"@type\":\"EntryPoint\",\"urlTemplate\":\"https:\/\/gruposermicro.com\/?s={search_term_string}\"},\"query-input\":{\"@type\":\"PropertyValueSpecification\",\"valueRequired\":true,\"valueName\":\"search_term_string\"}}],\"inLanguage\":\"pt-PT\"},{\"@type\":\"Organization\",\"@id\":\"https:\/\/gruposermicro.com\/#organization\",\"name\":\"Grupo Sermicro\",\"url\":\"https:\/\/gruposermicro.com\/\",\"logo\":{\"@type\":\"ImageObject\",\"inLanguage\":\"pt-PT\",\"@id\":\"https:\/\/gruposermicro.com\/#\/schema\/logo\/image\/\",\"url\":\"https:\/\/gruposermicro.com\/wp-content\/uploads\/2018\/05\/LogoGrupoSermicro.png\",\"contentUrl\":\"https:\/\/gruposermicro.com\/wp-content\/uploads\/2018\/05\/LogoGrupoSermicro.png\",\"width\":450,\"height\":154,\"caption\":\"Grupo Sermicro\"},\"image\":{\"@id\":\"https:\/\/gruposermicro.com\/#\/schema\/logo\/image\/\"},\"sameAs\":[\"https:\/\/www.linkedin.com\/company\/sermicro\/\"]}]}<\/script>\n<!-- \/ Yoast SEO plugin. -->","yoast_head_json":{"title":"[:es]Control del horario en la gesti\u00f3n de Recursos Humanos[:] - Grupo Sermicro","description":"Facilita la digitalizaci\u00f3n y asegura la continuidad de tu negocio con nuestros servicios de gesti\u00f3n e integraci\u00f3n.","robots":{"index":"index","follow":"follow","max-snippet":"max-snippet:-1","max-image-preview":"max-image-preview:large","max-video-preview":"max-video-preview:-1"},"canonical":"https:\/\/gruposermicro.com\/solucion-tecnica-control-de-horario\/","og_locale":"pt_PT","og_type":"article","og_title":"Control del horario en la gesti\u00f3n de Recursos Humanos","og_description":"Facilita la digitalizaci\u00f3n y asegura la continuidad de tu negocio con nuestros servicios de gesti\u00f3n e integraci\u00f3n.","og_url":"https:\/\/gruposermicro.com\/solucion-tecnica-control-de-horario\/","og_site_name":"Grupo Sermicro","article_modified_time":"2023-08-09T08:20:30+00:00","og_image":[{"width":1280,"height":720,"url":"http:\/\/gruposermicro.com\/wp-content\/uploads\/2023\/08\/Dinsa-18.jpg","type":"image\/jpeg"}],"twitter_card":"summary_large_image","twitter_misc":{"Tempo estimado de leitura":"1 minuto"},"schema":{"@context":"https:\/\/schema.org","@graph":[{"@type":"WebPage","@id":"https:\/\/gruposermicro.com\/solucion-tecnica-control-de-horario\/","url":"https:\/\/gruposermicro.com\/solucion-tecnica-control-de-horario\/","name":"[:es]Control del horario en la gesti\u00f3n de Recursos Humanos[:] - Grupo Sermicro","isPartOf":{"@id":"https:\/\/gruposermicro.com\/#website"},"primaryImageOfPage":{"@id":"https:\/\/gruposermicro.com\/solucion-tecnica-control-de-horario\/#primaryimage"},"image":{"@id":"https:\/\/gruposermicro.com\/solucion-tecnica-control-de-horario\/#primaryimage"},"thumbnailUrl":"https:\/\/gruposermicro.com\/wp-content\/uploads\/2023\/08\/Dinsa-18.jpg","datePublished":"2023-06-15T08:17:52+00:00","dateModified":"2023-08-09T08:20:30+00:00","description":"Facilita la digitalizaci\u00f3n y asegura la continuidad de tu negocio con nuestros servicios de gesti\u00f3n e integraci\u00f3n.","breadcrumb":{"@id":"https:\/\/gruposermicro.com\/solucion-tecnica-control-de-horario\/#breadcrumb"},"inLanguage":"pt-PT","potentialAction":[{"@type":"ReadAction","target":["https:\/\/gruposermicro.com\/solucion-tecnica-control-de-horario\/"]}]},{"@type":"ImageObject","inLanguage":"pt-PT","@id":"https:\/\/gruposermicro.com\/solucion-tecnica-control-de-horario\/#primaryimage","url":"https:\/\/gruposermicro.com\/wp-content\/uploads\/2023\/08\/Dinsa-18.jpg","contentUrl":"https:\/\/gruposermicro.com\/wp-content\/uploads\/2023\/08\/Dinsa-18.jpg","width":1280,"height":720},{"@type":"BreadcrumbList","@id":"https:\/\/gruposermicro.com\/solucion-tecnica-control-de-horario\/#breadcrumb","itemListElement":[{"@type":"ListItem","position":1,"name":"Home","item":"https:\/\/gruposermicro.com\/"},{"@type":"ListItem","position":2,"name":"Control del horario en la gesti\u00f3n de Recursos Humanos"}]},{"@type":"WebSite","@id":"https:\/\/gruposermicro.com\/#website","url":"https:\/\/gruposermicro.com\/","name":"Grupo Sermicro","description":"El Grupo Sermicro es una empresa integradora de referencia en Soluciones y Servicios en el \u00e1mbito de las Tecnolog\u00edas de la Informaci\u00f3n y las Comunicaciones (TIC)","publisher":{"@id":"https:\/\/gruposermicro.com\/#organization"},"potentialAction":[{"@type":"SearchAction","target":{"@type":"EntryPoint","urlTemplate":"https:\/\/gruposermicro.com\/?s={search_term_string}"},"query-input":{"@type":"PropertyValueSpecification","valueRequired":true,"valueName":"search_term_string"}}],"inLanguage":"pt-PT"},{"@type":"Organization","@id":"https:\/\/gruposermicro.com\/#organization","name":"Grupo Sermicro","url":"https:\/\/gruposermicro.com\/","logo":{"@type":"ImageObject","inLanguage":"pt-PT","@id":"https:\/\/gruposermicro.com\/#\/schema\/logo\/image\/","url":"https:\/\/gruposermicro.com\/wp-content\/uploads\/2018\/05\/LogoGrupoSermicro.png","contentUrl":"https:\/\/gruposermicro.com\/wp-content\/uploads\/2018\/05\/LogoGrupoSermicro.png","width":450,"height":154,"caption":"Grupo Sermicro"},"image":{"@id":"https:\/\/gruposermicro.com\/#\/schema\/logo\/image\/"},"sameAs":["https:\/\/www.linkedin.com\/company\/sermicro\/"]}]}},"_links":{"self":[{"href":"https:\/\/gruposermicro.com\/pt\/wp-json\/wp\/v2\/pages\/4144","targetHints":{"allow":["GET"]}}],"collection":[{"href":"https:\/\/gruposermicro.com\/pt\/wp-json\/wp\/v2\/pages"}],"about":[{"href":"https:\/\/gruposermicro.com\/pt\/wp-json\/wp\/v2\/types\/page"}],"author":[{"embeddable":true,"href":"https:\/\/gruposermicro.com\/pt\/wp-json\/wp\/v2\/users\/6"}],"replies":[{"embeddable":true,"href":"https:\/\/gruposermicro.com\/pt\/wp-json\/wp\/v2\/comments?post=4144"}],"version-history":[{"count":0,"href":"https:\/\/gruposermicro.com\/pt\/wp-json\/wp\/v2\/pages\/4144\/revisions"}],"wp:featuredmedia":[{"embeddable":true,"href":"https:\/\/gruposermicro.com\/pt\/wp-json\/wp\/v2\/media\/4191"}],"wp:attachment":[{"href":"https:\/\/gruposermicro.com\/pt\/wp-json\/wp\/v2\/media?parent=4144"}],"curies":[{"name":"wp","href":"https:\/\/api.w.org\/{rel}","templated":true}]}}