{"id":4439,"date":"2025-12-10T14:29:03","date_gmt":"2025-12-10T13:29:03","guid":{"rendered":"https:\/\/A4743671-43F7-4C1A-BE3A-87A791E1C1B4"},"modified":"2025-12-10T14:46:47","modified_gmt":"2025-12-10T13:46:47","slug":"canal-denuncias","status":"publish","type":"page","link":"https:\/\/gruposermicro.com\/pt\/canal-denuncias\/","title":{"rendered":"Canal de Den\u00fancias"},"content":{"rendered":"<p><\/p>\n<p>Qualquer pessoa que tenha conhecimento ou suspeite de alguma infra\u00e7\u00e3o, a\u00e7\u00e3o ilegal, comportamento inadequado, etc., pode utilizar, al\u00e9m do reporte ao Respons\u00e1vel de Conformidade Corporativa, os seguintes meios dispon\u00edveis:<\/p>\n<div><strong>Plataforma digital:<\/strong> <a href=\"https:\/\/cobrais.integrityline.com\" target=\"_blank\">https:\/\/cobrais.integrityline.com<\/a><\/div>\n<p><strong>Linha telef\u00f4nica:<\/strong> +34 910 477 636 (Ramal 9756)<\/p>\n<p>Correspond\u00eancia postal dirigida ao Respons\u00e1vel de Conformidade Corporativa, Rua Pradillo, 48-50; 28002, Madrid (Espanha).<\/p>\n<p>Esses meios servem como forma de den\u00fancia de qualquer viola\u00e7\u00e3o da legisla\u00e7\u00e3o e\/ou das normas internas que possam surgir no desenvolvimento das atividades da organiza\u00e7\u00e3o, garantindo sempre a confidencialidade do assunto e a aus\u00eancia de retalia\u00e7\u00f5es pelo envio da den\u00fancia.<\/p>\n<div>Para esclarecer d\u00favidas ou quest\u00f5es relacionadas \u00e0 Conformidade, est\u00e1 dispon\u00edvel o seguinte e-mail: <a href=\"mailto:gestion.compliance@sermicro.com\">gestion.compliance@sermicro.com<\/a><\/div>\n<hr \/>\n<p><small>Todas as pessoas que, de boa-f\u00e9, transmitirem as suas comunica\u00e7\u00f5es ser\u00e3o protegidas contra qualquer tipo de discrimina\u00e7\u00e3o, retalia\u00e7\u00e3o ou penaliza\u00e7\u00e3o em raz\u00e3o das mesmas. As den\u00fancias falsas ou difamat\u00f3rias ser\u00e3o objeto de san\u00e7\u00e3o disciplinar de acordo com os procedimentos internos, conven\u00e7\u00f5es e normativa legal aplic\u00e1vel. Ser\u00e1 garantida a confidencialidade da identidade do denunciante. A identidade do denunciante n\u00e3o ser\u00e1 divulgada a terceiros, nem \u00e0 pessoa denunciada, nem \u00e0 dire\u00e7\u00e3o, exceto quando a sua divulga\u00e7\u00e3o seja necess\u00e1ria \u00e0s pessoas pertinentes envolvidas em qualquer investiga\u00e7\u00e3o posterior ou procedimento judicial instaurado como consequ\u00eancia da investiga\u00e7\u00e3o realizada pelo Sistema de Gest\u00e3o de Conformidade Normativa. Em conformidade com a legisla\u00e7\u00e3o aplic\u00e1vel de Prote\u00e7\u00e3o de Dados Pessoais, informa-se que os dados recolhidos atrav\u00e9s deste Canal \u00c9tico ser\u00e3o tratados pela COBRA GESTI\u00d3N DE INFRAESTRUCTURAS, S.A.U. e suas sociedades dependentes, com a finalidade de gerir as correspondentes den\u00fancias e consultas, de acordo com o estabelecido no Programa de Conformidade Corporativa e na normativa interna. A base legal para este tratamento \u00e9 o consentimento do titular ao enviar voluntariamente a informa\u00e7\u00e3o. Os dados ser\u00e3o conservados enquanto durar a investiga\u00e7\u00e3o e n\u00e3o for solicitada a sua elimina\u00e7\u00e3o e, em qualquer caso, em cumprimento dos prazos legais de prescri\u00e7\u00e3o que sejam aplic\u00e1veis. A informa\u00e7\u00e3o recebida poder\u00e1 ser cedida \u00e0s sociedades que correspondam caso seja necess\u00e1rio para o objeto da investiga\u00e7\u00e3o. Pode consultar as sociedades do Grupo COBRA em qualquer registo oficial de informa\u00e7\u00e3o. Da mesma forma, informa-se que, em qualquer caso, o titular poder\u00e1 exercer, a qualquer momento, os direitos de acesso, retifica\u00e7\u00e3o, elimina\u00e7\u00e3o, portabilidade, limita\u00e7\u00e3o ou oposi\u00e7\u00e3o, dirigindo-se ao e-mail dpd@grupocobra.com ou por escrito para o endere\u00e7o Calle Cardenal Marcelo Sp\u00ednola, 10, 28016, Madrid (Espanha).<\/small><\/p>","protected":false},"excerpt":{"rendered":"<p>Qualquer pessoa que tenha conhecimento ou suspeite de alguma infra\u00e7\u00e3o, a\u00e7\u00e3o ilegal, comportamento inadequado, etc., pode utilizar, al\u00e9m do reporte ao Respons\u00e1vel de Conformidade Corporativa, os seguintes meios dispon\u00edveis: Plataforma digital: https:\/\/cobrais.integrityline.com Linha telef\u00f4nica: +34 910 477 636 (Ramal 9756) Correspond\u00eancia postal dirigida ao Respons\u00e1vel de Conformidade Corporativa, Rua Pradillo, 48-50; 28002, Madrid (Espanha). Esses [&hellip;]<\/p>\n","protected":false},"author":6,"featured_media":0,"parent":0,"menu_order":0,"comment_status":"closed","ping_status":"closed","template":"","meta":{"inline_featured_image":false,"footnotes":""},"categories":[],"class_list":["post-4439","page","type-page","status-publish","hentry"],"acf":[],"yoast_head":"<!-- This site is optimized with the Yoast SEO plugin v24.5 - https:\/\/yoast.com\/wordpress\/plugins\/seo\/ -->\n<title>Canal de Den\u00fancias - Grupo Sermicro<\/title>\n<meta name=\"robots\" content=\"index, follow, max-snippet:-1, max-image-preview:large, max-video-preview:-1\" \/>\n<link rel=\"canonical\" href=\"https:\/\/gruposermicro.com\/canal-denuncias\/\" \/>\n<meta property=\"og:locale\" content=\"pt_PT\" \/>\n<meta property=\"og:type\" content=\"article\" \/>\n<meta property=\"og:title\" content=\"[:es]Canal Denuncias[:en]Whistleblowing Channel[:pt]Canal de Den\u00fancias[:] - Grupo Sermicro\" \/>\n<meta property=\"og:description\" content=\"Qualquer pessoa que tenha conhecimento ou suspeite de alguma infra\u00e7\u00e3o, a\u00e7\u00e3o ilegal, comportamento inadequado, etc., pode utilizar, al\u00e9m do reporte ao Respons\u00e1vel de Conformidade Corporativa, os seguintes meios dispon\u00edveis: Plataforma digital: https:\/\/cobrais.integrityline.com Linha telef\u00f4nica: +34 910 477 636 (Ramal 9756) Correspond\u00eancia postal dirigida ao Respons\u00e1vel de Conformidade Corporativa, Rua Pradillo, 48-50; 28002, Madrid (Espanha). Esses [&hellip;]\" \/>\n<meta property=\"og:url\" content=\"https:\/\/gruposermicro.com\/canal-denuncias\/\" \/>\n<meta property=\"og:site_name\" content=\"Grupo Sermicro\" \/>\n<meta property=\"article:modified_time\" content=\"2025-12-10T13:46:47+00:00\" \/>\n<meta name=\"twitter:card\" content=\"summary_large_image\" \/>\n<meta name=\"twitter:label1\" content=\"Tempo estimado de leitura\" \/>\n\t<meta name=\"twitter:data1\" content=\"7 minutos\" \/>\n<script type=\"application\/ld+json\" class=\"yoast-schema-graph\">{\"@context\":\"https:\/\/schema.org\",\"@graph\":[{\"@type\":\"WebPage\",\"@id\":\"https:\/\/gruposermicro.com\/canal-denuncias\/\",\"url\":\"https:\/\/gruposermicro.com\/canal-denuncias\/\",\"name\":\"[:es]Canal Denuncias[:en]Whistleblowing Channel[:pt]Canal de Den\u00fancias[:] - Grupo Sermicro\",\"isPartOf\":{\"@id\":\"https:\/\/gruposermicro.com\/#website\"},\"datePublished\":\"2025-12-10T13:29:03+00:00\",\"dateModified\":\"2025-12-10T13:46:47+00:00\",\"breadcrumb\":{\"@id\":\"https:\/\/gruposermicro.com\/canal-denuncias\/#breadcrumb\"},\"inLanguage\":\"pt-PT\",\"potentialAction\":[{\"@type\":\"ReadAction\",\"target\":[\"https:\/\/gruposermicro.com\/canal-denuncias\/\"]}]},{\"@type\":\"BreadcrumbList\",\"@id\":\"https:\/\/gruposermicro.com\/canal-denuncias\/#breadcrumb\",\"itemListElement\":[{\"@type\":\"ListItem\",\"position\":1,\"name\":\"Home\",\"item\":\"https:\/\/gruposermicro.com\/\"},{\"@type\":\"ListItem\",\"position\":2,\"name\":\"Canal Denuncias\"}]},{\"@type\":\"WebSite\",\"@id\":\"https:\/\/gruposermicro.com\/#website\",\"url\":\"https:\/\/gruposermicro.com\/\",\"name\":\"Grupo Sermicro\",\"description\":\"El Grupo Sermicro es una empresa integradora de referencia en Soluciones y Servicios en el \u00e1mbito de las Tecnolog\u00edas de la Informaci\u00f3n y las Comunicaciones (TIC)\",\"publisher\":{\"@id\":\"https:\/\/gruposermicro.com\/#organization\"},\"potentialAction\":[{\"@type\":\"SearchAction\",\"target\":{\"@type\":\"EntryPoint\",\"urlTemplate\":\"https:\/\/gruposermicro.com\/?s={search_term_string}\"},\"query-input\":{\"@type\":\"PropertyValueSpecification\",\"valueRequired\":true,\"valueName\":\"search_term_string\"}}],\"inLanguage\":\"pt-PT\"},{\"@type\":\"Organization\",\"@id\":\"https:\/\/gruposermicro.com\/#organization\",\"name\":\"Grupo Sermicro\",\"url\":\"https:\/\/gruposermicro.com\/\",\"logo\":{\"@type\":\"ImageObject\",\"inLanguage\":\"pt-PT\",\"@id\":\"https:\/\/gruposermicro.com\/#\/schema\/logo\/image\/\",\"url\":\"https:\/\/gruposermicro.com\/wp-content\/uploads\/2018\/05\/LogoGrupoSermicro.png\",\"contentUrl\":\"https:\/\/gruposermicro.com\/wp-content\/uploads\/2018\/05\/LogoGrupoSermicro.png\",\"width\":450,\"height\":154,\"caption\":\"Grupo Sermicro\"},\"image\":{\"@id\":\"https:\/\/gruposermicro.com\/#\/schema\/logo\/image\/\"},\"sameAs\":[\"https:\/\/www.linkedin.com\/company\/sermicro\/\"]}]}<\/script>\n<!-- \/ Yoast SEO plugin. -->","yoast_head_json":{"title":"[:es]Canal Denuncias[:en]Whistleblowing Channel[:pt]Canal de Den\u00fancias[:] - Grupo Sermicro","robots":{"index":"index","follow":"follow","max-snippet":"max-snippet:-1","max-image-preview":"max-image-preview:large","max-video-preview":"max-video-preview:-1"},"canonical":"https:\/\/gruposermicro.com\/canal-denuncias\/","og_locale":"pt_PT","og_type":"article","og_title":"[:es]Canal Denuncias[:en]Whistleblowing Channel[:pt]Canal de Den\u00fancias[:] - Grupo Sermicro","og_description":"Qualquer pessoa que tenha conhecimento ou suspeite de alguma infra\u00e7\u00e3o, a\u00e7\u00e3o ilegal, comportamento inadequado, etc., pode utilizar, al\u00e9m do reporte ao Respons\u00e1vel de Conformidade Corporativa, os seguintes meios dispon\u00edveis: Plataforma digital: https:\/\/cobrais.integrityline.com Linha telef\u00f4nica: +34 910 477 636 (Ramal 9756) Correspond\u00eancia postal dirigida ao Respons\u00e1vel de Conformidade Corporativa, Rua Pradillo, 48-50; 28002, Madrid (Espanha). Esses [&hellip;]","og_url":"https:\/\/gruposermicro.com\/canal-denuncias\/","og_site_name":"Grupo Sermicro","article_modified_time":"2025-12-10T13:46:47+00:00","twitter_card":"summary_large_image","twitter_misc":{"Tempo estimado de leitura":"7 minutos"},"schema":{"@context":"https:\/\/schema.org","@graph":[{"@type":"WebPage","@id":"https:\/\/gruposermicro.com\/canal-denuncias\/","url":"https:\/\/gruposermicro.com\/canal-denuncias\/","name":"[:es]Canal Denuncias[:en]Whistleblowing Channel[:pt]Canal de Den\u00fancias[:] - Grupo Sermicro","isPartOf":{"@id":"https:\/\/gruposermicro.com\/#website"},"datePublished":"2025-12-10T13:29:03+00:00","dateModified":"2025-12-10T13:46:47+00:00","breadcrumb":{"@id":"https:\/\/gruposermicro.com\/canal-denuncias\/#breadcrumb"},"inLanguage":"pt-PT","potentialAction":[{"@type":"ReadAction","target":["https:\/\/gruposermicro.com\/canal-denuncias\/"]}]},{"@type":"BreadcrumbList","@id":"https:\/\/gruposermicro.com\/canal-denuncias\/#breadcrumb","itemListElement":[{"@type":"ListItem","position":1,"name":"Home","item":"https:\/\/gruposermicro.com\/"},{"@type":"ListItem","position":2,"name":"Canal Denuncias"}]},{"@type":"WebSite","@id":"https:\/\/gruposermicro.com\/#website","url":"https:\/\/gruposermicro.com\/","name":"Grupo Sermicro","description":"El Grupo Sermicro es una empresa integradora de referencia en Soluciones y Servicios en el \u00e1mbito de las Tecnolog\u00edas de la Informaci\u00f3n y las Comunicaciones (TIC)","publisher":{"@id":"https:\/\/gruposermicro.com\/#organization"},"potentialAction":[{"@type":"SearchAction","target":{"@type":"EntryPoint","urlTemplate":"https:\/\/gruposermicro.com\/?s={search_term_string}"},"query-input":{"@type":"PropertyValueSpecification","valueRequired":true,"valueName":"search_term_string"}}],"inLanguage":"pt-PT"},{"@type":"Organization","@id":"https:\/\/gruposermicro.com\/#organization","name":"Grupo Sermicro","url":"https:\/\/gruposermicro.com\/","logo":{"@type":"ImageObject","inLanguage":"pt-PT","@id":"https:\/\/gruposermicro.com\/#\/schema\/logo\/image\/","url":"https:\/\/gruposermicro.com\/wp-content\/uploads\/2018\/05\/LogoGrupoSermicro.png","contentUrl":"https:\/\/gruposermicro.com\/wp-content\/uploads\/2018\/05\/LogoGrupoSermicro.png","width":450,"height":154,"caption":"Grupo Sermicro"},"image":{"@id":"https:\/\/gruposermicro.com\/#\/schema\/logo\/image\/"},"sameAs":["https:\/\/www.linkedin.com\/company\/sermicro\/"]}]}},"_links":{"self":[{"href":"https:\/\/gruposermicro.com\/pt\/wp-json\/wp\/v2\/pages\/4439","targetHints":{"allow":["GET"]}}],"collection":[{"href":"https:\/\/gruposermicro.com\/pt\/wp-json\/wp\/v2\/pages"}],"about":[{"href":"https:\/\/gruposermicro.com\/pt\/wp-json\/wp\/v2\/types\/page"}],"author":[{"embeddable":true,"href":"https:\/\/gruposermicro.com\/pt\/wp-json\/wp\/v2\/users\/6"}],"replies":[{"embeddable":true,"href":"https:\/\/gruposermicro.com\/pt\/wp-json\/wp\/v2\/comments?post=4439"}],"version-history":[{"count":2,"href":"https:\/\/gruposermicro.com\/pt\/wp-json\/wp\/v2\/pages\/4439\/revisions"}],"predecessor-version":[{"id":4446,"href":"https:\/\/gruposermicro.com\/pt\/wp-json\/wp\/v2\/pages\/4439\/revisions\/4446"}],"wp:attachment":[{"href":"https:\/\/gruposermicro.com\/pt\/wp-json\/wp\/v2\/media?parent=4439"}],"wp:term":[{"taxonomy":"category","embeddable":true,"href":"https:\/\/gruposermicro.com\/pt\/wp-json\/wp\/v2\/categories?post=4439"}],"curies":[{"name":"wp","href":"https:\/\/api.w.org\/{rel}","templated":true}]}}