{"id":656,"date":"2018-10-04T12:50:07","date_gmt":"2018-10-04T10:50:07","guid":{"rendered":"http:\/\/824E6163-829A-4315-B254-F0CE7518D7C1"},"modified":"2025-12-17T10:15:43","modified_gmt":"2025-12-17T09:15:43","slug":"responsabilidad-social-corporativa","status":"publish","type":"page","link":"https:\/\/gruposermicro.com\/pt\/responsabilidad-social-corporativa\/","title":{"rendered":"Responsabilidade Social Corporativa"},"content":{"rendered":"<p>No <b>Grupo Sermicro<\/b>, entendemos a <b>Responsabilidade Social Corporativa (RSC)<\/b> como um pilar fundamental da nossa forma de trabalhar. Como parte do <b>Grupo ImesAPI<\/b> e integrados no ecossistema corporativo do <b>Grupo VINCI<\/b>, partilhamos e aplicamos os seus princ\u00edpios de sustentabilidade, \u00e9tica e cria\u00e7\u00e3o de valor a longo prazo.<\/p>\n<ul>\n<li><b>Compromisso com as pessoas e o ambiente social<\/b><\/li>\n<\/ul>\n<p>O nosso objetivo \u00e9 gerar um impacto positivo nas comunidades em que operamos. Apostamos no <b>emprego de qualidade<\/b>, na <b>diversidade<\/b>, na <b>igualdade de oportunidades<\/b> e num <b>ambiente de trabalho seguro, respeitoso e \u00e9tico<\/b>, contribuindo para o desenvolvimento social e econ\u00f3mico do nosso ambiente.<\/p>\n<ul>\n<li><b>Compromisso com o ambiente<\/b><\/li>\n<\/ul>\n<p>Integramos a sustentabilidade ambiental nas nossas atividades e projetos tecnol\u00f3gicos. Trabalhamos para minimizar o impacto ambiental, promover a utiliza\u00e7\u00e3o eficiente dos recursos e contribuir para a luta contra as altera\u00e7\u00f5es clim\u00e1ticas, em linha com os compromissos do Grupo VINCI em mat\u00e9ria de sustentabilidade.<\/p>\n<ul>\n<li><b>Compromisso com a cria\u00e7\u00e3o de valor<\/b><\/li>\n<\/ul>\n<p>Acreditamos numa cria\u00e7\u00e3o de valor que vai al\u00e9m do resultado econ\u00f3mico.<\/p>\n<p>O nosso modelo de neg\u00f3cio procura gerar benef\u00edcios sustent\u00e1veis para <b>clientes, funcion\u00e1rios, fornecedores e a sociedade<\/b>, mantendo uma vis\u00e3o respons\u00e1vel e de longo prazo.<\/p>\n<ul>\n<li><b>Compromisso com a integridade e o cumprimento<\/b><\/li>\n<\/ul>\n<p>Atuamos com os mais elevados padr\u00f5es de <b>conformidade regulamentar, \u00e9tica e transpar\u00eancia<\/b>. Estes princ\u00edpios orientam as nossas rela\u00e7\u00f5es com clientes, fornecedores e colaboradores e s\u00e3o parte essencial da nossa cultura corporativa.<\/p>\n<ul>\n<li><b>Compromisso com a inova\u00e7\u00e3o e o desenvolvimento tecnol\u00f3gico<\/b><\/li>\n<\/ul>\n<p>A inova\u00e7\u00e3o tecnol\u00f3gica \u00e9 fundamental para o nosso crescimento. Promovemos solu\u00e7\u00f5es TIC eficientes, seguras e sustent\u00e1veis, apoiando-nos na <b>I+D+i<\/b> e na melhoria cont\u00ednua para responder \u00e0s necessidades atuais e futuras dos nossos clientes.<\/p>\n<p>&nbsp;<\/p>\n<p>No Grupo Sermicro, a RSE n\u00e3o \u00e9 apenas um compromisso corporativo, mas uma responsabilidade partilhada por todos.<\/p>","protected":false},"excerpt":{"rendered":"<p>No Grupo Sermicro, entendemos a Responsabilidade Social Corporativa (RSC) como um pilar fundamental da nossa forma de trabalhar. Como parte do Grupo ImesAPI e integrados no ecossistema corporativo do Grupo VINCI, partilhamos e aplicamos os seus princ\u00edpios de sustentabilidade, \u00e9tica e cria\u00e7\u00e3o de valor a longo prazo. Compromisso com as pessoas e o ambiente social [&hellip;]<\/p>\n","protected":false},"author":6,"featured_media":0,"parent":0,"menu_order":0,"comment_status":"closed","ping_status":"closed","template":"","meta":{"inline_featured_image":false,"footnotes":""},"categories":[],"class_list":["post-656","page","type-page","status-publish","hentry"],"acf":[],"yoast_head":"<!-- This site is optimized with the Yoast SEO plugin v24.5 - https:\/\/yoast.com\/wordpress\/plugins\/seo\/ -->\n<title>Responsabilidade Social Corporativa - Grupo Sermicro<\/title>\n<meta name=\"robots\" content=\"index, follow, max-snippet:-1, max-image-preview:large, max-video-preview:-1\" \/>\n<link rel=\"canonical\" href=\"https:\/\/gruposermicro.com\/responsabilidad-social-corporativa\/\" \/>\n<meta property=\"og:locale\" content=\"pt_PT\" \/>\n<meta property=\"og:type\" content=\"article\" \/>\n<meta property=\"og:title\" content=\"[:es]Responsabilidad Social Corporativa[:en]Corporate Social Responsibility[:pt]Responsabilidade Social Corporativa[:] - Grupo Sermicro\" \/>\n<meta property=\"og:description\" content=\"No Grupo Sermicro, entendemos a Responsabilidade Social Corporativa (RSC) como um pilar fundamental da nossa forma de trabalhar. Como parte do Grupo ImesAPI e integrados no ecossistema corporativo do Grupo VINCI, partilhamos e aplicamos os seus princ\u00edpios de sustentabilidade, \u00e9tica e cria\u00e7\u00e3o de valor a longo prazo. Compromisso com as pessoas e o ambiente social [&hellip;]\" \/>\n<meta property=\"og:url\" content=\"https:\/\/gruposermicro.com\/responsabilidad-social-corporativa\/\" \/>\n<meta property=\"og:site_name\" content=\"Grupo Sermicro\" \/>\n<meta property=\"article:modified_time\" content=\"2025-12-17T09:15:43+00:00\" \/>\n<meta name=\"twitter:card\" content=\"summary_large_image\" \/>\n<meta name=\"twitter:label1\" content=\"Tempo estimado de leitura\" \/>\n\t<meta name=\"twitter:data1\" content=\"4 minutos\" \/>\n<script type=\"application\/ld+json\" class=\"yoast-schema-graph\">{\"@context\":\"https:\/\/schema.org\",\"@graph\":[{\"@type\":\"WebPage\",\"@id\":\"https:\/\/gruposermicro.com\/responsabilidad-social-corporativa\/\",\"url\":\"https:\/\/gruposermicro.com\/responsabilidad-social-corporativa\/\",\"name\":\"[:es]Responsabilidad Social Corporativa[:en]Corporate Social Responsibility[:pt]Responsabilidade Social Corporativa[:] - Grupo Sermicro\",\"isPartOf\":{\"@id\":\"https:\/\/gruposermicro.com\/#website\"},\"datePublished\":\"2018-10-04T10:50:07+00:00\",\"dateModified\":\"2025-12-17T09:15:43+00:00\",\"breadcrumb\":{\"@id\":\"https:\/\/gruposermicro.com\/responsabilidad-social-corporativa\/#breadcrumb\"},\"inLanguage\":\"pt-PT\",\"potentialAction\":[{\"@type\":\"ReadAction\",\"target\":[\"https:\/\/gruposermicro.com\/responsabilidad-social-corporativa\/\"]}]},{\"@type\":\"BreadcrumbList\",\"@id\":\"https:\/\/gruposermicro.com\/responsabilidad-social-corporativa\/#breadcrumb\",\"itemListElement\":[{\"@type\":\"ListItem\",\"position\":1,\"name\":\"Home\",\"item\":\"https:\/\/gruposermicro.com\/\"},{\"@type\":\"ListItem\",\"position\":2,\"name\":\"Responsabilidad Social Corporativa\"}]},{\"@type\":\"WebSite\",\"@id\":\"https:\/\/gruposermicro.com\/#website\",\"url\":\"https:\/\/gruposermicro.com\/\",\"name\":\"Grupo Sermicro\",\"description\":\"El Grupo Sermicro es una empresa integradora de referencia en Soluciones y Servicios en el \u00e1mbito de las Tecnolog\u00edas de la Informaci\u00f3n y las Comunicaciones (TIC)\",\"publisher\":{\"@id\":\"https:\/\/gruposermicro.com\/#organization\"},\"potentialAction\":[{\"@type\":\"SearchAction\",\"target\":{\"@type\":\"EntryPoint\",\"urlTemplate\":\"https:\/\/gruposermicro.com\/?s={search_term_string}\"},\"query-input\":{\"@type\":\"PropertyValueSpecification\",\"valueRequired\":true,\"valueName\":\"search_term_string\"}}],\"inLanguage\":\"pt-PT\"},{\"@type\":\"Organization\",\"@id\":\"https:\/\/gruposermicro.com\/#organization\",\"name\":\"Grupo Sermicro\",\"url\":\"https:\/\/gruposermicro.com\/\",\"logo\":{\"@type\":\"ImageObject\",\"inLanguage\":\"pt-PT\",\"@id\":\"https:\/\/gruposermicro.com\/#\/schema\/logo\/image\/\",\"url\":\"https:\/\/gruposermicro.com\/wp-content\/uploads\/2018\/05\/LogoGrupoSermicro.png\",\"contentUrl\":\"https:\/\/gruposermicro.com\/wp-content\/uploads\/2018\/05\/LogoGrupoSermicro.png\",\"width\":450,\"height\":154,\"caption\":\"Grupo Sermicro\"},\"image\":{\"@id\":\"https:\/\/gruposermicro.com\/#\/schema\/logo\/image\/\"},\"sameAs\":[\"https:\/\/www.linkedin.com\/company\/sermicro\/\"]}]}<\/script>\n<!-- \/ Yoast SEO plugin. -->","yoast_head_json":{"title":"[:es]Responsabilidad Social Corporativa[:en]Corporate Social Responsibility[:pt]Responsabilidade Social Corporativa[:] - Grupo Sermicro","robots":{"index":"index","follow":"follow","max-snippet":"max-snippet:-1","max-image-preview":"max-image-preview:large","max-video-preview":"max-video-preview:-1"},"canonical":"https:\/\/gruposermicro.com\/responsabilidad-social-corporativa\/","og_locale":"pt_PT","og_type":"article","og_title":"[:es]Responsabilidad Social Corporativa[:en]Corporate Social Responsibility[:pt]Responsabilidade Social Corporativa[:] - Grupo Sermicro","og_description":"No Grupo Sermicro, entendemos a Responsabilidade Social Corporativa (RSC) como um pilar fundamental da nossa forma de trabalhar. Como parte do Grupo ImesAPI e integrados no ecossistema corporativo do Grupo VINCI, partilhamos e aplicamos os seus princ\u00edpios de sustentabilidade, \u00e9tica e cria\u00e7\u00e3o de valor a longo prazo. Compromisso com as pessoas e o ambiente social [&hellip;]","og_url":"https:\/\/gruposermicro.com\/responsabilidad-social-corporativa\/","og_site_name":"Grupo Sermicro","article_modified_time":"2025-12-17T09:15:43+00:00","twitter_card":"summary_large_image","twitter_misc":{"Tempo estimado de leitura":"4 minutos"},"schema":{"@context":"https:\/\/schema.org","@graph":[{"@type":"WebPage","@id":"https:\/\/gruposermicro.com\/responsabilidad-social-corporativa\/","url":"https:\/\/gruposermicro.com\/responsabilidad-social-corporativa\/","name":"[:es]Responsabilidad Social Corporativa[:en]Corporate Social Responsibility[:pt]Responsabilidade Social Corporativa[:] - Grupo Sermicro","isPartOf":{"@id":"https:\/\/gruposermicro.com\/#website"},"datePublished":"2018-10-04T10:50:07+00:00","dateModified":"2025-12-17T09:15:43+00:00","breadcrumb":{"@id":"https:\/\/gruposermicro.com\/responsabilidad-social-corporativa\/#breadcrumb"},"inLanguage":"pt-PT","potentialAction":[{"@type":"ReadAction","target":["https:\/\/gruposermicro.com\/responsabilidad-social-corporativa\/"]}]},{"@type":"BreadcrumbList","@id":"https:\/\/gruposermicro.com\/responsabilidad-social-corporativa\/#breadcrumb","itemListElement":[{"@type":"ListItem","position":1,"name":"Home","item":"https:\/\/gruposermicro.com\/"},{"@type":"ListItem","position":2,"name":"Responsabilidad Social Corporativa"}]},{"@type":"WebSite","@id":"https:\/\/gruposermicro.com\/#website","url":"https:\/\/gruposermicro.com\/","name":"Grupo Sermicro","description":"El Grupo Sermicro es una empresa integradora de referencia en Soluciones y Servicios en el \u00e1mbito de las Tecnolog\u00edas de la Informaci\u00f3n y las Comunicaciones (TIC)","publisher":{"@id":"https:\/\/gruposermicro.com\/#organization"},"potentialAction":[{"@type":"SearchAction","target":{"@type":"EntryPoint","urlTemplate":"https:\/\/gruposermicro.com\/?s={search_term_string}"},"query-input":{"@type":"PropertyValueSpecification","valueRequired":true,"valueName":"search_term_string"}}],"inLanguage":"pt-PT"},{"@type":"Organization","@id":"https:\/\/gruposermicro.com\/#organization","name":"Grupo Sermicro","url":"https:\/\/gruposermicro.com\/","logo":{"@type":"ImageObject","inLanguage":"pt-PT","@id":"https:\/\/gruposermicro.com\/#\/schema\/logo\/image\/","url":"https:\/\/gruposermicro.com\/wp-content\/uploads\/2018\/05\/LogoGrupoSermicro.png","contentUrl":"https:\/\/gruposermicro.com\/wp-content\/uploads\/2018\/05\/LogoGrupoSermicro.png","width":450,"height":154,"caption":"Grupo Sermicro"},"image":{"@id":"https:\/\/gruposermicro.com\/#\/schema\/logo\/image\/"},"sameAs":["https:\/\/www.linkedin.com\/company\/sermicro\/"]}]}},"_links":{"self":[{"href":"https:\/\/gruposermicro.com\/pt\/wp-json\/wp\/v2\/pages\/656","targetHints":{"allow":["GET"]}}],"collection":[{"href":"https:\/\/gruposermicro.com\/pt\/wp-json\/wp\/v2\/pages"}],"about":[{"href":"https:\/\/gruposermicro.com\/pt\/wp-json\/wp\/v2\/types\/page"}],"author":[{"embeddable":true,"href":"https:\/\/gruposermicro.com\/pt\/wp-json\/wp\/v2\/users\/6"}],"replies":[{"embeddable":true,"href":"https:\/\/gruposermicro.com\/pt\/wp-json\/wp\/v2\/comments?post=656"}],"version-history":[{"count":22,"href":"https:\/\/gruposermicro.com\/pt\/wp-json\/wp\/v2\/pages\/656\/revisions"}],"predecessor-version":[{"id":4461,"href":"https:\/\/gruposermicro.com\/pt\/wp-json\/wp\/v2\/pages\/656\/revisions\/4461"}],"wp:attachment":[{"href":"https:\/\/gruposermicro.com\/pt\/wp-json\/wp\/v2\/media?parent=656"}],"wp:term":[{"taxonomy":"category","embeddable":true,"href":"https:\/\/gruposermicro.com\/pt\/wp-json\/wp\/v2\/categories?post=656"}],"curies":[{"name":"wp","href":"https:\/\/api.w.org\/{rel}","templated":true}]}}