{"id":84,"date":"2018-04-20T15:08:24","date_gmt":"2018-04-20T13:08:24","guid":{"rendered":"http:\/\/A24992EB-D16C-4D75-B7CC-36EF84F2578D"},"modified":"2021-03-24T16:50:27","modified_gmt":"2021-03-24T15:50:27","slug":"aviso-legal","status":"publish","type":"page","link":"https:\/\/gruposermicro.com\/pt\/aviso-legal\/","title":{"rendered":"Aviso Jur\u00eddico"},"content":{"rendered":"<p>O presente Aviso Legal regula a utiliza\u00e7\u00e3o da p\u00e1gina web www.sermicro.com (doravante designada por &#8220;P\u00e1gina&#8221;) propriedade da SUMINISTROS, IMPORTACIONES Y MANTENIMIENTOS ELECTR\u00d3NICOS, S.A. (doravante, SERMICRO), com sede social na Calle de Pradillo, 50, 28002 Madrid, NIF A78032315, inscrita no Registo Comercial de Madrid n\u00ba 2, Volume 611, Livro Geral, Folio 578, Terceira Sec\u00e7\u00e3o do Livro de Sociedades F\u00f3lio 1, P\u00e1gina 65441-2, Primeira Inscri\u00e7\u00e3o e com endere\u00e7o electr\u00f3nico sermicro@sermicro.com.<\/p>\n<p>O uso da P\u00e1gina requer a aceita\u00e7\u00e3o expressa do usu\u00e1rio de cada uma das cl\u00e1usulas indicadas neste Aviso Legal, bem como de cada uma das advert\u00eancias ou cl\u00e1usulas espec\u00edficas estabelecidas para a contrata\u00e7\u00e3o de determinados servi\u00e7os, produtos ou utiliza\u00e7\u00e3o de \u00e1reas da P\u00e1gina.<\/p>\n<p>No caso de n\u00e3o aceitar as cl\u00e1usulas estabelecidas neste Aviso Legal, o utilizador dever\u00e1 abster-se de aceder e\/ou utilizar os servi\u00e7os e\/ou conte\u00fados disponibilizados na P\u00e1gina, procedendo ao seu abandono.<\/p>\n<h4><b>USO DA P\u00c1GINA<\/b><\/h4>\n<p>O utilizador compromete-se a n\u00e3o utilizar o Site para realizar actividades contr\u00e1rias \u00e0 lei, \u00e0 moral, \u00e0 ordem p\u00fablica e, em geral, a utiliz\u00e1-lo de acordo com as condi\u00e7\u00f5es estabelecidas no presente Aviso Legal. Do mesmo modo, compromete-se a n\u00e3o realizar actividades publicit\u00e1rias ou de explora\u00e7\u00e3o comercial atrav\u00e9s do envio de mensagens que utilizem uma falsa identidade.<\/p>\n<p>A SERMICRO atua exclusivamente como respons\u00e1vel pela P\u00e1gina na sua condi\u00e7\u00e3o de prestadora de um servi\u00e7o de informa\u00e7\u00f5es sobre seus pr\u00f3prios servi\u00e7os, n\u00e3o sendo respons\u00e1vel pelos conte\u00fados que, em desacordo com as presentes condi\u00e7\u00f5es gerais, os usu\u00e1rios possam enviar ou publicar, sendo o usu\u00e1rio o \u00fanico respons\u00e1vel pela veracidade e legalidade dos mesmos.<\/p>\n<p>A SERMICRO poder\u00e1 interromper o servi\u00e7o da P\u00e1gina utilizada pelo usu\u00e1rio e encerrar imediatamente a rela\u00e7\u00e3o com o usu\u00e1rio caso detecte um uso da P\u00e1gina ou de qualquer um dos servi\u00e7os nela oferecidos que possa ser considerado contr\u00e1rio ao que est\u00e1 expresso neste Aviso Legal.<\/p>\n<h4><b>PROPRIEDADE INTELECTUAL E INDUSTRIAL<\/b><\/h4>\n<p>A totalidade desta P\u00e1gina: texto, imagens, marcas, gr\u00e1ficos, logotipos, bot\u00f5es, arquivos de software, combina\u00e7\u00f5es de cores, bem como a estrutura, sele\u00e7\u00e3o, disposi\u00e7\u00e3o e apresenta\u00e7\u00e3o de seu conte\u00fado, est\u00e1 protegida pelas leis de Propriedade Intelectual e Industrial, sendo proibida sua reprodu\u00e7\u00e3o, distribui\u00e7\u00e3o, comunica\u00e7\u00e3o p\u00fablica e transforma\u00e7\u00e3o, exceto para uso pessoal e privado.<\/p>\n<p>A SERMICRO n\u00e3o garante que os conte\u00fados sejam precisos ou isentos de erros ou que o livre uso dos mesmos pelo usu\u00e1rio n\u00e3o infrinja os direitos de terceiros. A boa ou m\u00e1 utiliza\u00e7\u00e3o desta p\u00e1gina e do seu conte\u00fado \u00e9 da responsabilidade do utilizador.<\/p>\n<p>Da mesma forma, \u00e9 proibida a reprodu\u00e7\u00e3o, retransmiss\u00e3o, c\u00f3pia, cess\u00e3o ou re-difus\u00e3o, total ou parcial, das informa\u00e7\u00f5es contidas na P\u00e1gina, qualquer que seja sua finalidade e os meios utilizados para tanto, sem pr\u00e9via autoriza\u00e7\u00e3o da SERMICRO.<\/p>\n<h4><b>LIGA\u00c7\u00d5ES<\/b><\/h4>\n<p>O Site pode incluir links para sites de terceiros. As p\u00e1ginas pertencentes a terceiros n\u00e3o foram revisadas ou verificadas pela SERMICRO. Em qualquer caso, a SERMICRO n\u00e3o ser\u00e1 considerada respons\u00e1vel pelo conte\u00fado destes sites nem pelas medidas adotadas em rela\u00e7\u00e3o \u00e0 sua privacidade ou ao tratamento de seus dados pessoais.<\/p>\n<p>A SERMICRO recomenda a leitura atenta dos termos de uso e da pol\u00edtica de privacidade desses sites.<\/p>\n<p>Se voc\u00ea estiver interessado em ativar um link para qualquer uma das p\u00e1ginas da SERMICRO, dever\u00e1 notificar a SERMICRO, obtendo o consentimento expresso para criar o link. A SERMICRO se reserva o direito de se opor \u00e0 ativa\u00e7\u00e3o de links para seu website.<\/p>\n<h4><b>MENORES<\/b><\/h4>\n<p>Menores n\u00e3o autorizados est\u00e3o proibidos de acessar e usar o portal.<\/p>\n<p>A SERMICRO recorda aos usu\u00e1rios maiores de idade, respons\u00e1veis por menores de idade, que ser\u00e1 de sua exclusiva responsabilidade determinar quais servi\u00e7os e\/ou conte\u00fados n\u00e3o s\u00e3o adequados para a idade destes \u00faltimos.<\/p>\n<p>SERMICRO lhe informa que existem programas de computador que lhe permitem filtrar e bloquear o acesso a determinados conte\u00fados e servi\u00e7os, para que os pais ou respons\u00e1veis, por exemplo, possam decidir quais conte\u00fados e servi\u00e7os da Internet aos quais os menores podem aceder e quais n\u00e3o.<\/p>\n<h4><b>COMPRAS<\/b><\/h4>\n<p>A SERMICRO n\u00e3o ser\u00e1 respons\u00e1vel direta ou indiretamente por:<\/p>\n<ul>\n<li>A qualidade do servi\u00e7o, a rapidez de acesso, o correcto funcionamento nem a disponibilidade nem a continuidade de funcionamento da P\u00e1gina.<\/li>\n<li>Danos que possam ser causados ao equipamento do usu\u00e1rio pelo uso do Site.<\/li>\n<li>Casos em que um terceiro, em viola\u00e7\u00e3o das medidas de seguran\u00e7a estabelecidas, acede \u00e0s mensagens ou as utiliza para a transmiss\u00e3o de v\u00edrus inform\u00e1ticos.<\/li>\n<li>v\u00edcios e defeitos de qualquer tipo no conte\u00fado transmitido, disseminado, armazenado ou disponibilizado.<\/li>\n<li>A legalidade, fiabilidade e utilidade dos conte\u00fados que os utilizadores transmitem com a utiliza\u00e7\u00e3o da p\u00e1gina ou dos servi\u00e7os nela oferecidos, bem como a sua veracidade ou exactid\u00e3o. A SERMICRO n\u00e3o controla o uso que os usu\u00e1rios fazem do Portal, nem garante que o fa\u00e7am de acordo com as disposi\u00e7\u00f5es deste Aviso Legal.<\/li>\n<li>A atualiza\u00e7\u00e3o dos conte\u00fados oferecidos nas se\u00e7\u00f5es de not\u00edcias.<\/li>\n<\/ul>\n<p>A t\u00edtulo de ilustra\u00e7\u00e3o e sem limita\u00e7\u00e3o, o usu\u00e1rio ser\u00e1 respons\u00e1vel por:<\/p>\n<ul>\n<li>Dos conte\u00fados introduzidos por eles, especialmente dos dados e informa\u00e7\u00f5es introduzidos e enviados \u00e0 SERMICRO por meio da P\u00e1gina ou na P\u00e1gina.<\/li>\n<li>A execu\u00e7\u00e3o de qualquer tipo de ac\u00e7\u00e3o ilegal, lesiva, lesiva, lesiva e\/ou prejudicial.<\/li>\n<li>O fornecimento de dados falsos ou incorretos.<\/li>\n<\/ul>\n<h4><b>SAI DA FRENTE<\/b><\/h4>\n<p>Este Aviso Legal est\u00e1 escrito em espanhol e est\u00e1 sujeito \u00e0 legisla\u00e7\u00e3o espanhola em vigor. Para qualquer tipo de controv\u00e9rsia derivada da utiliza\u00e7\u00e3o dos servi\u00e7os oferecidos ou dos pr\u00f3prios conte\u00fados da P\u00e1gina, as partes, com a aceita\u00e7\u00e3o das cl\u00e1usulas estabelecidas no presente Aviso Legal, ser\u00e3o submetidas aos Tribunais e tribunais competentes da capital madrilena.<\/p>\n<p><em>\u00daltima actualiza\u00e7\u00e3o: 14 de Fevereiro de 2018<\/em><\/p>","protected":false},"excerpt":{"rendered":"<p>O presente Aviso Legal regula a utiliza\u00e7\u00e3o da p\u00e1gina web www.sermicro.com (doravante designada por &#8220;P\u00e1gina&#8221;) propriedade da SUMINISTROS, IMPORTACIONES Y MANTENIMIENTOS ELECTR\u00d3NICOS, S.A. (doravante, SERMICRO), com sede social na Calle de Pradillo, 50, 28002 Madrid, NIF A78032315, inscrita no Registo Comercial de Madrid n\u00ba 2, Volume 611, Livro Geral, Folio 578, Terceira Sec\u00e7\u00e3o do Livro [&hellip;]<\/p>\n","protected":false},"author":6,"featured_media":0,"parent":0,"menu_order":0,"comment_status":"closed","ping_status":"closed","template":"","meta":{"inline_featured_image":false,"footnotes":""},"categories":[],"class_list":["post-84","page","type-page","status-publish","hentry"],"acf":[],"yoast_head":"<!-- This site is optimized with the Yoast SEO plugin v24.5 - https:\/\/yoast.com\/wordpress\/plugins\/seo\/ -->\n<title>Aviso Jur\u00eddico - Grupo Sermicro<\/title>\n<meta name=\"robots\" content=\"index, follow, max-snippet:-1, max-image-preview:large, max-video-preview:-1\" \/>\n<link rel=\"canonical\" href=\"https:\/\/gruposermicro.com\/aviso-legal\/\" \/>\n<meta property=\"og:locale\" content=\"pt_PT\" \/>\n<meta property=\"og:type\" content=\"article\" \/>\n<meta property=\"og:title\" content=\"[:es]Aviso legal[:en]Legal warning[:pt]Aviso Jur\u00eddico[:] - Grupo Sermicro\" \/>\n<meta property=\"og:description\" content=\"O presente Aviso Legal regula a utiliza\u00e7\u00e3o da p\u00e1gina web www.sermicro.com (doravante designada por &#8220;P\u00e1gina&#8221;) propriedade da SUMINISTROS, IMPORTACIONES Y MANTENIMIENTOS ELECTR\u00d3NICOS, S.A. (doravante, SERMICRO), com sede social na Calle de Pradillo, 50, 28002 Madrid, NIF A78032315, inscrita no Registo Comercial de Madrid n\u00ba 2, Volume 611, Livro Geral, Folio 578, Terceira Sec\u00e7\u00e3o do Livro [&hellip;]\" \/>\n<meta property=\"og:url\" content=\"https:\/\/gruposermicro.com\/aviso-legal\/\" \/>\n<meta property=\"og:site_name\" content=\"Grupo Sermicro\" \/>\n<meta property=\"article:modified_time\" content=\"2021-03-24T15:50:27+00:00\" \/>\n<meta name=\"twitter:card\" content=\"summary_large_image\" \/>\n<meta name=\"twitter:label1\" content=\"Tempo estimado de leitura\" \/>\n\t<meta name=\"twitter:data1\" content=\"278 minutos\" \/>\n<script type=\"application\/ld+json\" class=\"yoast-schema-graph\">{\"@context\":\"https:\/\/schema.org\",\"@graph\":[{\"@type\":\"WebPage\",\"@id\":\"https:\/\/gruposermicro.com\/aviso-legal\/\",\"url\":\"https:\/\/gruposermicro.com\/aviso-legal\/\",\"name\":\"[:es]Aviso legal[:en]Legal warning[:pt]Aviso Jur\u00eddico[:] - Grupo Sermicro\",\"isPartOf\":{\"@id\":\"https:\/\/gruposermicro.com\/#website\"},\"datePublished\":\"2018-04-20T13:08:24+00:00\",\"dateModified\":\"2021-03-24T15:50:27+00:00\",\"breadcrumb\":{\"@id\":\"https:\/\/gruposermicro.com\/aviso-legal\/#breadcrumb\"},\"inLanguage\":\"pt-PT\",\"potentialAction\":[{\"@type\":\"ReadAction\",\"target\":[\"https:\/\/gruposermicro.com\/aviso-legal\/\"]}]},{\"@type\":\"BreadcrumbList\",\"@id\":\"https:\/\/gruposermicro.com\/aviso-legal\/#breadcrumb\",\"itemListElement\":[{\"@type\":\"ListItem\",\"position\":1,\"name\":\"Home\",\"item\":\"https:\/\/gruposermicro.com\/\"},{\"@type\":\"ListItem\",\"position\":2,\"name\":\"Aviso legal\"}]},{\"@type\":\"WebSite\",\"@id\":\"https:\/\/gruposermicro.com\/#website\",\"url\":\"https:\/\/gruposermicro.com\/\",\"name\":\"Grupo Sermicro\",\"description\":\"El Grupo Sermicro es una empresa integradora de referencia en Soluciones y Servicios en el \u00e1mbito de las Tecnolog\u00edas de la Informaci\u00f3n y las Comunicaciones (TIC)\",\"publisher\":{\"@id\":\"https:\/\/gruposermicro.com\/#organization\"},\"potentialAction\":[{\"@type\":\"SearchAction\",\"target\":{\"@type\":\"EntryPoint\",\"urlTemplate\":\"https:\/\/gruposermicro.com\/?s={search_term_string}\"},\"query-input\":{\"@type\":\"PropertyValueSpecification\",\"valueRequired\":true,\"valueName\":\"search_term_string\"}}],\"inLanguage\":\"pt-PT\"},{\"@type\":\"Organization\",\"@id\":\"https:\/\/gruposermicro.com\/#organization\",\"name\":\"Grupo Sermicro\",\"url\":\"https:\/\/gruposermicro.com\/\",\"logo\":{\"@type\":\"ImageObject\",\"inLanguage\":\"pt-PT\",\"@id\":\"https:\/\/gruposermicro.com\/#\/schema\/logo\/image\/\",\"url\":\"https:\/\/gruposermicro.com\/wp-content\/uploads\/2018\/05\/LogoGrupoSermicro.png\",\"contentUrl\":\"https:\/\/gruposermicro.com\/wp-content\/uploads\/2018\/05\/LogoGrupoSermicro.png\",\"width\":450,\"height\":154,\"caption\":\"Grupo Sermicro\"},\"image\":{\"@id\":\"https:\/\/gruposermicro.com\/#\/schema\/logo\/image\/\"},\"sameAs\":[\"https:\/\/www.linkedin.com\/company\/sermicro\/\"]}]}<\/script>\n<!-- \/ Yoast SEO plugin. -->","yoast_head_json":{"title":"[:es]Aviso legal[:en]Legal warning[:pt]Aviso Jur\u00eddico[:] - Grupo Sermicro","robots":{"index":"index","follow":"follow","max-snippet":"max-snippet:-1","max-image-preview":"max-image-preview:large","max-video-preview":"max-video-preview:-1"},"canonical":"https:\/\/gruposermicro.com\/aviso-legal\/","og_locale":"pt_PT","og_type":"article","og_title":"[:es]Aviso legal[:en]Legal warning[:pt]Aviso Jur\u00eddico[:] - Grupo Sermicro","og_description":"O presente Aviso Legal regula a utiliza\u00e7\u00e3o da p\u00e1gina web www.sermicro.com (doravante designada por &#8220;P\u00e1gina&#8221;) propriedade da SUMINISTROS, IMPORTACIONES Y MANTENIMIENTOS ELECTR\u00d3NICOS, S.A. (doravante, SERMICRO), com sede social na Calle de Pradillo, 50, 28002 Madrid, NIF A78032315, inscrita no Registo Comercial de Madrid n\u00ba 2, Volume 611, Livro Geral, Folio 578, Terceira Sec\u00e7\u00e3o do Livro [&hellip;]","og_url":"https:\/\/gruposermicro.com\/aviso-legal\/","og_site_name":"Grupo Sermicro","article_modified_time":"2021-03-24T15:50:27+00:00","twitter_card":"summary_large_image","twitter_misc":{"Tempo estimado de leitura":"278 minutos"},"schema":{"@context":"https:\/\/schema.org","@graph":[{"@type":"WebPage","@id":"https:\/\/gruposermicro.com\/aviso-legal\/","url":"https:\/\/gruposermicro.com\/aviso-legal\/","name":"[:es]Aviso legal[:en]Legal warning[:pt]Aviso Jur\u00eddico[:] - Grupo Sermicro","isPartOf":{"@id":"https:\/\/gruposermicro.com\/#website"},"datePublished":"2018-04-20T13:08:24+00:00","dateModified":"2021-03-24T15:50:27+00:00","breadcrumb":{"@id":"https:\/\/gruposermicro.com\/aviso-legal\/#breadcrumb"},"inLanguage":"pt-PT","potentialAction":[{"@type":"ReadAction","target":["https:\/\/gruposermicro.com\/aviso-legal\/"]}]},{"@type":"BreadcrumbList","@id":"https:\/\/gruposermicro.com\/aviso-legal\/#breadcrumb","itemListElement":[{"@type":"ListItem","position":1,"name":"Home","item":"https:\/\/gruposermicro.com\/"},{"@type":"ListItem","position":2,"name":"Aviso legal"}]},{"@type":"WebSite","@id":"https:\/\/gruposermicro.com\/#website","url":"https:\/\/gruposermicro.com\/","name":"Grupo Sermicro","description":"El Grupo Sermicro es una empresa integradora de referencia en Soluciones y Servicios en el \u00e1mbito de las Tecnolog\u00edas de la Informaci\u00f3n y las Comunicaciones (TIC)","publisher":{"@id":"https:\/\/gruposermicro.com\/#organization"},"potentialAction":[{"@type":"SearchAction","target":{"@type":"EntryPoint","urlTemplate":"https:\/\/gruposermicro.com\/?s={search_term_string}"},"query-input":{"@type":"PropertyValueSpecification","valueRequired":true,"valueName":"search_term_string"}}],"inLanguage":"pt-PT"},{"@type":"Organization","@id":"https:\/\/gruposermicro.com\/#organization","name":"Grupo Sermicro","url":"https:\/\/gruposermicro.com\/","logo":{"@type":"ImageObject","inLanguage":"pt-PT","@id":"https:\/\/gruposermicro.com\/#\/schema\/logo\/image\/","url":"https:\/\/gruposermicro.com\/wp-content\/uploads\/2018\/05\/LogoGrupoSermicro.png","contentUrl":"https:\/\/gruposermicro.com\/wp-content\/uploads\/2018\/05\/LogoGrupoSermicro.png","width":450,"height":154,"caption":"Grupo Sermicro"},"image":{"@id":"https:\/\/gruposermicro.com\/#\/schema\/logo\/image\/"},"sameAs":["https:\/\/www.linkedin.com\/company\/sermicro\/"]}]}},"_links":{"self":[{"href":"https:\/\/gruposermicro.com\/pt\/wp-json\/wp\/v2\/pages\/84","targetHints":{"allow":["GET"]}}],"collection":[{"href":"https:\/\/gruposermicro.com\/pt\/wp-json\/wp\/v2\/pages"}],"about":[{"href":"https:\/\/gruposermicro.com\/pt\/wp-json\/wp\/v2\/types\/page"}],"author":[{"embeddable":true,"href":"https:\/\/gruposermicro.com\/pt\/wp-json\/wp\/v2\/users\/6"}],"replies":[{"embeddable":true,"href":"https:\/\/gruposermicro.com\/pt\/wp-json\/wp\/v2\/comments?post=84"}],"version-history":[{"count":19,"href":"https:\/\/gruposermicro.com\/pt\/wp-json\/wp\/v2\/pages\/84\/revisions"}],"predecessor-version":[{"id":3236,"href":"https:\/\/gruposermicro.com\/pt\/wp-json\/wp\/v2\/pages\/84\/revisions\/3236"}],"wp:attachment":[{"href":"https:\/\/gruposermicro.com\/pt\/wp-json\/wp\/v2\/media?parent=84"}],"wp:term":[{"taxonomy":"category","embeddable":true,"href":"https:\/\/gruposermicro.com\/pt\/wp-json\/wp\/v2\/categories?post=84"}],"curies":[{"name":"wp","href":"https:\/\/api.w.org\/{rel}","templated":true}]}}