{"id":86,"date":"2018-04-20T15:12:45","date_gmt":"2018-04-20T13:12:45","guid":{"rendered":"http:\/\/508641B4-89C7-4FA8-BB46-56F592996DD1"},"modified":"2024-03-07T15:19:19","modified_gmt":"2024-03-07T14:19:19","slug":"politica-de-cookies","status":"publish","type":"page","link":"https:\/\/gruposermicro.com\/pt\/politica-de-cookies\/","title":{"rendered":"Pol\u00edtica de Biscoitos"},"content":{"rendered":"<p><\/p>\n<h4>Pol\u00edtica de Cookies<\/h4>\n<p><strong>O Grupo Sermicro<\/strong>, propriet\u00e1rio do <a href=\"https:\/\/gruposermicro.com\">https:\/\/gruposermicro.com<\/a>, utiliza cookies e cookies de terceiros para analisar a navega\u00e7\u00e3o e o tr\u00e1fego gerado para fins estat\u00edsticos, mostrar a localiza\u00e7\u00e3o dos nossos escrit\u00f3rios, bem como recolher os seus dados de contacto.<\/p>\n<h4>O que \u00e9 um cookie?<\/h4>\n<p>Um cookie \u00e9 um pequeno ficheiro que \u00e9 descarregado para o seu computador ou outro dispositivo (smartphone, tablet, etc.) que utiliza quando visita <a href=\"https:\/\/gruposermicro.com\">https:\/\/gruposermicro.com<\/a>. Entre outros fins, os cookies permitem-nos personalizar o conte\u00fado a que acede e obter estat\u00edsticas para melhorar os nossos servi\u00e7os e tamb\u00e9m para lhe oferecer publicidade.<\/p>\n<p>&nbsp;<\/p>\n<p>Em geral, podem ser utilizados v\u00e1rios crit\u00e9rios para classificar os cookies, dependendo de quem os gere (os seus pr\u00f3prios ou os de terceiros), do per\u00edodo de tempo durante o qual permanecem activos (sess\u00e3o ou persistente) ou da sua finalidade (t\u00e9cnica, personaliza\u00e7\u00e3o, an\u00e1lise, etc.). Neste \u00faltimo caso, em fun\u00e7\u00e3o do objectivo espec\u00edfico, podem ou n\u00e3o exigir o consentimento do utilizador.<\/p>\n<p>&nbsp;<\/p>\n<p>Segue-se uma explica\u00e7\u00e3o geral dos cookies que pode ser geral, para que se possa compreender mais tarde quais os cookies que o Sermicro Group utiliza em <a href=\"https:\/\/gruposermicro.com\">https:\/\/gruposermicro.com<\/a><\/p>\n<p>&nbsp;<\/p>\n<p><!-- Tabla Cookies 1 --><\/p>\n<table class=\"cookies\">\n<tbody>\n<tr class=\"cabecera\">\n<th colspan=\"3\">De quem s\u00e3o eles?<\/th>\n<\/tr>\n<tr>\n<td>Pr\u00f3prios<\/td>\n<td>Ser\u00e3o os que, se existirem, ser\u00e3o enviados pelo Grupo Sermicro para o seu dispositivo a partir de <a href=\"https:\/\/gruposermicro.com\">https:\/\/gruposermicro.com<\/a><\/td>\n<\/tr>\n<tr>\n<td>Os terceiros<\/td>\n<td>Seriam os enviados por outras entidades, como o Google no caso dos cookies do Google Analytics.<\/td>\n<\/tr>\n<tr class=\"cabecera\">\n<th colspan=\"3\">Durante quanto tempo permanecem activadas?<\/th>\n<\/tr>\n<tr>\n<td>Sess\u00e3o<\/td>\n<td>Baseada na sess\u00e3o Recolhem e armazenam dados durante a sess\u00e3o do utilizador, por exemplo, para a presta\u00e7\u00e3o de um servi\u00e7o. S\u00e3o eliminados quando a sess\u00e3o termina.\n<\/td>\n<\/tr>\n<tr>\n<td>Persistente<\/td>\n<td>Os dados recolhidos atrav\u00e9s da utiliza\u00e7\u00e3o do cookie continuam a ser armazenados durante um per\u00edodo de tempo que pode ser de minutos ou mesmo anos.\n<\/td>\n<\/tr>\n<tr class=\"cabecera\">\n<th colspan=\"3\">Qual \u00e9 a sua finalidade?<\/th>\n<\/tr>\n<tr class=\"sub-cabecera\">\n<th colspan=\"3\">N\u00e3o \u00e9 necess\u00e1rio o consentimento do utilizador<\/th>\n<\/tr>\n<tr>\n<td>T\u00e9cnicas<\/td>\n<td>S\u00e3o necess\u00e1rias para que a navega\u00e7\u00e3o da p\u00e1gina web que \u00e9 visitada seja poss\u00edvel, para que funcione correctamente.<\/td>\n<\/tr>\n<tr>\n<td>Personaliza\u00e7\u00e3o ou configura\u00e7\u00e3o<\/td>\n<td>S\u00e3o utilizados para personalizar ou configurar a apresenta\u00e7\u00e3o da p\u00e1gina web que o utilizador visita, reconhecendo a sua l\u00edngua, tamanho de letra, etc.<\/td>\n<\/tr>\n<tr>\n<td>Seguran\u00e7a<\/td>\n<td>S\u00e3o utilizados para prevenir ou impedir ataques contra o site ou p\u00e1gina web e\/ou utilizadores.<\/td>\n<\/tr>\n<tr class=\"sub-cabecera\">\n<th colspan=\"3\">Exigir o consentimento do utilizador<\/th>\n<\/tr>\n<tr>\n<td>An\u00e1lises<\/td>\n<td>S\u00e3o utilizadas para medir a actividade do utilizador quando visita o site ou a p\u00e1gina Web e para produzir estat\u00edsticas de navega\u00e7\u00e3o, a fim de melhorar o servi\u00e7o, a informa\u00e7\u00e3o, etc.<\/td>\n<\/tr>\n<tr>\n<td>Publicidade<\/td>\n<td>S\u00e3o utilizados para gerir a frequ\u00eancia e o conte\u00fado da publicidade apresentada.<\/td>\n<\/tr>\n<tr>\n<td>Rastreamento<\/td>\n<td>S\u00e3o utilizados para exibir publicidade personalizada.<\/td>\n<\/tr>\n<\/tbody>\n<\/table>\n<p><!-- Fin Tabla Cookies 1 --><\/p>\n<h4><\/h4>\n<h4>Que cookies s\u00e3o utilizados em <a href=\"https:\/\/gruposermicro.com\">https:\/\/gruposermicro.com<\/a>?<\/h4>\n<p>Especificamente, o Sermicro Group em <a href=\"https:\/\/gruposermicro.com\">https:\/\/gruposermicro.com<\/a>, utiliza os seguintes cookies, tanto pr\u00f3prios como de terceiros:<\/p>\n<p><!-- Tabla Cookies 2 --><\/p>\n<table class=\"cookies\">\n<tbody>\n<tr class=\"cabecera\">\n<th colspan=\"4\">COOKIES PR\u00d3PRIOS<\/th>\n<\/tr>\n<tr class=\"sub-cabecera\">\n<td>TIPO<\/td>\n<td>NOME<\/td>\n<td>FINALIDADE<\/td>\n<td>TEMPO DE ACTIVA\u00c7\u00c3O<\/td>\n<\/tr>\n<tr>\n<td>Necess\u00e1rio<\/td>\n<td>PHPSESSID<\/td>\n<td>Este cookie \u00e9 utilizado pela linguagem de encripta\u00e7\u00e3o PHP para permitir que as vari\u00e1veis SESSION sejam armazenadas no servidor web. Este cookie \u00e9 essencial para o funcionamento da Sess\u00e3o Web<\/td>\n<td>Sess\u00e3o Web<\/td>\n<\/tr>\n<tr>\n<td>Necess\u00e1rio<\/td>\n<td>_GRCAPTCHA<\/td>\n<td>El servicio recaptcha de Google establece esta cookie para identificar bots y proteger el sitio web contra ataques de  spam maliciosos.<\/td>\n<td>5 meses<\/td>\n<\/tr>\n<tr>\n<tr>\n<td>Necess\u00e1rio<\/td>\n<td>visid_incap_*#*<\/td>\n<td>\n        Eles preservam os estados dos usu\u00e1rios em todas as solicita\u00e7\u00f5es da p\u00e1gina. Esses pr\u00f3prios cookies de dom\u00ednio s\u00e3o definidos por um servi\u00e7o de terceiros para filtrar automaticamente solicita\u00e7\u00f5es maliciosas. Esses cookies melhoram o desempenho e a seguran\u00e7a no site\n    <\/td>\n<td>1 ano<\/td>\n<\/tr>\n<tr>\n<td>Necess\u00e1rio<\/td>\n<td>incap_ses_*<\/td>\n<td>Cookies de terceiros Preservam os estados dos usu\u00e1rios em todas as solicita\u00e7\u00f5es da p\u00e1gina. Esses pr\u00f3prios cookies de dom\u00ednio s\u00e3o definidos por um servi\u00e7o de terceiros para filtrar automaticamente solicita\u00e7\u00f5es maliciosas. Esses cookies melhoram o desempenho e a seguran\u00e7a no site<\/td>\n<td>Sess\u00e3o Web<\/td>\n<\/tr>\n<td>Necess\u00e1rio<\/td>\n<td>mandatory<\/td>\n<td>Gerir a pol\u00edtica de cookies com base na rejei\u00e7\u00e3o de cookies.<\/td>\n<td>Expira em mar\u00e7o de 2025<\/td>\n<\/tr>\n<tr>\n<td>Necess\u00e1rio<\/td>\n<td>CONSENT<\/td>\n<td>Gerir a pol\u00edtica de cookies com base na aceita\u00e7\u00e3o de cookies.<\/td>\n<td>Expira em mar\u00e7o de 2025<\/td>\n<\/tr>\n<tr class=\"cabecera\">\n<th colspan=\"4\">COOKIES DE TERCEIROS<\/th>\n<\/tr>\n<tr class=\"sub-cabecera\">\n<td>TIPO<\/td>\n<td>NOME<\/td>\n<td>FINALIDADE<\/td>\n<td>TEMPO DE ACTIVA\u00c7\u00c3O<\/td>\n<\/tr>\n<tr>\n<td>Marketing<\/td>\n<td>___utmvc<\/td>\n<td>Permite que o Google Analytics funcione<\/td>\n<td>Expira em mar\u00e7o de 2025<\/td>\n<\/tr>\n<tr>\n<td>An\u00e1lise<\/td>\n<td>_ga_*<\/td>\n<td>Cookies de terceiros Preservam o status do usu\u00e1rio em todas as solicita\u00e7\u00f5es de p\u00e1gina. Esses cookies espec\u00edficos do dom\u00ednio s\u00e3o definidos por um servi\u00e7o de terceiros para filtrar automaticamente solicita\u00e7\u00f5es maliciosas. Estes cookies melhoram o desempenho e a seguran\u00e7a do site<\/td>\n<td>Expira em mar\u00e7o de 2025<\/td>\n<\/tr>\n<tr>\n<td>An\u00e1lise<\/td>\n<td>_ga<\/td>\n<td>Este cookie \u00e9 definido pelo Google Analytics para calcular dados de visitantes, sess\u00f5es e campanhas e para rastrear o uso do site para o relat\u00f3rio anal\u00edtico do site. O cookie armazena informa\u00e7\u00f5es anonimamente e atribui um n\u00famero gerado aleatoriamente para reconhecer visitantes \u00fanicos<\/td>\n<td>Expira em mar\u00e7o de 2025<\/td>\n<\/tr>\n<\/tbody>\n<\/table>\n<p><!-- Fin Tabla Cookies 2 --><\/p>\n<p>&nbsp;<\/p>\n<h4>Gest\u00e3o e desactiva\u00e7\u00e3o ou elimina\u00e7\u00e3o de cookies:<\/h4>\n<p>Excepto para os cookies necess\u00e1rios, a qualquer momento poder\u00e1 exercer o seu direito de desactivar ou apagar os cookies instalados no seu computador ou dispositivo, configurando as op\u00e7\u00f5es do navegador que utiliza.<\/p>\n<p>Dependendo do browser que estiver a utilizar, a forma como pode apagar, desactivar ou bloquear cookies ir\u00e1 variar. A este respeito, pode consultar os seguintes links para os principais navegadores, onde poder\u00e1 encontrar mais informa\u00e7\u00f5es:<\/p>\n<ul>\n<li><b>Internet Explorer<\/b>: Ferramentas -> Op\u00e7\u00f5es da Internet -> Privacidade -> Defini\u00e7\u00f5es.<\/li>\n<\/ul>\n<p>Para mais informa\u00e7\u00f5es, pode consultar <a href=\"http:\/\/windows.microsoft.com\/es-ES\/windows\/support\">suporte da Microsoft<\/a> ou a Ajuda do browser. <a href=\"http:\/\/windows.microsoft.com\/es-es\/internet-explorer\/delete-manage-cookies#ie=ie-11\"><i>http:\/\/windows.microsoft.com\/es-es\/internet-explorer\/delete-manage-cookies#ie=ie-11<\/i><\/a><\/p>\n<ul>\n<li><b>Firefox<\/b>: Ferramentas -> Op\u00e7\u00f5es -> Privacidade -> Hist\u00f3rico -> Configura\u00e7\u00f5es personalizadas.<\/li>\n<\/ul>\n<p>Para mais informa\u00e7\u00f5es, pode consultar <a href=\"http:\/\/support.mozilla.org\/es\/home\">suporte do Mozilla<\/a> ou a Ajuda do browser.<a href=\"https:\/\/support.mozilla.org\/es\/kb\/habilitar-y-deshabilitar-cookies-sitios-web-rastrear-preferencias?redirectlocale=es&amp;redirectslug=habilitar-y-deshabilitar-cookies-que-los-sitios-we\"><i>https:\/\/support.mozilla.org\/es\/kb\/habilitar-y-deshabilitar-cookies-sitios-web-rastrear-preferencias?redirectlocale=es&amp;redirectslug=habilitar-y-deshabilitar-cookies-que-los-sitios-we<\/i><\/a><\/p>\n<ul>\n<li><b>Chrome<\/b>: Defini\u00e7\u00f5es -> Mostrar op\u00e7\u00f5es avan\u00e7adas -> Privacidade -> Defini\u00e7\u00f5es de conte\u00fado<\/li>\n<\/ul>\n<p>Para mais informa\u00e7\u00f5es, pode consultar <a href=\"http:\/\/support.google.com\/chrome\/?hl=es\">Suporte do Google<\/a> ou a Ajuda do browser. <a href=\"https:\/\/support.google.com\/chrome\/answer\/95647?hl=es&amp;ref_topic=3434352\"><i>Https:\/\/support.google.com\/chrome\/answer\/95647?hl=es&amp;ref_topic=3434352<\/i><\/a><\/p>\n<ul>\n<li><b>Safari<\/b>: Prefer\u00eancias -> Seguran\u00e7a.<\/li>\n<\/ul>\n<p>&nbsp;<\/p>\n<h4>Perguntas e mais informa\u00e7\u00f5es sobre cookies:<\/h4>\n<p>Se tiver alguma d\u00favida sobre esta Pol\u00edtica de Cookie, por favor contacte privacidad@sermicro.com<\/p>\n<p>E se desejar obter mais informa\u00e7\u00f5es sobre cookies, pode consultar o Guia sobre a utiliza\u00e7\u00e3o de cookies da Ag\u00eancia Espanhola de Protec\u00e7\u00e3o de Dados (AEPD), elaborado por com v\u00e1rias associa\u00e7\u00f5es industriais, e que est\u00e1 dispon\u00edvel <a href=\"https:\/\/www.aepd.es\/es\">aqu\u00ed<\/a>.<\/p>\n<p>&nbsp;<\/p>\n<h4>Actualiza\u00e7\u00e3o da Pol\u00edtica de Cookies:<\/h4>\n<p>Data de vig\u00eancia: 05\/02\/2024<br \/>\n\u00daltima atualiza\u00e7\u00e3o: 02-05-2024<\/p>\n<p>&nbsp;<\/p>\n<h4>Altera\u00e7\u00e3o de configura\u00e7\u00e3o:<\/h4>\n<p>Pode mudar de ideias sobre a gest\u00e3o de cookies, regressando \u00e0s suas\u00a0<a id=\"configurar-cookies\" href=\"#\">defini\u00e7\u00f5es<\/a>.<br \/>\n<\/p>","protected":false},"excerpt":{"rendered":"<p>Pol\u00edtica de Cookies O Grupo Sermicro, propriet\u00e1rio do https:\/\/gruposermicro.com, utiliza cookies e cookies de terceiros para analisar a navega\u00e7\u00e3o e o tr\u00e1fego gerado para fins estat\u00edsticos, mostrar a localiza\u00e7\u00e3o dos nossos escrit\u00f3rios, bem como recolher os seus dados de contacto. O que \u00e9 um cookie? Um cookie \u00e9 um pequeno ficheiro que \u00e9 descarregado para [&hellip;]<\/p>\n","protected":false},"author":6,"featured_media":0,"parent":0,"menu_order":0,"comment_status":"closed","ping_status":"closed","template":"","meta":{"inline_featured_image":false,"footnotes":""},"categories":[],"class_list":["post-86","page","type-page","status-publish","hentry"],"acf":[],"yoast_head":"<!-- This site is optimized with the Yoast SEO plugin v24.5 - https:\/\/yoast.com\/wordpress\/plugins\/seo\/ -->\n<title>Pol\u00edtica de Biscoitos - Grupo Sermicro<\/title>\n<meta name=\"robots\" content=\"index, follow, max-snippet:-1, max-image-preview:large, max-video-preview:-1\" \/>\n<link rel=\"canonical\" href=\"https:\/\/gruposermicro.com\/politica-de-cookies\/\" \/>\n<meta property=\"og:locale\" content=\"pt_PT\" \/>\n<meta property=\"og:type\" content=\"article\" \/>\n<meta property=\"og:title\" content=\"[:es]Pol\u00edtica de Cookies[:en]Cookie Policy[:pt]Pol\u00edtica de Biscoitos[:] - Grupo Sermicro\" \/>\n<meta property=\"og:description\" content=\"Pol\u00edtica de Cookies O Grupo Sermicro, propriet\u00e1rio do https:\/\/gruposermicro.com, utiliza cookies e cookies de terceiros para analisar a navega\u00e7\u00e3o e o tr\u00e1fego gerado para fins estat\u00edsticos, mostrar a localiza\u00e7\u00e3o dos nossos escrit\u00f3rios, bem como recolher os seus dados de contacto. O que \u00e9 um cookie? Um cookie \u00e9 um pequeno ficheiro que \u00e9 descarregado para [&hellip;]\" \/>\n<meta property=\"og:url\" content=\"https:\/\/gruposermicro.com\/politica-de-cookies\/\" \/>\n<meta property=\"og:site_name\" content=\"Grupo Sermicro\" \/>\n<meta property=\"article:modified_time\" content=\"2024-03-07T14:19:19+00:00\" \/>\n<meta name=\"twitter:card\" content=\"summary_large_image\" \/>\n<meta name=\"twitter:label1\" content=\"Tempo estimado de leitura\" \/>\n\t<meta name=\"twitter:data1\" content=\"16 minutos\" \/>\n<script type=\"application\/ld+json\" class=\"yoast-schema-graph\">{\"@context\":\"https:\/\/schema.org\",\"@graph\":[{\"@type\":\"WebPage\",\"@id\":\"https:\/\/gruposermicro.com\/politica-de-cookies\/\",\"url\":\"https:\/\/gruposermicro.com\/politica-de-cookies\/\",\"name\":\"[:es]Pol\u00edtica de Cookies[:en]Cookie Policy[:pt]Pol\u00edtica de Biscoitos[:] - Grupo Sermicro\",\"isPartOf\":{\"@id\":\"https:\/\/gruposermicro.com\/#website\"},\"datePublished\":\"2018-04-20T13:12:45+00:00\",\"dateModified\":\"2024-03-07T14:19:19+00:00\",\"breadcrumb\":{\"@id\":\"https:\/\/gruposermicro.com\/politica-de-cookies\/#breadcrumb\"},\"inLanguage\":\"pt-PT\",\"potentialAction\":[{\"@type\":\"ReadAction\",\"target\":[\"https:\/\/gruposermicro.com\/politica-de-cookies\/\"]}]},{\"@type\":\"BreadcrumbList\",\"@id\":\"https:\/\/gruposermicro.com\/politica-de-cookies\/#breadcrumb\",\"itemListElement\":[{\"@type\":\"ListItem\",\"position\":1,\"name\":\"Home\",\"item\":\"https:\/\/gruposermicro.com\/\"},{\"@type\":\"ListItem\",\"position\":2,\"name\":\"Pol\u00edtica de Cookies\"}]},{\"@type\":\"WebSite\",\"@id\":\"https:\/\/gruposermicro.com\/#website\",\"url\":\"https:\/\/gruposermicro.com\/\",\"name\":\"Grupo Sermicro\",\"description\":\"El Grupo Sermicro es una empresa integradora de referencia en Soluciones y Servicios en el \u00e1mbito de las Tecnolog\u00edas de la Informaci\u00f3n y las Comunicaciones (TIC)\",\"publisher\":{\"@id\":\"https:\/\/gruposermicro.com\/#organization\"},\"potentialAction\":[{\"@type\":\"SearchAction\",\"target\":{\"@type\":\"EntryPoint\",\"urlTemplate\":\"https:\/\/gruposermicro.com\/?s={search_term_string}\"},\"query-input\":{\"@type\":\"PropertyValueSpecification\",\"valueRequired\":true,\"valueName\":\"search_term_string\"}}],\"inLanguage\":\"pt-PT\"},{\"@type\":\"Organization\",\"@id\":\"https:\/\/gruposermicro.com\/#organization\",\"name\":\"Grupo Sermicro\",\"url\":\"https:\/\/gruposermicro.com\/\",\"logo\":{\"@type\":\"ImageObject\",\"inLanguage\":\"pt-PT\",\"@id\":\"https:\/\/gruposermicro.com\/#\/schema\/logo\/image\/\",\"url\":\"https:\/\/gruposermicro.com\/wp-content\/uploads\/2018\/05\/LogoGrupoSermicro.png\",\"contentUrl\":\"https:\/\/gruposermicro.com\/wp-content\/uploads\/2018\/05\/LogoGrupoSermicro.png\",\"width\":450,\"height\":154,\"caption\":\"Grupo Sermicro\"},\"image\":{\"@id\":\"https:\/\/gruposermicro.com\/#\/schema\/logo\/image\/\"},\"sameAs\":[\"https:\/\/www.linkedin.com\/company\/sermicro\/\"]}]}<\/script>\n<!-- \/ Yoast SEO plugin. -->","yoast_head_json":{"title":"[:es]Pol\u00edtica de Cookies[:en]Cookie Policy[:pt]Pol\u00edtica de Biscoitos[:] - Grupo Sermicro","robots":{"index":"index","follow":"follow","max-snippet":"max-snippet:-1","max-image-preview":"max-image-preview:large","max-video-preview":"max-video-preview:-1"},"canonical":"https:\/\/gruposermicro.com\/politica-de-cookies\/","og_locale":"pt_PT","og_type":"article","og_title":"[:es]Pol\u00edtica de Cookies[:en]Cookie Policy[:pt]Pol\u00edtica de Biscoitos[:] - Grupo Sermicro","og_description":"Pol\u00edtica de Cookies O Grupo Sermicro, propriet\u00e1rio do https:\/\/gruposermicro.com, utiliza cookies e cookies de terceiros para analisar a navega\u00e7\u00e3o e o tr\u00e1fego gerado para fins estat\u00edsticos, mostrar a localiza\u00e7\u00e3o dos nossos escrit\u00f3rios, bem como recolher os seus dados de contacto. O que \u00e9 um cookie? Um cookie \u00e9 um pequeno ficheiro que \u00e9 descarregado para [&hellip;]","og_url":"https:\/\/gruposermicro.com\/politica-de-cookies\/","og_site_name":"Grupo Sermicro","article_modified_time":"2024-03-07T14:19:19+00:00","twitter_card":"summary_large_image","twitter_misc":{"Tempo estimado de leitura":"16 minutos"},"schema":{"@context":"https:\/\/schema.org","@graph":[{"@type":"WebPage","@id":"https:\/\/gruposermicro.com\/politica-de-cookies\/","url":"https:\/\/gruposermicro.com\/politica-de-cookies\/","name":"[:es]Pol\u00edtica de Cookies[:en]Cookie Policy[:pt]Pol\u00edtica de Biscoitos[:] - Grupo Sermicro","isPartOf":{"@id":"https:\/\/gruposermicro.com\/#website"},"datePublished":"2018-04-20T13:12:45+00:00","dateModified":"2024-03-07T14:19:19+00:00","breadcrumb":{"@id":"https:\/\/gruposermicro.com\/politica-de-cookies\/#breadcrumb"},"inLanguage":"pt-PT","potentialAction":[{"@type":"ReadAction","target":["https:\/\/gruposermicro.com\/politica-de-cookies\/"]}]},{"@type":"BreadcrumbList","@id":"https:\/\/gruposermicro.com\/politica-de-cookies\/#breadcrumb","itemListElement":[{"@type":"ListItem","position":1,"name":"Home","item":"https:\/\/gruposermicro.com\/"},{"@type":"ListItem","position":2,"name":"Pol\u00edtica de Cookies"}]},{"@type":"WebSite","@id":"https:\/\/gruposermicro.com\/#website","url":"https:\/\/gruposermicro.com\/","name":"Grupo Sermicro","description":"El Grupo Sermicro es una empresa integradora de referencia en Soluciones y Servicios en el \u00e1mbito de las Tecnolog\u00edas de la Informaci\u00f3n y las Comunicaciones (TIC)","publisher":{"@id":"https:\/\/gruposermicro.com\/#organization"},"potentialAction":[{"@type":"SearchAction","target":{"@type":"EntryPoint","urlTemplate":"https:\/\/gruposermicro.com\/?s={search_term_string}"},"query-input":{"@type":"PropertyValueSpecification","valueRequired":true,"valueName":"search_term_string"}}],"inLanguage":"pt-PT"},{"@type":"Organization","@id":"https:\/\/gruposermicro.com\/#organization","name":"Grupo Sermicro","url":"https:\/\/gruposermicro.com\/","logo":{"@type":"ImageObject","inLanguage":"pt-PT","@id":"https:\/\/gruposermicro.com\/#\/schema\/logo\/image\/","url":"https:\/\/gruposermicro.com\/wp-content\/uploads\/2018\/05\/LogoGrupoSermicro.png","contentUrl":"https:\/\/gruposermicro.com\/wp-content\/uploads\/2018\/05\/LogoGrupoSermicro.png","width":450,"height":154,"caption":"Grupo Sermicro"},"image":{"@id":"https:\/\/gruposermicro.com\/#\/schema\/logo\/image\/"},"sameAs":["https:\/\/www.linkedin.com\/company\/sermicro\/"]}]}},"_links":{"self":[{"href":"https:\/\/gruposermicro.com\/pt\/wp-json\/wp\/v2\/pages\/86","targetHints":{"allow":["GET"]}}],"collection":[{"href":"https:\/\/gruposermicro.com\/pt\/wp-json\/wp\/v2\/pages"}],"about":[{"href":"https:\/\/gruposermicro.com\/pt\/wp-json\/wp\/v2\/types\/page"}],"author":[{"embeddable":true,"href":"https:\/\/gruposermicro.com\/pt\/wp-json\/wp\/v2\/users\/6"}],"replies":[{"embeddable":true,"href":"https:\/\/gruposermicro.com\/pt\/wp-json\/wp\/v2\/comments?post=86"}],"version-history":[{"count":66,"href":"https:\/\/gruposermicro.com\/pt\/wp-json\/wp\/v2\/pages\/86\/revisions"}],"predecessor-version":[{"id":4270,"href":"https:\/\/gruposermicro.com\/pt\/wp-json\/wp\/v2\/pages\/86\/revisions\/4270"}],"wp:attachment":[{"href":"https:\/\/gruposermicro.com\/pt\/wp-json\/wp\/v2\/media?parent=86"}],"wp:term":[{"taxonomy":"category","embeddable":true,"href":"https:\/\/gruposermicro.com\/pt\/wp-json\/wp\/v2\/categories?post=86"}],"curies":[{"name":"wp","href":"https:\/\/api.w.org\/{rel}","templated":true}]}}